{"id":61920,"date":"2024-11-01T17:36:29","date_gmt":"2024-11-01T10:36:29","guid":{"rendered":"https:\/\/mouldking.store\/shop\/moc-factory-89058-chucky-and-tiffany-bride-with-816-pieces\/"},"modified":"2025-12-16T20:58:55","modified_gmt":"2025-12-16T13:58:55","slug":"moc-factory-89058-chucky-and-tiffany-bride-with-816-pieces","status":"publish","type":"product","link":"https:\/\/mouldking.store\/fr\/shop\/moc-factory-89058-chucky-and-tiffany-bride-with-816-pieces\/","title":{"rendered":"MOC Factory 89058 Chucky and Tiffany Bride with 816 Pieces"},"content":{"rendered":"<div>&nbsp; \u2705 MOC-89058 Chucky and Tiffany Bride<\/p>\n<p>\u2705 <strong>Chucky and Tiffany<\/strong> are iconic horror characters from the <em>Child\u2019s Play<\/em> film series, particularly featured together in the 1998 movie <strong>Bride of Chucky<\/strong>. Chucky, originally known as Charles Lee Ray, is a notorious serial killer whose soul is trapped in a Good Guy doll, giving him the appearance of a children\u2019s toy with a sinister, murderous personality. Tiffany Valentine, his equally twisted and passionate partner, shares Chucky\u2019s love for chaos and violence, bringing a darkly romantic element to the franchise.<\/p>\n<p>\ud83d\udeabIMPORTANT !<\/p>\n<p>Product Name:&nbsp; Chucky and Tiffany Bride<\/p>\n<p>Cat\u00e9gorie : Film<\/p>\n<p>This Kit Contains:&nbsp; C10148<\/p>\n<p>816 pcs Good Quality Bricks<\/p>\n<p>Size:&nbsp; 7.9 x 12.5 x 17 cm<\/p>\n<p>Poids\u00a0: 0,42\u00a0kg<\/p>\n<p>Instructions PDF<\/p>\n<p>\ud83d\udcccNature du protagoniste<\/p>\n<p>Introducing our proud collection named \u201c Chucky and Tiffany Bride \u201d you should not miss.<\/p>\n<p>&nbsp; In <strong>Bride of Chucky<\/strong>, Tiffany revives Chucky by performing a voodoo ritual, but things take a twist when Chucky, after an argument, kills Tiffany and transfers her soul into a bridal doll. This transformation makes them a deadly duo as they embark on a mission filled with mayhem, humor, and horror. Tiffany is characterized by her distinct look: platinum blonde hair, a leather jacket, heavy makeup, and a wedding dress. Together, they present a unique blend of horror and dark comedy, balancing gruesome acts with moments of twisted affection.&nbsp;<\/div>","protected":false},"excerpt":{"rendered":"<p>Marque : MOC Factory<br \/>\nGenre: Unisexe<br \/>\nTranche d&#039;\u00e2ge : &gt; 6 ans<br \/>\nModel Number: 89058<br \/>\nClassement : Assemblage<br \/>\nForme de bloc en plastique\u00a0: briques autobloquantes<br \/>\nMat\u00e9riel: Plastique<br \/>\nType de plastique : ABS<br \/>\nBricks Blocks: 816 +<br \/>\nPas de boite d&#039;origine<br \/>\nLe produit n&#039;inclut pas l&#039;autocollant et les pi\u00e8ces imprim\u00e9es. Toutes les pi\u00e8ces imprim\u00e9es seront remplac\u00e9es par des pi\u00e8ces standard et ne seront pas livr\u00e9es avec des accessoires tiers.<\/p>","protected":false},"featured_media":61919,"comment_status":"open","ping_status":"closed","template":"","meta":{"_acf_changed":false},"product_cat":[1365,371,581,1408],"product_tag":[11114,12373,11072,8452,434,13690],"class_list":["product","first","instock","shipping-taxable","purchasable","product-type-simple"],"acf":[],"_links":{"self":[{"href":"https:\/\/mouldking.store\/fr\/wp-json\/wp\/v2\/product\/61920","targetHints":{"allow":["GET"]}}],"collection":[{"href":"https:\/\/mouldking.store\/fr\/wp-json\/wp\/v2\/product"}],"about":[{"href":"https:\/\/mouldking.store\/fr\/wp-json\/wp\/v2\/types\/product"}],"replies":[{"embeddable":true,"href":"https:\/\/mouldking.store\/fr\/wp-json\/wp\/v2\/comments?post=61920"}],"wp:featuredmedia":[{"embeddable":true,"href":"https:\/\/mouldking.store\/fr\/wp-json\/wp\/v2\/media\/61919"}],"wp:attachment":[{"href":"https:\/\/mouldking.store\/fr\/wp-json\/wp\/v2\/media?parent=61920"}],"wp:term":[{"taxonomy":"product_cat","embeddable":true,"href":"https:\/\/mouldking.store\/fr\/wp-json\/wp\/v2\/product_cat?post=61920"},{"taxonomy":"product_tag","embeddable":true,"href":"https:\/\/mouldking.store\/fr\/wp-json\/wp\/v2\/product_tag?post=61920"}],"curies":[{"name":"wp","href":"https:\/\/api.w.org\/{rel}","templated":true}]}}