{"id":61924,"date":"2024-11-01T17:36:32","date_gmt":"2024-11-01T10:36:32","guid":{"rendered":"https:\/\/mouldking.store\/shop\/moc-factory-89059-avatar-the-last-airbender-momo-with-400-pieces\/"},"modified":"2025-12-16T20:58:55","modified_gmt":"2025-12-16T13:58:55","slug":"moc-factory-89059-avatar-the-last-airbender-momo-with-400-pieces","status":"publish","type":"product","link":"https:\/\/mouldking.store\/fr\/shop\/moc-factory-89059-avatar-the-last-airbender-momo-with-400-pieces\/","title":{"rendered":"MOC Factory 89059 Avatar The Last Airbender MOMO with 400 Pieces"},"content":{"rendered":"<div>&nbsp; \u2705 MOC-89059 Avatar The Last Airbender MOMO<\/p>\n<p>\u2705 <strong>Momo<\/strong> is a beloved creature companion in the animated series <strong>Avatar: The Last Airbender<\/strong>. Discovered by Aang and his friends early in their journey, Momo is a <strong>flying lemur<\/strong>, also called a winged lemur, an exotic species native to the Southern Air Temple. Momo becomes an integral part of Team Avatar, accompanying Aang, Katara, Sokka, and later Toph on their travels across the world as they seek to restore peace and balance.&nbsp;<\/p>\n<p>\ud83d\udeabIMPORTANT !<\/p>\n<p>Product Name:&nbsp; Avatar The Last Airbender MOMO&nbsp;<\/p>\n<p>Cat\u00e9gorie : Film<\/p>\n<p>This Kit Contains:&nbsp; C10141&nbsp;<\/p>\n<p>400 pcs Good Quality Bricks<\/p>\n<p>Size:&nbsp; 22.2 x 16.4 x 23.4 cm&nbsp;<\/p>\n<p>Instructions PDF<\/p>\n<p>\ud83d\udcccNature du protagoniste<\/p>\n<p>Introducing our proud collection named \u201c Avatar The Last Airbender MOMO \u201d you should not miss.<\/p>\n<p>&nbsp; Momo\u2019s appearance is distinct, with large, expressive green eyes, big ears, and a bushy tail, giving him a mix of endearing and slightly mischievous features. He can glide through the air with the help of his wing-like appendages, adding a playful and agile quality to his character. Momo frequently brings humor to the group, often seen chasing after food, getting into amusing situations, and occasionally helping the team in unexpected ways. His curious and mischievous personality provides a lighthearted contrast to the series&#8217; more intense moments.&nbsp;<\/p><\/div>","protected":false},"excerpt":{"rendered":"<p>Marque : MOC Factory<br \/>\nGenre: Unisexe<br \/>\nTranche d&#039;\u00e2ge : &gt; 6 ans<br \/>\nModel Number: 89059<br \/>\nClassement : Assemblage<br \/>\nForme de bloc en plastique\u00a0: briques autobloquantes<br \/>\nMat\u00e9riel: Plastique<br \/>\nType de plastique : ABS<br \/>\nBricks Blocks: 400 +<br \/>\nPas de boite d&#039;origine<br \/>\nLe produit n&#039;inclut pas l&#039;autocollant et les pi\u00e8ces imprim\u00e9es. Toutes les pi\u00e8ces imprim\u00e9es seront remplac\u00e9es par des pi\u00e8ces standard et ne seront pas livr\u00e9es avec des accessoires tiers.<\/p>","protected":false},"featured_media":61923,"comment_status":"open","ping_status":"closed","template":"","meta":{"_acf_changed":false},"product_cat":[1365,371,581,1408],"product_tag":[13316,2913,11072,11775,8452,3504,434],"class_list":["product","first","instock","shipping-taxable","purchasable","product-type-simple"],"acf":[],"_links":{"self":[{"href":"https:\/\/mouldking.store\/fr\/wp-json\/wp\/v2\/product\/61924","targetHints":{"allow":["GET"]}}],"collection":[{"href":"https:\/\/mouldking.store\/fr\/wp-json\/wp\/v2\/product"}],"about":[{"href":"https:\/\/mouldking.store\/fr\/wp-json\/wp\/v2\/types\/product"}],"replies":[{"embeddable":true,"href":"https:\/\/mouldking.store\/fr\/wp-json\/wp\/v2\/comments?post=61924"}],"wp:featuredmedia":[{"embeddable":true,"href":"https:\/\/mouldking.store\/fr\/wp-json\/wp\/v2\/media\/61923"}],"wp:attachment":[{"href":"https:\/\/mouldking.store\/fr\/wp-json\/wp\/v2\/media?parent=61924"}],"wp:term":[{"taxonomy":"product_cat","embeddable":true,"href":"https:\/\/mouldking.store\/fr\/wp-json\/wp\/v2\/product_cat?post=61924"},{"taxonomy":"product_tag","embeddable":true,"href":"https:\/\/mouldking.store\/fr\/wp-json\/wp\/v2\/product_tag?post=61924"}],"curies":[{"name":"wp","href":"https:\/\/api.w.org\/{rel}","templated":true}]}}