{"id":61952,"date":"2024-11-01T17:37:22","date_gmt":"2024-11-01T10:37:22","guid":{"rendered":"https:\/\/mouldking.store\/shop\/moc-factory-89056-mecha-hermit-crab-with-898-pieces\/"},"modified":"2025-12-16T20:58:55","modified_gmt":"2025-12-16T13:58:55","slug":"moc-factory-89056-mecha-hermit-crab-with-898-pieces","status":"publish","type":"product","link":"https:\/\/mouldking.store\/fr\/shop\/moc-factory-89056-mecha-hermit-crab-with-898-pieces\/","title":{"rendered":"MOC Factory 89056 Mecha Hermit Crab with 898 Pieces"},"content":{"rendered":"<div>&nbsp; \u2705 MOC-89056 Mecha Hermit Crab<\/p>\n<p>\u2705 A <strong>Mecha Hermit Crab<\/strong> is a fascinating concept that combines the natural traits of a hermit crab with the aesthetic and functionality of a mechanized, robotic creature. Imagining this creature involves envisioning the adaptable and resilient qualities of a hermit crab\u2014known for using abandoned shells or objects for protection\u2014augmented by advanced technology and robotics.<\/p>\n<p>\ud83d\udeabIMPORTANT !<\/p>\n<p>Name:&nbsp; Mecha Hermit Crab<\/p>\n<p>Cat\u00e9gorie : Film<\/p>\n<p>This Kit Contains:&nbsp; C10171<\/p>\n<p>898&nbsp; pcs Good Quality Bricks<\/p>\n<p>Size:&nbsp; 23 x 20 x 20 cm<\/p>\n<p>Weight: 0.41 kg<\/p>\n<p>Instructions PDF<\/p>\n<p>\ud83d\udcccNature du protagoniste<\/p>\n<p>Introducing our proud collection named \u201c Mecha Hermit Crab \u201d you should not miss.<\/p>\n<p>&nbsp; The <strong>Mecha Hermit Crab<\/strong> could have a metallic exoskeleton with articulated legs and a high degree of mobility, allowing it to traverse diverse terrains with ease. Instead of a traditional shell, this robotic version might carry a fortified metal structure on its back, perhaps resembling a mechanical bunker or pod, equipped with various attachments or compartments. In a sci-fi or futuristic setting, this shell could serve different functions, such as storing energy, housing weaponry, or even allowing the Mecha Hermit Crab to detach and swap &#8220;shells&#8221; for different tasks\u2014like a mobile, customizable workstation.&nbsp;<\/div>","protected":false},"excerpt":{"rendered":"<p>Marque : MOC Factory<br \/>\nGenre: Unisexe<br \/>\nTranche d&#039;\u00e2ge : &gt; 6 ans<br \/>\nModel Number: 89056<br \/>\nClassement : Assemblage<br \/>\nForme de bloc en plastique\u00a0: briques autobloquantes<br \/>\nMat\u00e9riel: Plastique<br \/>\nType de plastique : ABS<br \/>\nBricks Blocks: 898 +<br \/>\nPas de boite d&#039;origine<br \/>\nLe produit n&#039;inclut pas l&#039;autocollant et les pi\u00e8ces imprim\u00e9es. Toutes les pi\u00e8ces imprim\u00e9es seront remplac\u00e9es par des pi\u00e8ces standard et ne seront pas livr\u00e9es avec des accessoires tiers.<\/p>","protected":false},"featured_media":61951,"comment_status":"open","ping_status":"closed","template":"","meta":{"_acf_changed":false},"product_cat":[1365,371,581,1408],"product_tag":[6825,11072,11775,8452,13697,9302,434],"class_list":["product","first","instock","shipping-taxable","purchasable","product-type-simple"],"acf":[],"_links":{"self":[{"href":"https:\/\/mouldking.store\/fr\/wp-json\/wp\/v2\/product\/61952","targetHints":{"allow":["GET"]}}],"collection":[{"href":"https:\/\/mouldking.store\/fr\/wp-json\/wp\/v2\/product"}],"about":[{"href":"https:\/\/mouldking.store\/fr\/wp-json\/wp\/v2\/types\/product"}],"replies":[{"embeddable":true,"href":"https:\/\/mouldking.store\/fr\/wp-json\/wp\/v2\/comments?post=61952"}],"wp:featuredmedia":[{"embeddable":true,"href":"https:\/\/mouldking.store\/fr\/wp-json\/wp\/v2\/media\/61951"}],"wp:attachment":[{"href":"https:\/\/mouldking.store\/fr\/wp-json\/wp\/v2\/media?parent=61952"}],"wp:term":[{"taxonomy":"product_cat","embeddable":true,"href":"https:\/\/mouldking.store\/fr\/wp-json\/wp\/v2\/product_cat?post=61952"},{"taxonomy":"product_tag","embeddable":true,"href":"https:\/\/mouldking.store\/fr\/wp-json\/wp\/v2\/product_tag?post=61952"}],"curies":[{"name":"wp","href":"https:\/\/api.w.org\/{rel}","templated":true}]}}