{"id":61974,"date":"2024-11-01T17:38:26","date_gmt":"2024-11-01T10:38:26","guid":{"rendered":"https:\/\/mouldking.store\/shop\/moc-factory-182553-dune-ornithopter-display-stand-with-374-pieces\/"},"modified":"2025-12-16T20:58:55","modified_gmt":"2025-12-16T13:58:55","slug":"moc-factory-182553-dune-ornithopter-display-stand-with-374-pieces","status":"publish","type":"product","link":"https:\/\/mouldking.store\/fr\/shop\/moc-factory-182553-dune-ornithopter-display-stand-with-374-pieces\/","title":{"rendered":"Pr\u00e9sentoir d&#039;ornithopt\u00e8res des dunes MOC Factory 182553 avec 374 pi\u00e8ces"},"content":{"rendered":"<div>&nbsp; \u2705 MOC-182553 Dune Ornithopter Display Stand<\/p>\n<p>\u2705 A <strong>Dune Ornithopter Display Stand<\/strong> is designed to showcase the iconic <strong>Ornithopter<\/strong> from <em>Dune<\/em>, Frank Herbert&#8217;s legendary sci-fi series recently brought to life in Denis Villeneuve&#8217;s film adaptation. Ornithopters, or &#8220;thopters,&#8221; are aircraft used on the desert planet Arrakis, characterized by their unique insect-like wings that flap for lift and maneuverability, much like dragonflies.&nbsp;<\/p>\n<p>\ud83d\udeabIMPORTANT !<\/p>\n<p>Product Name:&nbsp; Dune Ornithopter Display Stand&nbsp;<\/p>\n<p>Cat\u00e9gorie : Film<\/p>\n<p>This Kit Contains:&nbsp; C10179&nbsp;<\/p>\n<p>374 pcs Good Quality Bricks<\/p>\n<p>Size:&nbsp; 29 x 15 x 8 cm&nbsp;<\/p>\n<p>Weight: 0.55 kg&nbsp;<\/p>\n<p>Instructions PDF<\/p>\n<p>\ud83d\udcccNature du protagoniste<\/p>\n<p>Introducing our proud collection named \u201c Dune Ornithopter Display Stand \u201d you should not miss.<\/p>\n<p>&nbsp; A display stand for a Dune Ornithopter would ideally reflect both the rugged, functional aesthetic of the thopter and the expansive, harsh environment of Arrakis. The base could be textured to resemble the desert sands, with subtle, natural-looking details like ripples and dunes, capturing the essence of the planet&#8217;s landscape. The stand could also feature a sleek, metallic arm or frame that securely holds the model in mid-air, giving the impression of flight and allowing viewers to admire the thopter\u2019s intricate wing structure and angular, aerodynamic design.&nbsp;<\/p><\/div>","protected":false},"excerpt":{"rendered":"<p>Marque : MOC Factory<br \/>\nGenre: Unisexe<br \/>\nTranche d&#039;\u00e2ge : &gt; 6 ans<br \/>\nModel Number: 182553<br \/>\nClassement : Assemblage<br \/>\nForme de bloc en plastique\u00a0: briques autobloquantes<br \/>\nMat\u00e9riel: Plastique<br \/>\nType de plastique : ABS<br \/>\nBricks Blocks: 374 +<br \/>\nPas de boite d&#039;origine<br \/>\nLe produit n&#039;inclut pas l&#039;autocollant et les pi\u00e8ces imprim\u00e9es. Toutes les pi\u00e8ces imprim\u00e9es seront remplac\u00e9es par des pi\u00e8ces standard et ne seront pas livr\u00e9es avec des accessoires tiers.<\/p>","protected":false},"featured_media":61973,"comment_status":"open","ping_status":"closed","template":"","meta":{"_acf_changed":false},"product_cat":[1357,581,364,1408],"product_tag":[10665,13705,13704,434,13653,9946,389],"class_list":["product","first","instock","shipping-taxable","purchasable","product-type-simple"],"acf":[],"_links":{"self":[{"href":"https:\/\/mouldking.store\/fr\/wp-json\/wp\/v2\/product\/61974","targetHints":{"allow":["GET"]}}],"collection":[{"href":"https:\/\/mouldking.store\/fr\/wp-json\/wp\/v2\/product"}],"about":[{"href":"https:\/\/mouldking.store\/fr\/wp-json\/wp\/v2\/types\/product"}],"replies":[{"embeddable":true,"href":"https:\/\/mouldking.store\/fr\/wp-json\/wp\/v2\/comments?post=61974"}],"wp:featuredmedia":[{"embeddable":true,"href":"https:\/\/mouldking.store\/fr\/wp-json\/wp\/v2\/media\/61973"}],"wp:attachment":[{"href":"https:\/\/mouldking.store\/fr\/wp-json\/wp\/v2\/media?parent=61974"}],"wp:term":[{"taxonomy":"product_cat","embeddable":true,"href":"https:\/\/mouldking.store\/fr\/wp-json\/wp\/v2\/product_cat?post=61974"},{"taxonomy":"product_tag","embeddable":true,"href":"https:\/\/mouldking.store\/fr\/wp-json\/wp\/v2\/product_tag?post=61974"}],"curies":[{"name":"wp","href":"https:\/\/api.w.org\/{rel}","templated":true}]}}