{"id":62129,"date":"2024-11-11T16:36:50","date_gmt":"2024-11-11T09:36:50","guid":{"rendered":"https:\/\/mouldking.store\/shop\/moc-factory-89046-battletech-urbanmech-with-888-pieces\/"},"modified":"2025-12-16T20:58:54","modified_gmt":"2025-12-16T13:58:54","slug":"moc-factory-89046-battletech-urbanmech-with-888-pieces","status":"publish","type":"product","link":"https:\/\/mouldking.store\/fr\/shop\/moc-factory-89046-battletech-urbanmech-with-888-pieces\/","title":{"rendered":"MOC Factory 89046 BattleTech UrbanMech with 888 Pieces"},"content":{"rendered":"<div>&nbsp; \u2705 MOC-89046 BattleTech UrbanMech<\/p>\n<p>\u2705 The <strong>UrbanMech<\/strong> is a type of BattleMech (or <em>M\u00e9ca<\/em>) from the <em>BattleTech<\/em> universe, a popular tabletop wargame and science fiction franchise set in the future, where powerful, humanoid robots are used in warfare.<\/p>\n<p>\ud83d\udeabIMPORTANT !<\/p>\n<p>Product Name:&nbsp; BattleTech UrbanMech<\/p>\n<p>Category: Game<\/p>\n<p>This Kit Contains:&nbsp; C10092<\/p>\n<p>888 pcs Good Quality Bricks<\/p>\n<p>Size:&nbsp; 18.2 x 15 x 26 cm<\/p>\n<p>Poids\u00a0: 0,69\u00a0kg<\/p>\n<p>Instructions PDF<\/p>\n<p>\ud83d\udcccNature du protagoniste<\/p>\n<p>Introducing our proud collection named \u201c BattleTech UrbanMech \u201d you should not miss.<\/p>\n<p>&nbsp; While the UrbanMech was initially not as glamorous or powerful as other <em>Mechs<\/em>, it has gained a kind of cult status among <em>BattleTech<\/em> fans for its durability and its role as the underdog. Despite being slower and more specialized, the UrbanMech is often seen as a reliable, tough fighter in urban warfare scenarios.&nbsp;<\/div>","protected":false},"excerpt":{"rendered":"<p>Marque : MOC Factory<br \/>\nGenre: Unisexe<br \/>\nTranche d&#039;\u00e2ge : &gt; 6 ans<br \/>\nModel Number: 89046<br \/>\nClassement : Assemblage<br \/>\nForme de bloc en plastique\u00a0: briques autobloquantes<br \/>\nMat\u00e9riel: Plastique<br \/>\nType de plastique : ABS<br \/>\nBricks Blocks: 888 +<br \/>\nPas de boite d&#039;origine<br \/>\nLe produit n&#039;inclut pas l&#039;autocollant et les pi\u00e8ces imprim\u00e9es. Toutes les pi\u00e8ces imprim\u00e9es seront remplac\u00e9es par des pi\u00e8ces standard et ne seront pas livr\u00e9es avec des accessoires tiers.<\/p>","protected":false},"featured_media":62128,"comment_status":"open","ping_status":"closed","template":"","meta":{"_acf_changed":false},"product_cat":[1365,371],"product_tag":[12488,11072,8452,11301,590,13321],"class_list":["product","first","instock","shipping-taxable","purchasable","product-type-simple"],"acf":[],"_links":{"self":[{"href":"https:\/\/mouldking.store\/fr\/wp-json\/wp\/v2\/product\/62129","targetHints":{"allow":["GET"]}}],"collection":[{"href":"https:\/\/mouldking.store\/fr\/wp-json\/wp\/v2\/product"}],"about":[{"href":"https:\/\/mouldking.store\/fr\/wp-json\/wp\/v2\/types\/product"}],"replies":[{"embeddable":true,"href":"https:\/\/mouldking.store\/fr\/wp-json\/wp\/v2\/comments?post=62129"}],"wp:featuredmedia":[{"embeddable":true,"href":"https:\/\/mouldking.store\/fr\/wp-json\/wp\/v2\/media\/62128"}],"wp:attachment":[{"href":"https:\/\/mouldking.store\/fr\/wp-json\/wp\/v2\/media?parent=62129"}],"wp:term":[{"taxonomy":"product_cat","embeddable":true,"href":"https:\/\/mouldking.store\/fr\/wp-json\/wp\/v2\/product_cat?post=62129"},{"taxonomy":"product_tag","embeddable":true,"href":"https:\/\/mouldking.store\/fr\/wp-json\/wp\/v2\/product_tag?post=62129"}],"curies":[{"name":"wp","href":"https:\/\/api.w.org\/{rel}","templated":true}]}}