{"id":62143,"date":"2024-11-11T16:37:53","date_gmt":"2024-11-11T09:37:53","guid":{"rendered":"https:\/\/mouldking.store\/shop\/moc-factory-89044-capybara-with-586-pieces\/"},"modified":"2025-12-16T20:58:54","modified_gmt":"2025-12-16T13:58:54","slug":"moc-factory-89044-capybara-with-586-pieces","status":"publish","type":"product","link":"https:\/\/mouldking.store\/fr\/shop\/moc-factory-89044-capybara-with-586-pieces\/","title":{"rendered":"MOC Factory 89044 Capybara with 586 Pieces"},"content":{"rendered":"<div>&nbsp; \u2705 MOC-89044 Capybara<\/p>\n<p>\u2705 The <strong>capybara<\/strong> (<em>Hydrochoerus hydrochaeris<\/em>) is the largest rodent in the world, native to South America. Known for their calm and social nature, capybaras are often found near water sources like rivers, lakes, and wetlands, as they are semi-aquatic creatures.&nbsp;<\/p>\n<p>\ud83d\udeabIMPORTANT !<\/p>\n<p>Product Name:&nbsp; Capybara&nbsp;<\/p>\n<p>Cat\u00e9gorie\u00a0: Cr\u00e9ateur<\/p>\n<p>This Kit Contains:&nbsp; C10167&nbsp;<\/p>\n<p>586 pcs Good Quality Bricks<\/p>\n<p>Size:&nbsp; 6.7 x 8.6 x 9.3 cm&nbsp;<\/p>\n<p>Poids\u00a0: 0,37\u00a0kg&nbsp;<\/p>\n<p>Instructions PDF<\/p>\n<p>\ud83d\udcccNature du protagoniste<\/p>\n<p>Introducing our proud collection named \u201c Capybara \u201d you should not miss.<\/p>\n<p>&nbsp; Capybaras&#8217; calm demeanor and social nature make them fascinating creatures, both in the wild and as pets in some parts of the world (though they require a lot of space and water to thrive in captivity).&nbsp;<\/p><\/div>","protected":false},"excerpt":{"rendered":"<p>Marque : MOC Factory<br \/>\nGenre: Unisexe<br \/>\nTranche d&#039;\u00e2ge : &gt; 6 ans<br \/>\nModel Number: 89044<br \/>\nClassement : Assemblage<br \/>\nForme de bloc en plastique\u00a0: briques autobloquantes<br \/>\nMat\u00e9riel: Plastique<br \/>\nType de plastique : ABS<br \/>\nBricks Blocks: 586 +<br \/>\nPas de boite d&#039;origine<br \/>\nLe produit n&#039;inclut pas l&#039;autocollant et les pi\u00e8ces imprim\u00e9es. Toutes les pi\u00e8ces imprim\u00e9es seront remplac\u00e9es par des pi\u00e8ces standard et ne seront pas livr\u00e9es avec des accessoires tiers.<\/p>","protected":false},"featured_media":62142,"comment_status":"open","ping_status":"closed","template":"","meta":{"_acf_changed":false},"product_cat":[1365,371],"product_tag":[11110,13730,11072,11775,8452],"class_list":["product","first","instock","shipping-taxable","purchasable","product-type-simple"],"acf":[],"_links":{"self":[{"href":"https:\/\/mouldking.store\/fr\/wp-json\/wp\/v2\/product\/62143","targetHints":{"allow":["GET"]}}],"collection":[{"href":"https:\/\/mouldking.store\/fr\/wp-json\/wp\/v2\/product"}],"about":[{"href":"https:\/\/mouldking.store\/fr\/wp-json\/wp\/v2\/types\/product"}],"replies":[{"embeddable":true,"href":"https:\/\/mouldking.store\/fr\/wp-json\/wp\/v2\/comments?post=62143"}],"wp:featuredmedia":[{"embeddable":true,"href":"https:\/\/mouldking.store\/fr\/wp-json\/wp\/v2\/media\/62142"}],"wp:attachment":[{"href":"https:\/\/mouldking.store\/fr\/wp-json\/wp\/v2\/media?parent=62143"}],"wp:term":[{"taxonomy":"product_cat","embeddable":true,"href":"https:\/\/mouldking.store\/fr\/wp-json\/wp\/v2\/product_cat?post=62143"},{"taxonomy":"product_tag","embeddable":true,"href":"https:\/\/mouldking.store\/fr\/wp-json\/wp\/v2\/product_tag?post=62143"}],"curies":[{"name":"wp","href":"https:\/\/api.w.org\/{rel}","templated":true}]}}