{"id":62150,"date":"2024-11-11T16:38:07","date_gmt":"2024-11-11T09:38:07","guid":{"rendered":"https:\/\/mouldking.store\/shop\/moc-factory-89043-kinitopet-kinito-with-196-pieces\/"},"modified":"2025-12-16T20:58:54","modified_gmt":"2025-12-16T13:58:54","slug":"moc-factory-89043-kinitopet-kinito-with-196-pieces","status":"publish","type":"product","link":"https:\/\/mouldking.store\/fr\/shop\/moc-factory-89043-kinitopet-kinito-with-196-pieces\/","title":{"rendered":"MOC Factory 89043 KinitoPET Kinito with 196 Pieces"},"content":{"rendered":"<div>&nbsp; \u2705 MOC-89043 KinitoPET Kinito<\/p>\n<p>\u2705 KinitoPET is a virtual assistant game developed by Kinito Interactive. Initially designed to be a friendly and engaging desktop companion, KinitoPET offers a range of fun features, including interactive games, storytelling, and a customizable virtual friend that adapts to its user. The game is described as a digital friend that learns from real-world interactions, providing a fresh and unique experience each time you interact with it&nbsp;<\/p>\n<p>\ud83d\udeabIMPORTANT !<\/p>\n<p>Product Name:&nbsp; KinitoPET Kinito<\/p>\n<p>Category: Game<\/p>\n<p>This Kit Contains:&nbsp; C10180&nbsp;<\/p>\n<p>&nbsp;196 pcs Good Quality Bricks<\/p>\n<p>Size:&nbsp; 12.4 x 6.2 x 19.5 cm&nbsp;<\/p>\n<p>&nbsp;Weight: 0.16 kg&nbsp;<\/p>\n<p>Instructions PDF<\/p>\n<p>\ud83d\udcccNature du protagoniste<\/p>\n<p>Introducing our proud collection named \u201c KinitoPET Kinito \u201d you should not miss.<\/p>\n<p>&nbsp; However, there&#8217;s a darker, more unsettling side to KinitoPET as well, particularly in its psychological horror game variant. This version of the game involves a creepy narrative where Kinito starts as a friendly assistant but gradually becomes more manipulative and disturbing. The player\u2019s interactions with Kinito blur the lines between the digital and the real, leading to a series of eerie events and decisions that influence the outcome of the game\u200b&nbsp;<\/p><\/div>","protected":false},"excerpt":{"rendered":"<p>Marque : MOC Factory<br \/>\nGenre: Unisexe<br \/>\nTranche d&#039;\u00e2ge : &gt; 6 ans<br \/>\nModel Number: 89043<br \/>\nClassement : Assemblage<br \/>\nForme de bloc en plastique\u00a0: briques autobloquantes<br \/>\nMat\u00e9riel: Plastique<br \/>\nType de plastique : ABS<br \/>\nBricks Blocks: 196 +<br \/>\nPas de boite d&#039;origine<br \/>\nLe produit n&#039;inclut pas l&#039;autocollant et les pi\u00e8ces imprim\u00e9es. Toutes les pi\u00e8ces imprim\u00e9es seront remplac\u00e9es par des pi\u00e8ces standard et ne seront pas livr\u00e9es avec des accessoires tiers.<\/p>","protected":false},"featured_media":62149,"comment_status":"open","ping_status":"closed","template":"","meta":{"_acf_changed":false},"product_cat":[1365,1769,371],"product_tag":[11110,11072,11775,8452,9139,13732,13731],"class_list":["product","first","instock","shipping-taxable","purchasable","product-type-simple"],"acf":[],"_links":{"self":[{"href":"https:\/\/mouldking.store\/fr\/wp-json\/wp\/v2\/product\/62150","targetHints":{"allow":["GET"]}}],"collection":[{"href":"https:\/\/mouldking.store\/fr\/wp-json\/wp\/v2\/product"}],"about":[{"href":"https:\/\/mouldking.store\/fr\/wp-json\/wp\/v2\/types\/product"}],"replies":[{"embeddable":true,"href":"https:\/\/mouldking.store\/fr\/wp-json\/wp\/v2\/comments?post=62150"}],"wp:featuredmedia":[{"embeddable":true,"href":"https:\/\/mouldking.store\/fr\/wp-json\/wp\/v2\/media\/62149"}],"wp:attachment":[{"href":"https:\/\/mouldking.store\/fr\/wp-json\/wp\/v2\/media?parent=62150"}],"wp:term":[{"taxonomy":"product_cat","embeddable":true,"href":"https:\/\/mouldking.store\/fr\/wp-json\/wp\/v2\/product_cat?post=62150"},{"taxonomy":"product_tag","embeddable":true,"href":"https:\/\/mouldking.store\/fr\/wp-json\/wp\/v2\/product_tag?post=62150"}],"curies":[{"name":"wp","href":"https:\/\/api.w.org\/{rel}","templated":true}]}}