{"id":62157,"date":"2024-11-11T16:38:26","date_gmt":"2024-11-11T09:38:26","guid":{"rendered":"https:\/\/mouldking.store\/shop\/moc-factory-89042-regretevator-gnarpy-with-375-pieces\/"},"modified":"2025-12-16T20:58:54","modified_gmt":"2025-12-16T13:58:54","slug":"moc-factory-89042-regretevator-gnarpy-with-375-pieces","status":"publish","type":"product","link":"https:\/\/mouldking.store\/fr\/shop\/moc-factory-89042-regretevator-gnarpy-with-375-pieces\/","title":{"rendered":"MOC Factory 89042 Regretevator Gnarpy with 375 Pieces"},"content":{"rendered":"<div>&nbsp; \u2705 MOC-89042 Regretevator Gnarpy<\/p>\n<p>\u2705 In the game <em>Regretevator<\/em>, Gnarpy is a unique alien NPC characterized by a cat-like, bipedal appearance with green fur and an assortment of unusual traits. Gnarpy is part of a species called the &#8220;Gnarpians,&#8221; who aim to dominate the universe.&nbsp;<\/p>\n<p>\ud83d\udeabIMPORTANT !<\/p>\n<p>Product Name:&nbsp; Regretevator Gnarpy&nbsp;<\/p>\n<p>Category: Game<\/p>\n<p>This Kit Contains:&nbsp; C10181&nbsp;<\/p>\n<p>375 pcs Good Quality Bricks<\/p>\n<p>Size:&nbsp; 14.9 x 10.2 x 17.6 cm&nbsp;<\/p>\n<p>Weight: 0.18 kg&nbsp;<\/p>\n<p>Instructions PDF<\/p>\n<p>\ud83d\udcccNature du protagoniste<\/p>\n<p>Introducing our proud collection named \u201c Regretevator Gnarpy \u201d you should not miss.<\/p>\n<p>&nbsp; As part of their invasion, Gnarpy often interacts with other NPCs in the game, exhibiting a blend of arrogance and disdain. Gnarpy is notorious for their fiery, dismissive attitude and strange speech patterns, making them one of the more memorable characters in the game&nbsp;<\/p><\/div>","protected":false},"excerpt":{"rendered":"<p>Marque : MOC Factory<br \/>\nGenre: Unisexe<br \/>\nTranche d&#039;\u00e2ge : &gt; 6 ans<br \/>\nModel Number: 89042<br \/>\nClassement : Assemblage<br \/>\nForme de bloc en plastique\u00a0: briques autobloquantes<br \/>\nMat\u00e9riel: Plastique<br \/>\nType de plastique : ABS<br \/>\nBricks Blocks: 375 +<br \/>\nPas de boite d&#039;origine<br \/>\nLe produit n&#039;inclut pas l&#039;autocollant et les pi\u00e8ces imprim\u00e9es. Toutes les pi\u00e8ces imprim\u00e9es seront remplac\u00e9es par des pi\u00e8ces standard et ne seront pas livr\u00e9es avec des accessoires tiers.<\/p>","protected":false},"featured_media":62156,"comment_status":"open","ping_status":"closed","template":"","meta":{"_acf_changed":false},"product_cat":[1365,1769,371],"product_tag":[11110,11072,11775,8452,9139,13734,13733],"class_list":["product","first","instock","shipping-taxable","purchasable","product-type-simple"],"acf":[],"_links":{"self":[{"href":"https:\/\/mouldking.store\/fr\/wp-json\/wp\/v2\/product\/62157","targetHints":{"allow":["GET"]}}],"collection":[{"href":"https:\/\/mouldking.store\/fr\/wp-json\/wp\/v2\/product"}],"about":[{"href":"https:\/\/mouldking.store\/fr\/wp-json\/wp\/v2\/types\/product"}],"replies":[{"embeddable":true,"href":"https:\/\/mouldking.store\/fr\/wp-json\/wp\/v2\/comments?post=62157"}],"wp:featuredmedia":[{"embeddable":true,"href":"https:\/\/mouldking.store\/fr\/wp-json\/wp\/v2\/media\/62156"}],"wp:attachment":[{"href":"https:\/\/mouldking.store\/fr\/wp-json\/wp\/v2\/media?parent=62157"}],"wp:term":[{"taxonomy":"product_cat","embeddable":true,"href":"https:\/\/mouldking.store\/fr\/wp-json\/wp\/v2\/product_cat?post=62157"},{"taxonomy":"product_tag","embeddable":true,"href":"https:\/\/mouldking.store\/fr\/wp-json\/wp\/v2\/product_tag?post=62157"}],"curies":[{"name":"wp","href":"https:\/\/api.w.org\/{rel}","templated":true}]}}