{"id":62170,"date":"2024-11-11T16:40:33","date_gmt":"2024-11-11T09:40:33","guid":{"rendered":"https:\/\/mouldking.store\/shop\/moc-factory-89047-zoonomaly-turtle-snake-shark-spider-horse-bat-with-1355-pieces\/"},"modified":"2025-12-16T20:58:54","modified_gmt":"2025-12-16T13:58:54","slug":"moc-factory-89047-zoonomaly-turtle-snake-shark-spider-horse-bat-with-1355-pieces","status":"publish","type":"product","link":"https:\/\/mouldking.store\/fr\/shop\/moc-factory-89047-zoonomaly-turtle-snake-shark-spider-horse-bat-with-1355-pieces\/","title":{"rendered":"MOC Factory 89047 Zoonomaly Turtle Snake Shark Spider Horse Bat with 1355 Pieces"},"content":{"rendered":"<div>&nbsp; \u2705 MOC-89047 Zoonomaly Turtle Snake Shark Spider Horse Bat<\/p>\n<p>\u2705 In the game <em>Zoonomaly<\/em>, players likely encounter or control unique creatures that combine characteristics from various animals. The idea might be to harness each creature\u2019s hybrid abilities to overcome obstacles, defeat opponents, or complete quests.&nbsp;<\/p>\n<p>\ud83d\udeabIMPORTANT !<\/p>\n<p>Product Name:&nbsp; Zoonomaly Turtle Snake Shark Spider Horse Bat&nbsp;<\/p>\n<p>Category: Game<\/p>\n<p>This Kit Contains:&nbsp; C10090Y06&nbsp;<\/p>\n<p>1355 pcs Good Quality Bricks<\/p>\n<p>Size:&nbsp; 10.5 x 10.8 x 5.3 cm&nbsp;<\/p>\n<p>Weight: 0.73 kg&nbsp;<\/p>\n<p>Instructions PDF<\/p>\n<p>\ud83d\udcccNature du protagoniste<\/p>\n<p>Introducing our proud collection named \u201c Zoonomaly Turtle Snake Shark Spider Horse Bat \u201d you should not miss.<\/p>\n<p>&nbsp; Each of these hybrids would bring unique strengths and weaknesses, making strategy crucial. For example, aquatic hybrids like the Shark-Spider might be vulnerable on dry land but unstoppable in water-based levels. The game could involve creating teams with complementary skills to maximize survival or success.&nbsp;<\/p><\/div>","protected":false},"excerpt":{"rendered":"<p>Marque : MOC Factory<br \/>\nGenre: Unisexe<br \/>\nTranche d&#039;\u00e2ge : &gt; 6 ans<br \/>\nModel Number: 89047<br \/>\nClassement : Assemblage<br \/>\nForme de bloc en plastique\u00a0: briques autobloquantes<br \/>\nMat\u00e9riel: Plastique<br \/>\nType de plastique : ABS<br \/>\nBlocs de Briques : 1355 +<br \/>\nPas de boite d&#039;origine<br \/>\nLe produit n&#039;inclut pas l&#039;autocollant et les pi\u00e8ces imprim\u00e9es. Toutes les pi\u00e8ces imprim\u00e9es seront remplac\u00e9es par des pi\u00e8ces standard et ne seront pas livr\u00e9es avec des accessoires tiers.<\/p>","protected":false},"featured_media":62169,"comment_status":"open","ping_status":"closed","template":"","meta":{"_acf_changed":false},"product_cat":[1365,1769,371],"product_tag":[11110,11329,11072,11775,8452,9139,9573,5969,13432,6630,6812,13660],"class_list":["product","first","instock","shipping-taxable","purchasable","product-type-simple"],"acf":[],"_links":{"self":[{"href":"https:\/\/mouldking.store\/fr\/wp-json\/wp\/v2\/product\/62170","targetHints":{"allow":["GET"]}}],"collection":[{"href":"https:\/\/mouldking.store\/fr\/wp-json\/wp\/v2\/product"}],"about":[{"href":"https:\/\/mouldking.store\/fr\/wp-json\/wp\/v2\/types\/product"}],"replies":[{"embeddable":true,"href":"https:\/\/mouldking.store\/fr\/wp-json\/wp\/v2\/comments?post=62170"}],"wp:featuredmedia":[{"embeddable":true,"href":"https:\/\/mouldking.store\/fr\/wp-json\/wp\/v2\/media\/62169"}],"wp:attachment":[{"href":"https:\/\/mouldking.store\/fr\/wp-json\/wp\/v2\/media?parent=62170"}],"wp:term":[{"taxonomy":"product_cat","embeddable":true,"href":"https:\/\/mouldking.store\/fr\/wp-json\/wp\/v2\/product_cat?post=62170"},{"taxonomy":"product_tag","embeddable":true,"href":"https:\/\/mouldking.store\/fr\/wp-json\/wp\/v2\/product_tag?post=62170"}],"curies":[{"name":"wp","href":"https:\/\/api.w.org\/{rel}","templated":true}]}}