{"id":62207,"date":"2024-11-14T17:57:53","date_gmt":"2024-11-14T10:57:53","guid":{"rendered":"https:\/\/mouldking.store\/shop\/moc-factory-111735-invader-zim-zims-house-with-2627-pieces\/"},"modified":"2025-12-16T20:58:54","modified_gmt":"2025-12-16T13:58:54","slug":"moc-factory-111735-invader-zim-zims-house-with-2627-pieces","status":"publish","type":"product","link":"https:\/\/mouldking.store\/fr\/shop\/moc-factory-111735-invader-zim-zims-house-with-2627-pieces\/","title":{"rendered":"MOC Factory 111735 Invader Zim Zim&#039;s House avec 2627 pi\u00e8ces"},"content":{"rendered":"<div>&nbsp; \u2705 MOC-111735 Invader Zim Zim&#8217;s House<\/p>\n<p>\u2705 In <em>Invader Zim<\/em>, Zim\u2019s house on Earth is an iconic and bizarre structure that reflects his alien origins and his hilariously flawed attempt to &#8220;blend in&#8221; with humans. Located in a typical suburban neighborhood, the house stands out with its strange architecture and unusual defenses.&nbsp;<\/p>\n<p>\ud83d\udeabIMPORTANT !<\/p>\n<p>Product Name:&nbsp; Invader Zim Zim&#8217;s House<br \/>&nbsp;<br \/>Cat\u00e9gorie : Construction Modulaire<\/p>\n<p>This Kit Contains:&nbsp; C10195&nbsp;<\/p>\n<p>2627&nbsp; pcs Good Quality Bricks<\/p>\n<p>Size:&nbsp; 25.6 x 25.6 x 27 cm&nbsp;<\/p>\n<p>Weight: 2.18 kg&nbsp;<\/p>\n<p>Instructions PDF<\/p>\n<p>\ud83d\udcccNature du protagoniste<\/p>\n<p>Introducing our proud collection named \u201c Invader Zim Zim&#8217;s House \u201d you should not miss.<\/p>\n<p>&nbsp; Zim\u2019s house is designed to look like a &#8220;normal&#8221; Earth home but completely misses the mark. It has odd angles, dark purple and green colors, and a tall, spindly, vertical structure that contrasts starkly with the rest of the neighborhood&#8217;s houses.&nbsp; The house has a large, glaring mechanical eye mounted on top, which is both a surveillance device and part of the house\u2019s security system. The eye occasionally glows and moves, giving it an ominous feel that Zim sees as perfectly normal for a human dwelling. &nbsp; Zim\u2019s robot sidekick, GIR, has his own &#8220;room&#8221; within the house, filled with absurd items like tacos, random trash, and junk food. Access to various parts of the house is often hidden behind secret portals and sliding panels, adding to the absurdity.&nbsp;<\/p><\/div>","protected":false},"excerpt":{"rendered":"<p>Marque : MOC Factory<br \/>\nGenre: Unisexe<br \/>\nTranche d&#039;\u00e2ge : &gt; 6 ans<br \/>\nModel Number: 111735<br \/>\nClassement : Assemblage<br \/>\nForme de bloc en plastique\u00a0: briques autobloquantes<br \/>\nMat\u00e9riel: Plastique<br \/>\nType de plastique : ABS<br \/>\nBricks Blocks: 2627 +<br \/>\nPas de boite d&#039;origine<br \/>\nLe produit n&#039;inclut pas l&#039;autocollant et les pi\u00e8ces imprim\u00e9es. Toutes les pi\u00e8ces imprim\u00e9es seront remplac\u00e9es par des pi\u00e8ces standard et ne seront pas livr\u00e9es avec des accessoires tiers.<\/p>","protected":false},"featured_media":62206,"comment_status":"open","ping_status":"closed","template":"","meta":{"_acf_changed":false},"product_cat":[1365,1395,390,581,1408],"product_tag":[8452,2318,12048,392,434],"class_list":["product","first","instock","shipping-taxable","purchasable","product-type-simple"],"acf":[],"_links":{"self":[{"href":"https:\/\/mouldking.store\/fr\/wp-json\/wp\/v2\/product\/62207","targetHints":{"allow":["GET"]}}],"collection":[{"href":"https:\/\/mouldking.store\/fr\/wp-json\/wp\/v2\/product"}],"about":[{"href":"https:\/\/mouldking.store\/fr\/wp-json\/wp\/v2\/types\/product"}],"replies":[{"embeddable":true,"href":"https:\/\/mouldking.store\/fr\/wp-json\/wp\/v2\/comments?post=62207"}],"wp:featuredmedia":[{"embeddable":true,"href":"https:\/\/mouldking.store\/fr\/wp-json\/wp\/v2\/media\/62206"}],"wp:attachment":[{"href":"https:\/\/mouldking.store\/fr\/wp-json\/wp\/v2\/media?parent=62207"}],"wp:term":[{"taxonomy":"product_cat","embeddable":true,"href":"https:\/\/mouldking.store\/fr\/wp-json\/wp\/v2\/product_cat?post=62207"},{"taxonomy":"product_tag","embeddable":true,"href":"https:\/\/mouldking.store\/fr\/wp-json\/wp\/v2\/product_tag?post=62207"}],"curies":[{"name":"wp","href":"https:\/\/api.w.org\/{rel}","templated":true}]}}