{"id":62213,"date":"2024-11-14T17:58:20","date_gmt":"2024-11-14T10:58:20","guid":{"rendered":"https:\/\/mouldking.store\/shop\/moc-factory-89040-kirby-meta-knight-with-163-pieces\/"},"modified":"2025-12-16T20:58:54","modified_gmt":"2025-12-16T13:58:54","slug":"moc-factory-89040-kirby-meta-knight-with-163-pieces","status":"publish","type":"product","link":"https:\/\/mouldking.store\/fr\/shop\/moc-factory-89040-kirby-meta-knight-with-163-pieces\/","title":{"rendered":"MOC Factory 89040 Kirby Meta Knight with 163 Pieces"},"content":{"rendered":"<div>&nbsp; \u2705 MOC-89040 Kirby Meta Knight<\/p>\n<p>\u2705 Meta Knight is a powerful and mysterious character in the <em>Kirby<\/em> series, often portrayed as both a rival and ally to Kirby. Known for his chivalry and warrior\u2019s code, Meta Knight has a unique design, strong abilities, and complex motivations that make him a fan favorite.&nbsp;<\/p>\n<p>\ud83d\udeabIMPORTANT !<\/p>\n<p>Product Name:&nbsp; Kirby Meta Knight&nbsp;<\/p>\n<p>Category: Game<\/p>\n<p>This Kit Contains:&nbsp; C10197&nbsp;<\/p>\n<p>163 pcs Good Quality Bricks<\/p>\n<p>Size:&nbsp; 10 x 5 x 17 cm&nbsp;<\/p>\n<p>Poids\u00a0: 0,11\u00a0kg&nbsp;<\/p>\n<p>Instructions PDF<\/p>\n<p>\ud83d\udcccNature du protagoniste<\/p>\n<p>Introducing our proud collection named \u201c Kirby Meta Knight \u201d you should not miss.<\/p>\n<p>&nbsp; Meta Knight resembles Kirby in shape but is typically cloaked in a flowing cape and a silver mask, which hides most of his face. The mask adds to his enigmatic personality, and he only occasionally removes it, revealing a face almost identical to Kirby&#8217;s, though in a darker shade.&nbsp; Meta Knight wields the powerful Galaxia sword, which is his signature weapon and has a mystical aura. His swordsmanship is unmatched, and he uses various techniques that display his skill and agility in combat.&nbsp; Meta Knight commands a massive airship called the Halberd, which he uses to try and protect Dream Land from what he perceives as threats. The ship is equipped with heavy artillery and can act as both a mobile fortress and base of operations.&nbsp;<\/p><\/div>","protected":false},"excerpt":{"rendered":"<p>Marque : MOC Factory<br \/>\nGenre: Unisexe<br \/>\nTranche d&#039;\u00e2ge : &gt; 6 ans<br \/>\nModel Number: 89040<br \/>\nClassement : Assemblage<br \/>\nForme de bloc en plastique\u00a0: briques autobloquantes<br \/>\nMat\u00e9riel: Plastique<br \/>\nType de plastique : ABS<br \/>\nBricks Blocks: 163 +<br \/>\nPas de boite d&#039;origine<br \/>\nLe produit n&#039;inclut pas l&#039;autocollant et les pi\u00e8ces imprim\u00e9es. Toutes les pi\u00e8ces imprim\u00e9es seront remplac\u00e9es par des pi\u00e8ces standard et ne seront pas livr\u00e9es avec des accessoires tiers.<\/p>","protected":false},"featured_media":62212,"comment_status":"open","ping_status":"closed","template":"","meta":{"_acf_changed":false},"product_cat":[1365,371],"product_tag":[11072,8452,11301,11681,9331],"class_list":["product","first","instock","shipping-taxable","purchasable","product-type-simple"],"acf":[],"_links":{"self":[{"href":"https:\/\/mouldking.store\/fr\/wp-json\/wp\/v2\/product\/62213","targetHints":{"allow":["GET"]}}],"collection":[{"href":"https:\/\/mouldking.store\/fr\/wp-json\/wp\/v2\/product"}],"about":[{"href":"https:\/\/mouldking.store\/fr\/wp-json\/wp\/v2\/types\/product"}],"replies":[{"embeddable":true,"href":"https:\/\/mouldking.store\/fr\/wp-json\/wp\/v2\/comments?post=62213"}],"wp:featuredmedia":[{"embeddable":true,"href":"https:\/\/mouldking.store\/fr\/wp-json\/wp\/v2\/media\/62212"}],"wp:attachment":[{"href":"https:\/\/mouldking.store\/fr\/wp-json\/wp\/v2\/media?parent=62213"}],"wp:term":[{"taxonomy":"product_cat","embeddable":true,"href":"https:\/\/mouldking.store\/fr\/wp-json\/wp\/v2\/product_cat?post=62213"},{"taxonomy":"product_tag","embeddable":true,"href":"https:\/\/mouldking.store\/fr\/wp-json\/wp\/v2\/product_tag?post=62213"}],"curies":[{"name":"wp","href":"https:\/\/api.w.org\/{rel}","templated":true}]}}