{"id":62222,"date":"2024-11-14T17:59:14","date_gmt":"2024-11-14T10:59:14","guid":{"rendered":"https:\/\/mouldking.store\/shop\/moc-factory-50294-ghostbustersstay-puft-marshmallow-man-with-830-pieces\/"},"modified":"2025-12-16T20:58:53","modified_gmt":"2025-12-16T13:58:53","slug":"moc-factory-50294-ghostbustersstay-puft-marshmallow-man-with-830-pieces","status":"publish","type":"product","link":"https:\/\/mouldking.store\/fr\/shop\/moc-factory-50294-ghostbustersstay-puft-marshmallow-man-with-830-pieces\/","title":{"rendered":"MOC Factory 50294 GhostbustersStay-Puft Marshmallow Man with 830 Pieces"},"content":{"rendered":"<div>&nbsp; \u2705 MOC-50294 GhostbustersStay-Puft Marshmallow Man<\/p>\n<p>\u2705 The Stay-Puft Marshmallow Man is one of the most iconic characters in <em>Ghostbusters<\/em>, appearing as a massive, monstrous figure made of marshmallow in the form of a sailor mascot.<\/p>\n<p>\ud83d\udeabIMPORTANT !<\/p>\n<p>Product Name:&nbsp; GhostbustersStay-Puft Marshmallow Man<\/p>\n<p>Cat\u00e9gorie : Film<\/p>\n<p>This Kit Contains:&nbsp; C10199<\/p>\n<p>830 pcs Good Quality Bricks<\/p>\n<p>Size:&nbsp; 25 x 8 x 35 cm<\/p>\n<p>Weight: 0.78 kg<\/p>\n<p>Instructions PDF<\/p>\n<p>\ud83d\udcccNature du protagoniste<\/p>\n<p>Introducing our proud collection named \u201c GhostbustersStay-Puft Marshmallow Man \u201d you should not miss.<\/p>\n<p>&nbsp; The Stay-Puft Marshmallow Man resembles a giant marshmallow mascot wearing a sailor hat and a blue bib with a red neckerchief, looking harmless and cheerful at first glance. In <em>Ghostbusters<\/em>, he\u2019s the mascot for the fictional Stay-Puft Marshmallow brand, a playful nod to classic advertising mascots.&nbsp; In the movie, the ancient god Gozer the Gozerian, an interdimensional being summoned to destroy humanity, takes on this form to manifest on Earth. The form was inadvertently chosen by Ray Stantz (Dan Aykroyd), one of the Ghostbusters, who tried to think of something that could never hurt them. Ironically, Gozer becomes a gigantic, destructive version of the harmless mascot.&nbsp;<\/div>","protected":false},"excerpt":{"rendered":"<p>Marque : MOC Factory<br \/>\nGenre: Unisexe<br \/>\nTranche d&#039;\u00e2ge : &gt; 6 ans<br \/>\nModel Number: 50294<br \/>\nClassement : Assemblage<br \/>\nForme de bloc en plastique\u00a0: briques autobloquantes<br \/>\nMat\u00e9riel: Plastique<br \/>\nType de plastique : ABS<br \/>\nBricks Blocks: 830 +<br \/>\nPas de boite d&#039;origine<br \/>\nLe produit n&#039;inclut pas l&#039;autocollant et les pi\u00e8ces imprim\u00e9es. Toutes les pi\u00e8ces imprim\u00e9es seront remplac\u00e9es par des pi\u00e8ces standard et ne seront pas livr\u00e9es avec des accessoires tiers.<\/p>","protected":false},"featured_media":62221,"comment_status":"open","ping_status":"closed","template":"","meta":{"_acf_changed":false},"product_cat":[1365,371,581,1408],"product_tag":[11072,8452,13740,13642,13738,13741,434,13739],"class_list":["product","first","instock","shipping-taxable","purchasable","product-type-simple"],"acf":[],"_links":{"self":[{"href":"https:\/\/mouldking.store\/fr\/wp-json\/wp\/v2\/product\/62222","targetHints":{"allow":["GET"]}}],"collection":[{"href":"https:\/\/mouldking.store\/fr\/wp-json\/wp\/v2\/product"}],"about":[{"href":"https:\/\/mouldking.store\/fr\/wp-json\/wp\/v2\/types\/product"}],"replies":[{"embeddable":true,"href":"https:\/\/mouldking.store\/fr\/wp-json\/wp\/v2\/comments?post=62222"}],"wp:featuredmedia":[{"embeddable":true,"href":"https:\/\/mouldking.store\/fr\/wp-json\/wp\/v2\/media\/62221"}],"wp:attachment":[{"href":"https:\/\/mouldking.store\/fr\/wp-json\/wp\/v2\/media?parent=62222"}],"wp:term":[{"taxonomy":"product_cat","embeddable":true,"href":"https:\/\/mouldking.store\/fr\/wp-json\/wp\/v2\/product_cat?post=62222"},{"taxonomy":"product_tag","embeddable":true,"href":"https:\/\/mouldking.store\/fr\/wp-json\/wp\/v2\/product_tag?post=62222"}],"curies":[{"name":"wp","href":"https:\/\/api.w.org\/{rel}","templated":true}]}}