{"id":62239,"date":"2024-11-14T17:59:45","date_gmt":"2024-11-14T10:59:45","guid":{"rendered":"https:\/\/mouldking.store\/shop\/moc-factory-89037-plague-doctor-with-263-pieces\/"},"modified":"2025-12-16T20:58:53","modified_gmt":"2025-12-16T13:58:53","slug":"moc-factory-89037-plague-doctor-with-263-pieces","status":"publish","type":"product","link":"https:\/\/mouldking.store\/fr\/shop\/moc-factory-89037-plague-doctor-with-263-pieces\/","title":{"rendered":"MOC Factory 89037 Plague Doctor with 263 Pieces"},"content":{"rendered":"<div>&nbsp; \u2705 MOC-89037 Plague Doctor<\/p>\n<p>\u2705 The <strong>Plague Doctor<\/strong> is a historical figure most famously associated with the bubonic plague outbreaks of the 17th and 18th centuries in Europe. Plague doctors were medical professionals hired to care for victims of the plague, but their role and appearance became widely recognized as macabre and mysterious.&nbsp;<\/p>\n<p>\ud83d\udeabIMPORTANT !<\/p>\n<p>Product Name:&nbsp; Plague Doctor&nbsp;<\/p>\n<p>Cat\u00e9gorie : Film<\/p>\n<p>This Kit Contains:&nbsp; C10099&nbsp;<\/p>\n<p>263 briques de bonne qualit\u00e9.<\/p>\n<p>Size:&nbsp; 6.8 x 9.2 x 7.4 cm&nbsp;<\/p>\n<p>Weight: 0.2 kg&nbsp;<\/p>\n<p>Instructions PDF<\/p>\n<p>\ud83d\udcccNature du protagoniste<\/p>\n<p>Introducing our proud collection named \u201c&nbsp; Plague Doctor \u201d you should not miss.<\/p>\n<p>&nbsp; During times of plague outbreaks, doctors were often employed to treat the infected or at least to oversee quarantine procedures. However, due to the limited medical knowledge at the time, they had little understanding of how to treat the disease.&nbsp; Treatments prescribed by Plague Doctors were rudimentary and often ineffective. These included bloodletting, herbal remedies, and &#8220;smelling&#8221; bad odors to purify the air. The doctors would often use masks and other protective clothing to shield themselves from infection, though they didn\u2019t understand that the disease spread through bacteria or viruses.&nbsp;<\/p><\/div>","protected":false},"excerpt":{"rendered":"<p>Marque : MOC Factory<br \/>\nGenre: Unisexe<br \/>\nTranche d&#039;\u00e2ge : &gt; 6 ans<br \/>\nModel Number: 89037<br \/>\nClassement : Assemblage<br \/>\nForme de bloc en plastique\u00a0: briques autobloquantes<br \/>\nMat\u00e9riel: Plastique<br \/>\nType de plastique : ABS<br \/>\nBlocs de briques : 263 +<br \/>\nPas de boite d&#039;origine<br \/>\nLe produit n&#039;inclut pas l&#039;autocollant et les pi\u00e8ces imprim\u00e9es. Toutes les pi\u00e8ces imprim\u00e9es seront remplac\u00e9es par des pi\u00e8ces standard et ne seront pas livr\u00e9es avec des accessoires tiers.<\/p>","protected":false},"featured_media":62238,"comment_status":"open","ping_status":"closed","template":"","meta":{"_acf_changed":false},"product_cat":[1365,371,581,1408],"product_tag":[11072,8452,10859,434,9426],"class_list":["product","first","instock","shipping-taxable","purchasable","product-type-simple"],"acf":[],"_links":{"self":[{"href":"https:\/\/mouldking.store\/fr\/wp-json\/wp\/v2\/product\/62239","targetHints":{"allow":["GET"]}}],"collection":[{"href":"https:\/\/mouldking.store\/fr\/wp-json\/wp\/v2\/product"}],"about":[{"href":"https:\/\/mouldking.store\/fr\/wp-json\/wp\/v2\/types\/product"}],"replies":[{"embeddable":true,"href":"https:\/\/mouldking.store\/fr\/wp-json\/wp\/v2\/comments?post=62239"}],"wp:featuredmedia":[{"embeddable":true,"href":"https:\/\/mouldking.store\/fr\/wp-json\/wp\/v2\/media\/62238"}],"wp:attachment":[{"href":"https:\/\/mouldking.store\/fr\/wp-json\/wp\/v2\/media?parent=62239"}],"wp:term":[{"taxonomy":"product_cat","embeddable":true,"href":"https:\/\/mouldking.store\/fr\/wp-json\/wp\/v2\/product_cat?post=62239"},{"taxonomy":"product_tag","embeddable":true,"href":"https:\/\/mouldking.store\/fr\/wp-json\/wp\/v2\/product_tag?post=62239"}],"curies":[{"name":"wp","href":"https:\/\/api.w.org\/{rel}","templated":true}]}}