{"id":62260,"date":"2024-11-14T18:08:06","date_gmt":"2024-11-14T11:08:06","guid":{"rendered":"https:\/\/mouldking.store\/shop\/moc-factory-168126-viking-village-with-1907-pieces\/"},"modified":"2025-12-16T20:58:53","modified_gmt":"2025-12-16T13:58:53","slug":"moc-factory-168126-viking-village-with-1907-pieces","status":"publish","type":"product","link":"https:\/\/mouldking.store\/fr\/shop\/moc-factory-168126-viking-village-with-1907-pieces\/","title":{"rendered":"MOC Factory 168126 Village Viking avec 1907 pi\u00e8ces"},"content":{"rendered":"<div>&nbsp; \u2705 MOC-168126 Viking Village<\/p>\n<p>\u2705 A <strong>Viking Village<\/strong> typically refers to a historical or fantasy setting inspired by the Nordic peoples who lived during the Viking Age (approximately 793 to 1066 AD). Vikings were known for their seafaring culture, exploration, and raiding, but they also established settlements that were based on agriculture, trade, and craftsmanship.<\/p>\n<p>\ud83d\udeabIMPORTANT !<\/p>\n<p>Product Name:&nbsp; Viking Village<\/p>\n<p>Cat\u00e9gorie : Construction Modulaire<\/p>\n<p>This Kit Contains:&nbsp; C10159<\/p>\n<p>1907 pcs Good Quality Bricks<\/p>\n<p>Size:&nbsp; 60 x 50 x 25 cm<\/p>\n<p>Poids\u00a0: 1,44\u00a0kg<\/p>\n<p>Instructions PDF<\/p>\n<p>\ud83d\udcccNature du protagoniste<\/p>\n<p>Introducing our proud collection named \u201c Viking Village \u201d you should not miss.<\/p>\n<p>&nbsp; The central structure in any Viking village would be the <strong>longhouse<\/strong>. These were large, communal buildings made of wood, stone, or turf, designed to accommodate multiple families. Longhouses had a central hearth for warmth and cooking, with benches along the walls for seating and sleeping areas. The roofs were often made of thatch or wooden shingles.&nbsp; Viking villages were agricultural, with fields surrounding the settlement. People grew crops like barley, oats, and rye, and kept livestock, including cattle, sheep, goats, and pigs. Villages would also have gardens for herbs and vegetables.&nbsp;<\/div>","protected":false},"excerpt":{"rendered":"<p>Marque : MOC Factory<br \/>\nGenre: Unisexe<br \/>\nTranche d&#039;\u00e2ge : &gt; 6 ans<br \/>\nModel Number: 168126<br \/>\nClassement : Assemblage<br \/>\nForme de bloc en plastique\u00a0: briques autobloquantes<br \/>\nMat\u00e9riel: Plastique<br \/>\nType de plastique : ABS<br \/>\nBricks Blocks: 1907 +<br \/>\nPas de boite d&#039;origine<br \/>\nLe produit n&#039;inclut pas l&#039;autocollant et les pi\u00e8ces imprim\u00e9es. Toutes les pi\u00e8ces imprim\u00e9es seront remplac\u00e9es par des pi\u00e8ces standard et ne seront pas livr\u00e9es avec des accessoires tiers.<\/p>","protected":false},"featured_media":62259,"comment_status":"open","ping_status":"closed","template":"","meta":{"_acf_changed":false},"product_cat":[1365,1395,390],"product_tag":[8452,11099,392,9952,6373],"class_list":["product","first","instock","shipping-taxable","purchasable","product-type-simple"],"acf":[],"_links":{"self":[{"href":"https:\/\/mouldking.store\/fr\/wp-json\/wp\/v2\/product\/62260","targetHints":{"allow":["GET"]}}],"collection":[{"href":"https:\/\/mouldking.store\/fr\/wp-json\/wp\/v2\/product"}],"about":[{"href":"https:\/\/mouldking.store\/fr\/wp-json\/wp\/v2\/types\/product"}],"replies":[{"embeddable":true,"href":"https:\/\/mouldking.store\/fr\/wp-json\/wp\/v2\/comments?post=62260"}],"wp:featuredmedia":[{"embeddable":true,"href":"https:\/\/mouldking.store\/fr\/wp-json\/wp\/v2\/media\/62259"}],"wp:attachment":[{"href":"https:\/\/mouldking.store\/fr\/wp-json\/wp\/v2\/media?parent=62260"}],"wp:term":[{"taxonomy":"product_cat","embeddable":true,"href":"https:\/\/mouldking.store\/fr\/wp-json\/wp\/v2\/product_cat?post=62260"},{"taxonomy":"product_tag","embeddable":true,"href":"https:\/\/mouldking.store\/fr\/wp-json\/wp\/v2\/product_tag?post=62260"}],"curies":[{"name":"wp","href":"https:\/\/api.w.org\/{rel}","templated":true}]}}