{"id":62274,"date":"2024-11-14T18:08:59","date_gmt":"2024-11-14T11:08:59","guid":{"rendered":"https:\/\/mouldking.store\/shop\/moc-factory-89035-monsters-incmike-wazowsk-james-p-sullivan-with-432-pieces\/"},"modified":"2025-12-16T20:58:52","modified_gmt":"2025-12-16T13:58:52","slug":"moc-factory-89035-monsters-incmike-wazowsk-james-p-sullivan-with-432-pieces","status":"publish","type":"product","link":"https:\/\/mouldking.store\/fr\/shop\/moc-factory-89035-monsters-incmike-wazowsk-james-p-sullivan-with-432-pieces\/","title":{"rendered":"MOC Factory 89035 Monsters Inc. Mike Wazowsk James P Sullivan avec 432 pi\u00e8ces"},"content":{"rendered":"<div>&nbsp; \u2705 MOC-89035 Monsters IncMike Wazowsk James P Sullivan<\/p>\n<p>\u2705 <strong>Mike Wazowski<\/strong> and <strong>James P. Sullivan (Sulley)<\/strong> are the main characters from <em>Monsters, Inc.<\/em>, the 2001 animated film produced by Pixar Animation Studios and released by Walt Disney Pictures. They are iconic figures in the <em>Monsters, Inc.<\/em> universe and have become beloved characters in the Pixar family.&nbsp;<\/p>\n<p>\ud83d\udeabIMPORTANT !<\/p>\n<p>Product Name:&nbsp; Monsters IncMike Wazowsk James P Sullivan&nbsp;<\/p>\n<p>Cat\u00e9gorie : Film<\/p>\n<p>This Kit Contains:&nbsp; C10169&nbsp;<\/p>\n<p>432 pcs Good Quality Bricks<\/p>\n<p>Size:&nbsp; 10.9 x 12.2 x 16 cm&nbsp;<\/p>\n<p>Weight: 0.26 kg&nbsp;<\/p>\n<p>Instructions PDF<\/p>\n<p>\ud83d\udcccNature du protagoniste<\/p>\n<p>Introducing our proud collection named \u201c Monsters IncMike Wazowsk James P Sullivan \u201d you should not miss.<\/p>\n<p>&nbsp; Mike Wazowski is a small, round green monster with one large eye and two tiny horns on top of his head. His body is mostly spherical, with short legs and arms, making him appear somewhat comical and endearing. Despite his small size, he\u2019s a confident and determined character.&nbsp; Sulley is a large, furry, and muscular blue and purple monster with black spots across his body. He has two horns on top of his head and a friendly face with a broad smile, though his imposing size can be intimidating to others at first glance. Despite his physical strength, Sulley has a warm and kind heart.&nbsp;<\/p><\/div>","protected":false},"excerpt":{"rendered":"<p>Marque : MOC Factory<br \/>\nGenre: Unisexe<br \/>\nTranche d&#039;\u00e2ge : &gt; 6 ans<br \/>\nNum\u00e9ro de mod\u00e8le : 89035<br \/>\nClassement : Assemblage<br \/>\nForme de bloc en plastique\u00a0: briques autobloquantes<br \/>\nMat\u00e9riel: Plastique<br \/>\nType de plastique : ABS<br \/>\nBlocs de briques : 432 +<br \/>\nPas de boite d&#039;origine<br \/>\nLe produit n&#039;inclut pas l&#039;autocollant et les pi\u00e8ces imprim\u00e9es. Toutes les pi\u00e8ces imprim\u00e9es seront remplac\u00e9es par des pi\u00e8ces standard et ne seront pas livr\u00e9es avec des accessoires tiers.<\/p>","protected":false},"featured_media":62273,"comment_status":"open","ping_status":"closed","template":"","meta":{"_acf_changed":false},"product_cat":[1365,371,581,1408],"product_tag":[11072,11775,8452,11601,13745,13461,13748,13746,468,434,13749,13747],"class_list":["product","first","instock","shipping-taxable","purchasable","product-type-simple"],"acf":[],"_links":{"self":[{"href":"https:\/\/mouldking.store\/fr\/wp-json\/wp\/v2\/product\/62274","targetHints":{"allow":["GET"]}}],"collection":[{"href":"https:\/\/mouldking.store\/fr\/wp-json\/wp\/v2\/product"}],"about":[{"href":"https:\/\/mouldking.store\/fr\/wp-json\/wp\/v2\/types\/product"}],"replies":[{"embeddable":true,"href":"https:\/\/mouldking.store\/fr\/wp-json\/wp\/v2\/comments?post=62274"}],"wp:featuredmedia":[{"embeddable":true,"href":"https:\/\/mouldking.store\/fr\/wp-json\/wp\/v2\/media\/62273"}],"wp:attachment":[{"href":"https:\/\/mouldking.store\/fr\/wp-json\/wp\/v2\/media?parent=62274"}],"wp:term":[{"taxonomy":"product_cat","embeddable":true,"href":"https:\/\/mouldking.store\/fr\/wp-json\/wp\/v2\/product_cat?post=62274"},{"taxonomy":"product_tag","embeddable":true,"href":"https:\/\/mouldking.store\/fr\/wp-json\/wp\/v2\/product_tag?post=62274"}],"curies":[{"name":"wp","href":"https:\/\/api.w.org\/{rel}","templated":true}]}}