{"id":62284,"date":"2024-11-14T18:09:25","date_gmt":"2024-11-14T11:09:25","guid":{"rendered":"https:\/\/mouldking.store\/shop\/moc-factory-89034-godzillamothra-with-529-pieces\/"},"modified":"2025-12-16T20:58:51","modified_gmt":"2025-12-16T13:58:51","slug":"moc-factory-89034-godzillamothra-with-529-pieces","status":"publish","type":"product","link":"https:\/\/mouldking.store\/fr\/shop\/moc-factory-89034-godzillamothra-with-529-pieces\/","title":{"rendered":"MOC Factory 89034 Godzillamothra avec 529 pi\u00e8ces"},"content":{"rendered":"<div>&nbsp; \u2705 MOC-89034 Godzillamothra<\/p>\n<p>\u2705 &#8220;Godzillamothra&#8221; combines two iconic kaiju from the <em>Godzilla<\/em> universe: Godzilla, the king of monsters, and Mothra, a giant, benevolent moth-like creature. Godzilla is known for his immense size, powerful atomic breath, and incredible durability, while Mothra is characterized by her beauty, large, colorful wings, and more peaceful nature, often seen as a protector of Earth.&nbsp;<\/p>\n<p>\ud83d\udeabIMPORTANT !<\/p>\n<p>Product Name:&nbsp; Godzillamothra&nbsp;<\/p>\n<p>Cat\u00e9gorie : Film<\/p>\n<p>This Kit Contains:&nbsp; C10175&nbsp;<\/p>\n<p>529 pcs Good Quality Bricks<\/p>\n<p>Size:&nbsp; 25.6 x 25.6 x 27 cm&nbsp;<\/p>\n<p>Weight: 0.55 kg&nbsp;<\/p>\n<p>Instructions PDF<\/p>\n<p>\ud83d\udcccNature du protagoniste<\/p>\n<p>Introducing our proud collection named \u201c Godzillamothra \u201d you should not miss.<\/p>\n<p>&nbsp; A &#8220;Godzillamothra&#8221; concept could be fascinating, blending the strength, ferocity, and powerful attacks of Godzilla with Mothra\u2019s agility, ethereal wings, and an aura of light or energy. This fusion might look like a huge, reptilian creature with scales but also bear elegant, luminescent wings and antennae, giving it both a fearsome and majestic presence.&nbsp;<\/p><\/div>","protected":false},"excerpt":{"rendered":"<p>Marque : MOC Factory<br \/>\nGenre: Unisexe<br \/>\nTranche d&#039;\u00e2ge : &gt; 6 ans<br \/>\nNum\u00e9ro de mod\u00e8le : 89034<br \/>\nClassement : Assemblage<br \/>\nForme de bloc en plastique\u00a0: briques autobloquantes<br \/>\nMat\u00e9riel: Plastique<br \/>\nType de plastique : ABS<br \/>\nBlocs de briques : 529 +<br \/>\nPas de boite d&#039;origine<br \/>\nLe produit n&#039;inclut pas l&#039;autocollant et les pi\u00e8ces imprim\u00e9es. Toutes les pi\u00e8ces imprim\u00e9es seront remplac\u00e9es par des pi\u00e8ces standard et ne seront pas livr\u00e9es avec des accessoires tiers.<\/p>","protected":false},"featured_media":62283,"comment_status":"open","ping_status":"closed","template":"","meta":{"_acf_changed":false},"product_cat":[1365,371,581,1408],"product_tag":[11110,13507,11072,11775,8452,13750,434],"class_list":["product","first","instock","shipping-taxable","purchasable","product-type-simple"],"acf":[],"_links":{"self":[{"href":"https:\/\/mouldking.store\/fr\/wp-json\/wp\/v2\/product\/62284","targetHints":{"allow":["GET"]}}],"collection":[{"href":"https:\/\/mouldking.store\/fr\/wp-json\/wp\/v2\/product"}],"about":[{"href":"https:\/\/mouldking.store\/fr\/wp-json\/wp\/v2\/types\/product"}],"replies":[{"embeddable":true,"href":"https:\/\/mouldking.store\/fr\/wp-json\/wp\/v2\/comments?post=62284"}],"wp:featuredmedia":[{"embeddable":true,"href":"https:\/\/mouldking.store\/fr\/wp-json\/wp\/v2\/media\/62283"}],"wp:attachment":[{"href":"https:\/\/mouldking.store\/fr\/wp-json\/wp\/v2\/media?parent=62284"}],"wp:term":[{"taxonomy":"product_cat","embeddable":true,"href":"https:\/\/mouldking.store\/fr\/wp-json\/wp\/v2\/product_cat?post=62284"},{"taxonomy":"product_tag","embeddable":true,"href":"https:\/\/mouldking.store\/fr\/wp-json\/wp\/v2\/product_tag?post=62284"}],"curies":[{"name":"wp","href":"https:\/\/api.w.org\/{rel}","templated":true}]}}