{"id":62292,"date":"2024-11-14T18:09:37","date_gmt":"2024-11-14T11:09:37","guid":{"rendered":"https:\/\/mouldking.store\/shop\/moc-factory-112666-the-mandalorian-with-589-pieces\/"},"modified":"2025-12-16T20:58:51","modified_gmt":"2025-12-16T13:58:51","slug":"moc-factory-112666-the-mandalorian-with-589-pieces","status":"publish","type":"product","link":"https:\/\/mouldking.store\/fr\/shop\/moc-factory-112666-the-mandalorian-with-589-pieces\/","title":{"rendered":"MOC Factory 112666 The Mandalorian avec 589 pi\u00e8ces"},"content":{"rendered":"<div>&nbsp; \u2705 MOC-112666 The Mandalorian<\/p>\n<p>\u2705 <em>The Mandalorian<\/em> is a popular TV series set in the <em>Guerres des \u00e9toiles<\/em> universe, focusing on the journey of Din Djarin, a bounty hunter from the mysterious Mandalorian warrior culture. Created by Jon Favreau and released on Disney+ in 2019, the show follows Din as he navigates the galaxy&#8217;s underworld and confronts various challenges, all while protecting &#8220;The Child&#8221; (also known as Grogu or &#8220;Baby Yoda&#8221;), an infant of the same species as Yoda.&nbsp;<\/p>\n<p>\ud83d\udeabIMPORTANT !<\/p>\n<p>Product Name:&nbsp; The Mandalorian&nbsp;<\/p>\n<p>Category:&nbsp; Star Wars<\/p>\n<p>This Kit Contains:&nbsp; C10185&nbsp;<\/p>\n<p>589 pcs Good Quality Bricks<\/p>\n<p>Size:&nbsp; 19 x 11.2 x 30.2 cm&nbsp;<\/p>\n<p>Weight: 0.49 kg&nbsp;<\/p>\n<p>Instructions PDF<\/p>\n<p>\ud83d\udcccNature du protagoniste<\/p>\n<p>Introducing our proud collection named \u201c The Mandalorian \u201d you should not miss.<\/p>\n<p>&nbsp; Played by Pedro Pascal, he&#8217;s a stoic, skilled bounty hunter who lives by the Mandalorian creed, &#8220;This is the Way.&#8221; Raised by Mandalorians after his parents were killed, he is bound by a strict code, including the tradition of never removing his helmet in front of others.&nbsp; A Force-sensitive infant with mysterious origins. Mando takes on a parental role as he tries to keep Grogu safe from various groups who want to capture him for his powers.&nbsp; The series dives into Mandalorian history and customs, portraying them as a warrior people with a deep code of honor. &#8220;This is the Way&#8221; is a central phrase that reflects their strict adherence to tradition and loyalty.&nbsp;<\/p><\/div>","protected":false},"excerpt":{"rendered":"<p>Marque : MOC Factory<br \/>\nGenre: Unisexe<br \/>\nTranche d&#039;\u00e2ge : &gt; 6 ans<br \/>\nNum\u00e9ro de mod\u00e8le : 112666<br \/>\nClassement : Assemblage<br \/>\nForme de bloc en plastique\u00a0: briques autobloquantes<br \/>\nMat\u00e9riel: Plastique<br \/>\nType de plastique : ABS<br \/>\nBlocs de briques : 589 +<br \/>\nPas de boite d&#039;origine<br \/>\nLe produit n&#039;inclut pas l&#039;autocollant et les pi\u00e8ces imprim\u00e9es. Toutes les pi\u00e8ces imprim\u00e9es seront remplac\u00e9es par des pi\u00e8ces standard et ne seront pas livr\u00e9es avec des accessoires tiers.<\/p>","protected":false},"featured_media":62291,"comment_status":"open","ping_status":"closed","template":"","meta":{"_acf_changed":false},"product_cat":[1365,581,415,1408],"product_tag":[8452,12083,11170,434,436,13755],"class_list":["product","first","instock","shipping-taxable","purchasable","product-type-simple"],"acf":[],"_links":{"self":[{"href":"https:\/\/mouldking.store\/fr\/wp-json\/wp\/v2\/product\/62292","targetHints":{"allow":["GET"]}}],"collection":[{"href":"https:\/\/mouldking.store\/fr\/wp-json\/wp\/v2\/product"}],"about":[{"href":"https:\/\/mouldking.store\/fr\/wp-json\/wp\/v2\/types\/product"}],"replies":[{"embeddable":true,"href":"https:\/\/mouldking.store\/fr\/wp-json\/wp\/v2\/comments?post=62292"}],"wp:featuredmedia":[{"embeddable":true,"href":"https:\/\/mouldking.store\/fr\/wp-json\/wp\/v2\/media\/62291"}],"wp:attachment":[{"href":"https:\/\/mouldking.store\/fr\/wp-json\/wp\/v2\/media?parent=62292"}],"wp:term":[{"taxonomy":"product_cat","embeddable":true,"href":"https:\/\/mouldking.store\/fr\/wp-json\/wp\/v2\/product_cat?post=62292"},{"taxonomy":"product_tag","embeddable":true,"href":"https:\/\/mouldking.store\/fr\/wp-json\/wp\/v2\/product_tag?post=62292"}],"curies":[{"name":"wp","href":"https:\/\/api.w.org\/{rel}","templated":true}]}}