{"id":62322,"date":"2024-11-14T18:10:55","date_gmt":"2024-11-14T11:10:55","guid":{"rendered":"https:\/\/mouldking.store\/shop\/moc-factory-185421-the-lord-of-the-rings-barad-dur-with-1196-pieces\/"},"modified":"2025-12-16T20:58:51","modified_gmt":"2025-12-16T13:58:51","slug":"moc-factory-185421-the-lord-of-the-rings-barad-dur-with-1196-pieces","status":"publish","type":"product","link":"https:\/\/mouldking.store\/fr\/shop\/moc-factory-185421-the-lord-of-the-rings-barad-dur-with-1196-pieces\/","title":{"rendered":"MOC Factory 185421 Le Seigneur des Anneaux Barad-dur avec 1196 pi\u00e8ces"},"content":{"rendered":"<div>&nbsp; \u2705 MOC-185421 The Lord of the Rings Barad-dur<\/p>\n<p>\u2705 <strong>Barad-d\u00fbr<\/strong>, also known as the <strong>Dark Tower<\/strong>, is the massive, fortress-like citadel of the Dark Lord Sauron in <em>J.R.R. Tolkien&#8217;s<\/em> <em>Le Seigneur des Anneaux<\/em>. Located in the land of Mordor, Barad-d\u00fbr is a symbol of Sauron&#8217;s power and his oppressive presence over Middle-earth.&nbsp;<\/p>\n<p>\ud83d\udeabIMPORTANT !<\/p>\n<p>Product Name:&nbsp; The Lord of the Rings Barad-dur&nbsp;<\/p>\n<p>Cat\u00e9gorie : Film<\/p>\n<p>This Kit Contains:&nbsp; C10203&nbsp;<\/p>\n<p>1196 pcs Good Quality Bricks<\/p>\n<p>Size:&nbsp; 16 x 32 x 96 cm&nbsp;<\/p>\n<p>Poids\u00a0: 1,54\u00a0kg&nbsp;<\/p>\n<p>Instructions PDF<\/p>\n<p>\ud83d\udcccNature du protagoniste<\/p>\n<p>Introducing our proud collection named \u201c The Lord of the Rings Barad-dur \u201d you should not miss.<\/p>\n<p>&nbsp; Built initially in the Second Age, Barad-d\u00fbr was constructed by Sauron with the power of the One Ring, which bound the structure to his will and made it virtually indestructible. Its vast construction took over 600 years and was considered one of the greatest works of evil in Middle-earth. When Sauron was defeated at the end of the Second Age and the One Ring was taken, Barad-d\u00fbr was destroyed but rebuilt by Sauron in the Third Age as his power returned.&nbsp;<\/p><\/div>","protected":false},"excerpt":{"rendered":"<p>Marque : MOC Factory<br \/>\nGenre: Unisexe<br \/>\nTranche d&#039;\u00e2ge : &gt; 6 ans<br \/>\nNum\u00e9ro de mod\u00e8le : 185421<br \/>\nClassement : Assemblage<br \/>\nForme de bloc en plastique\u00a0: briques autobloquantes<br \/>\nMat\u00e9riel: Plastique<br \/>\nType de plastique : ABS<br \/>\nBlocs de briques : 1196 +<br \/>\nPas de boite d&#039;origine<br \/>\nLe produit n&#039;inclut pas l&#039;autocollant et les pi\u00e8ces imprim\u00e9es. Toutes les pi\u00e8ces imprim\u00e9es seront remplac\u00e9es par des pi\u00e8ces standard et ne seront pas livr\u00e9es avec des accessoires tiers.<\/p>","protected":false},"featured_media":62321,"comment_status":"open","ping_status":"closed","template":"","meta":{"_acf_changed":false},"product_cat":[1365,1395,390,581,1408],"product_tag":[13759,8452,13326,392,434,13194,6169,13758],"class_list":["product","first","instock","shipping-taxable","purchasable","product-type-simple"],"acf":[],"_links":{"self":[{"href":"https:\/\/mouldking.store\/fr\/wp-json\/wp\/v2\/product\/62322","targetHints":{"allow":["GET"]}}],"collection":[{"href":"https:\/\/mouldking.store\/fr\/wp-json\/wp\/v2\/product"}],"about":[{"href":"https:\/\/mouldking.store\/fr\/wp-json\/wp\/v2\/types\/product"}],"replies":[{"embeddable":true,"href":"https:\/\/mouldking.store\/fr\/wp-json\/wp\/v2\/comments?post=62322"}],"wp:featuredmedia":[{"embeddable":true,"href":"https:\/\/mouldking.store\/fr\/wp-json\/wp\/v2\/media\/62321"}],"wp:attachment":[{"href":"https:\/\/mouldking.store\/fr\/wp-json\/wp\/v2\/media?parent=62322"}],"wp:term":[{"taxonomy":"product_cat","embeddable":true,"href":"https:\/\/mouldking.store\/fr\/wp-json\/wp\/v2\/product_cat?post=62322"},{"taxonomy":"product_tag","embeddable":true,"href":"https:\/\/mouldking.store\/fr\/wp-json\/wp\/v2\/product_tag?post=62322"}],"curies":[{"name":"wp","href":"https:\/\/api.w.org\/{rel}","templated":true}]}}