{"id":62330,"date":"2024-11-14T18:11:17","date_gmt":"2024-11-14T11:11:17","guid":{"rendered":"https:\/\/mouldking.store\/shop\/moc-factory-89030-smiling-friends-glep-pim-charlie-alan-mr-frog-with-603-pieces\/"},"modified":"2025-12-16T20:58:51","modified_gmt":"2025-12-16T13:58:51","slug":"moc-factory-89030-smiling-friends-glep-pim-charlie-alan-mr-frog-with-603-pieces","status":"publish","type":"product","link":"https:\/\/mouldking.store\/fr\/shop\/moc-factory-89030-smiling-friends-glep-pim-charlie-alan-mr-frog-with-603-pieces\/","title":{"rendered":"MOC Factory 89030 Smiling Friends Glep Pim Charlie Alan Mr Frog avec 603 pi\u00e8ces"},"content":{"rendered":"<div>&nbsp; \u2705 MOC-89030 Smiling Friends Glep Pim Charlie Alan Mr Frog<\/p>\n<p>\u2705 <em>Smiling Friends<\/em> is an animated series created by <strong>Zach Hadel<\/strong> and <strong>Michael Cusack<\/strong>, known for its dark humor, absurdist comedy, and distinctive art style. The show follows a group of quirky characters working for a company called Smiling Friends, whose primary job is to make people happy, even though their methods and personalities often lead to bizarre and sometimes dark situations.<\/p>\n<p>\ud83d\udeabIMPORTANT !<\/p>\n<p>Product Name:&nbsp; Smiling Friends Glep Pim Charlie Alan Mr Frog<\/p>\n<p>Cat\u00e9gorie : Film<\/p>\n<p>This Kit Contains:&nbsp; C10204Y01<\/p>\n<p>603 pcs Good Quality Bricks<\/p>\n<p>Size:&nbsp; 5.2 x 6.4 x 8.5 cm<\/p>\n<p>Poids\u00a0: 0,33\u00a0kg<\/p>\n<p>Instructions PDF<\/p>\n<p>\ud83d\udcccNature du protagoniste<\/p>\n<p>Introducing our proud collection named \u201c Smiling Friends Glep Pim Charlie Alan Mr Frog \u201d you should not miss.<\/p>\n<p>&nbsp; Glep is a rather unusual and goofy character in <em>Smiling Friends<\/em>, known for his strange, alien-like appearance. He is often seen working as a low-level employee at Smiling Friends.&nbsp; Pim is one of the two main characters who run Smiling Friends alongside Charlie. He is a short, orange, and somewhat hyperactive figure with a somewhat carefree and often reckless attitude.&nbsp; Charlie is the other main character of Smiling Friends, working alongside Pim. He is more grounded compared to Pim, but still partakes in the oddities of their job.&nbsp; Alan is another employee of Smiling Friends. He\u2019s a strange and somewhat mysterious character who doesn\u2019t speak much and is often seen as a bit of an outsider.&nbsp; Mr. Frog is a character in <em>Smiling Friends<\/em> who is known for his energetic and bizarre personality. He\u2019s a recurring character who brings a lot of the show\u2019s signature absurdity and randomness.&nbsp;<\/div>","protected":false},"excerpt":{"rendered":"<p>Marque : MOC Factory<br \/>\nGenre: Unisexe<br \/>\nTranche d&#039;\u00e2ge : &gt; 6 ans<br \/>\nNum\u00e9ro de mod\u00e8le : 89030<br \/>\nClassement : Assemblage<br \/>\nForme de bloc en plastique\u00a0: briques autobloquantes<br \/>\nMat\u00e9riel: Plastique<br \/>\nType de plastique : ABS<br \/>\nBlocs de briques : 603 +<br \/>\nPas de boite d&#039;origine<br \/>\nLe produit n&#039;inclut pas l&#039;autocollant et les pi\u00e8ces imprim\u00e9es. Toutes les pi\u00e8ces imprim\u00e9es seront remplac\u00e9es par des pi\u00e8ces standard et ne seront pas livr\u00e9es avec des accessoires tiers.<\/p>","protected":false},"featured_media":62329,"comment_status":"open","ping_status":"closed","template":"","meta":{"_acf_changed":false},"product_cat":[1365,371,581,1408],"product_tag":[13723,13722,11072,11775,8452,13720,434,13724,13721,13719],"class_list":["product","first","instock","shipping-taxable","purchasable","product-type-simple"],"acf":[],"_links":{"self":[{"href":"https:\/\/mouldking.store\/fr\/wp-json\/wp\/v2\/product\/62330","targetHints":{"allow":["GET"]}}],"collection":[{"href":"https:\/\/mouldking.store\/fr\/wp-json\/wp\/v2\/product"}],"about":[{"href":"https:\/\/mouldking.store\/fr\/wp-json\/wp\/v2\/types\/product"}],"replies":[{"embeddable":true,"href":"https:\/\/mouldking.store\/fr\/wp-json\/wp\/v2\/comments?post=62330"}],"wp:featuredmedia":[{"embeddable":true,"href":"https:\/\/mouldking.store\/fr\/wp-json\/wp\/v2\/media\/62329"}],"wp:attachment":[{"href":"https:\/\/mouldking.store\/fr\/wp-json\/wp\/v2\/media?parent=62330"}],"wp:term":[{"taxonomy":"product_cat","embeddable":true,"href":"https:\/\/mouldking.store\/fr\/wp-json\/wp\/v2\/product_cat?post=62330"},{"taxonomy":"product_tag","embeddable":true,"href":"https:\/\/mouldking.store\/fr\/wp-json\/wp\/v2\/product_tag?post=62330"}],"curies":[{"name":"wp","href":"https:\/\/api.w.org\/{rel}","templated":true}]}}