{"id":62335,"date":"2024-11-14T18:11:42","date_gmt":"2024-11-14T11:11:42","guid":{"rendered":"https:\/\/mouldking.store\/shop\/moc-factory-91029-winter-architecture-alpine-lodge-with-2231-pieces\/"},"modified":"2025-12-16T20:58:51","modified_gmt":"2025-12-16T13:58:51","slug":"moc-factory-91029-winter-architecture-alpine-lodge-with-2231-pieces","status":"publish","type":"product","link":"https:\/\/mouldking.store\/fr\/shop\/moc-factory-91029-winter-architecture-alpine-lodge-with-2231-pieces\/","title":{"rendered":"MOC Factory 91029 Architecture hivernale Chalet alpin avec 2231 pi\u00e8ces"},"content":{"rendered":"<div>&nbsp; \u2705 MOC-91029 Winter Architecture Alpine Lodge<\/p>\n<p>\u2705 A winter alpine lodge captures the essence of mountain charm with an architectural design tailored for snowy landscapes and cozy comfort. These lodges typically feature natural materials like stone and wood, creating a rustic yet refined look that blends seamlessly with the surrounding alpine environment.&nbsp;<\/p>\n<p>\ud83d\udeabIMPORTANT !<\/p>\n<p>Product Name:&nbsp; Winter Architecture Alpine Lodge&nbsp;<\/p>\n<p>Cat\u00e9gorie : Construction Modulaire<\/p>\n<p>This Kit Contains:&nbsp; C10229&nbsp;<\/p>\n<p>&nbsp;2231 pcs Good Quality Bricks<\/p>\n<p>Size:&nbsp; 17 x 16 x 22 cm&nbsp;<\/p>\n<p>&nbsp;Weight: 1.24 kg&nbsp;<\/p>\n<p>Instructions PDF<\/p>\n<p>\ud83d\udcccNature du protagoniste<\/p>\n<p>Introducing our proud collection named \u201c Winter Architecture Alpine Lodge \u201d you should not miss.<\/p>\n<p>&nbsp; Alpine lodges are designed to be a haven from the elements, blending comfort, style, and a connection to the rugged natural beauty of winter landscapes.&nbsp;<\/p><\/div>","protected":false},"excerpt":{"rendered":"<p>Marque : MOC Factory<br \/>\nGenre: Unisexe<br \/>\nTranche d&#039;\u00e2ge : &gt; 6 ans<br \/>\nNum\u00e9ro de mod\u00e8le : 91029<br \/>\nClassement : Assemblage<br \/>\nForme de bloc en plastique\u00a0: briques autobloquantes<br \/>\nMat\u00e9riel: Plastique<br \/>\nType de plastique : ABS<br \/>\nBlocs de briques : 2231 +<br \/>\nPas de boite d&#039;origine<br \/>\nLe produit n&#039;inclut pas l&#039;autocollant et les pi\u00e8ces imprim\u00e9es. Toutes les pi\u00e8ces imprim\u00e9es seront remplac\u00e9es par des pi\u00e8ces standard et ne seront pas livr\u00e9es avec des accessoires tiers.<\/p>","protected":false},"featured_media":62334,"comment_status":"open","ping_status":"closed","template":"","meta":{"_acf_changed":false},"product_cat":[1365,1395,371,390],"product_tag":[13760,11260,1066,11072,8452,12734,392,13761,10511],"class_list":["product","first","instock","shipping-taxable","purchasable","product-type-simple"],"acf":[],"_links":{"self":[{"href":"https:\/\/mouldking.store\/fr\/wp-json\/wp\/v2\/product\/62335","targetHints":{"allow":["GET"]}}],"collection":[{"href":"https:\/\/mouldking.store\/fr\/wp-json\/wp\/v2\/product"}],"about":[{"href":"https:\/\/mouldking.store\/fr\/wp-json\/wp\/v2\/types\/product"}],"replies":[{"embeddable":true,"href":"https:\/\/mouldking.store\/fr\/wp-json\/wp\/v2\/comments?post=62335"}],"wp:featuredmedia":[{"embeddable":true,"href":"https:\/\/mouldking.store\/fr\/wp-json\/wp\/v2\/media\/62334"}],"wp:attachment":[{"href":"https:\/\/mouldking.store\/fr\/wp-json\/wp\/v2\/media?parent=62335"}],"wp:term":[{"taxonomy":"product_cat","embeddable":true,"href":"https:\/\/mouldking.store\/fr\/wp-json\/wp\/v2\/product_cat?post=62335"},{"taxonomy":"product_tag","embeddable":true,"href":"https:\/\/mouldking.store\/fr\/wp-json\/wp\/v2\/product_tag?post=62335"}],"curies":[{"name":"wp","href":"https:\/\/api.w.org\/{rel}","templated":true}]}}