{"id":62337,"date":"2024-11-14T18:11:43","date_gmt":"2024-11-14T11:11:43","guid":{"rendered":"https:\/\/mouldking.store\/shop\/moc-factory-154779-the-iron-giant-with-1796-pieces\/"},"modified":"2025-12-16T20:58:51","modified_gmt":"2025-12-16T13:58:51","slug":"moc-factory-154779-the-iron-giant-with-1796-pieces","status":"publish","type":"product","link":"https:\/\/mouldking.store\/fr\/shop\/moc-factory-154779-the-iron-giant-with-1796-pieces\/","title":{"rendered":"MOC Factory 154779 Le G\u00e9ant de Fer avec 1796 pi\u00e8ces"},"content":{"rendered":"<div>&nbsp;<\/div>\n<div>&nbsp;\u2705 MOC-154779 The Iron Giant<\/p>\n<p>\u2705 <em>The Iron Giant<\/em> is a 1999 animated film directed by Brad Bird, based on the 1968 novel <em>The Iron Man<\/em> by Ted Hughes. Set during the Cold War in 1957, it follows the story of a young boy named Hogarth Hughes who discovers a giant alien robot that falls from space and lands near the small town of Rockwell, Maine. Hogarth and the robot develop a friendship, but as the government becomes aware of the Iron Giant&#8217;s existence, tensions rise, culminating in an intense exploration of war, fear, and humanity.&nbsp;<\/p>\n<p>\ud83d\udeabIMPORTANT !<\/p>\n<p>Product Name:&nbsp; The Iron Giant&nbsp;<\/p>\n<p>Cat\u00e9gorie : Film<\/p>\n<p>This Kit Contains:&nbsp; C10216&nbsp;<\/p>\n<p>1796 pcs Good Quality Bricks<\/p>\n<p>Size:&nbsp; 32 x 15 x 32 cm&nbsp;<\/p>\n<p>Weight: 1.4 kg&nbsp;<\/p>\n<p>Instructions PDF<\/p>\n<p>\ud83d\udcccNature du protagoniste<\/p>\n<p>Introducing our proud collection named \u201c The Iron Giant \u201d you should not miss.<br \/>&nbsp;<\/div>\n<div>The film is well-loved for its emotional depth, storytelling, and its strong anti-violence message. It emphasizes themes like friendship, bravery, and choosing who you want to be, particularly seen in the Iron Giant\u2019s memorable line, \u201cYou are who you choose to be.\u201d This message, along with the beautiful animation and voice acting\u2014including Vin Diesel as the voice of the Giant\u2014has helped <em>The Iron Giant<\/em> achieve a near-cult status over the years.&nbsp;<\/div>","protected":false},"excerpt":{"rendered":"<p>Marque : MOC Factory<br \/>\nGenre: Unisexe<br \/>\nTranche d&#039;\u00e2ge : &gt; 6 ans<br \/>\nModel Number: 154779<br \/>\nClassement : Assemblage<br \/>\nForme de bloc en plastique\u00a0: briques autobloquantes<br \/>\nMat\u00e9riel: Plastique<br \/>\nType de plastique : ABS<br \/>\nBricks Blocks: 1796 +<br \/>\nPas de boite d&#039;origine<br \/>\nLe produit n&#039;inclut pas l&#039;autocollant et les pi\u00e8ces imprim\u00e9es. Toutes les pi\u00e8ces imprim\u00e9es seront remplac\u00e9es par des pi\u00e8ces standard et ne seront pas livr\u00e9es avec des accessoires tiers.<\/p>","protected":false},"featured_media":62336,"comment_status":"open","ping_status":"closed","template":"","meta":{"_acf_changed":false},"product_cat":[1365,371,581,1408],"product_tag":[11072,8452,10403,8789,434,590],"class_list":["product","first","instock","shipping-taxable","purchasable","product-type-simple"],"acf":[],"_links":{"self":[{"href":"https:\/\/mouldking.store\/fr\/wp-json\/wp\/v2\/product\/62337","targetHints":{"allow":["GET"]}}],"collection":[{"href":"https:\/\/mouldking.store\/fr\/wp-json\/wp\/v2\/product"}],"about":[{"href":"https:\/\/mouldking.store\/fr\/wp-json\/wp\/v2\/types\/product"}],"replies":[{"embeddable":true,"href":"https:\/\/mouldking.store\/fr\/wp-json\/wp\/v2\/comments?post=62337"}],"wp:featuredmedia":[{"embeddable":true,"href":"https:\/\/mouldking.store\/fr\/wp-json\/wp\/v2\/media\/62336"}],"wp:attachment":[{"href":"https:\/\/mouldking.store\/fr\/wp-json\/wp\/v2\/media?parent=62337"}],"wp:term":[{"taxonomy":"product_cat","embeddable":true,"href":"https:\/\/mouldking.store\/fr\/wp-json\/wp\/v2\/product_cat?post=62337"},{"taxonomy":"product_tag","embeddable":true,"href":"https:\/\/mouldking.store\/fr\/wp-json\/wp\/v2\/product_tag?post=62337"}],"curies":[{"name":"wp","href":"https:\/\/api.w.org\/{rel}","templated":true}]}}