{"id":62373,"date":"2024-11-14T18:18:03","date_gmt":"2024-11-14T11:18:03","guid":{"rendered":"https:\/\/mouldking.store\/shop\/moc-factory-89025-i-love-lucy-lucy-ricardo-ethel-mertz-with-455-pieces\/"},"modified":"2025-12-16T20:58:50","modified_gmt":"2025-12-16T13:58:50","slug":"moc-factory-89025-i-love-lucy-lucy-ricardo-ethel-mertz-with-455-pieces","status":"publish","type":"product","link":"https:\/\/mouldking.store\/fr\/shop\/moc-factory-89025-i-love-lucy-lucy-ricardo-ethel-mertz-with-455-pieces\/","title":{"rendered":"MOC Factory 89025 I Love Lucy Lucy Ricardo Ethel Mertz avec 455 pi\u00e8ces"},"content":{"rendered":"<div>&nbsp; \u2705 MOC-89025 I Love Lucy Lucy Ricardo Ethel Mertz<\/p>\n<p>\u2705 <em>I Love Lucy<\/em> is a classic American sitcom that aired from 1951 to 1957, featuring the comedic adventures of Lucy Ricardo (played by Lucille Ball) and her best friend Ethel Mertz (Vivian Vance). The show is set in New York City and centers on Lucy&#8217;s many escapades as she dreams of stardom and constantly tries to break into show business, often with hilarious and chaotic results.<\/p>\n<p>\ud83d\udeabIMPORTANT !<\/p>\n<p>Product Name:&nbsp; I Love Lucy Lucy Ricardo Ethel Mertz<\/p>\n<p>Cat\u00e9gorie : Film<\/p>\n<p>This Kit Contains:&nbsp; F-C10107<\/p>\n<p>455 pcs Good Quality Bricks<\/p>\n<p>Weight: 0.5 kg<\/p>\n<p>Instructions PDF<\/p>\n<p>\ud83d\udcccNature du protagoniste<\/p>\n<p>Introducing our proud collection named \u201c&nbsp; I Love Lucy Lucy Ricardo Ethel Mertz \u201d you should not miss.<\/p>\n<p>&nbsp; <strong>Lucy Ricardo<\/strong> is the mischievous, high-spirited, and ambitious wife of Ricky Ricardo, a Cuban-American bandleader (played by Desi Arnaz). Her curiosity and desire for fame lead her into endless comedic situations, from getting into slapstick trouble at her husband\u2019s club to attempting wild stunts to prove her acting skills. Lucy is famous for her expressive physical comedy and iconic scenes, like the unforgettable chocolate factory episode and the wine-stomping fiasco.&nbsp; <strong>Ethel Mertz<\/strong> is Lucy&#8217;s loyal but occasionally skeptical best friend and partner in crime. Married to Fred Mertz (William Frawley), the Ricardos&#8217; landlord and Ricky\u2019s friend, Ethel is often drawn into Lucy&#8217;s schemes, despite her better judgment. She shares a close, often sarcastic friendship with Lucy, serving as the voice of reason but also reveling in their antics. Though Ethel sometimes tries to keep Lucy out of trouble, she just as often ends up being a willing co-conspirator, adding to the fun.&nbsp;<\/div>","protected":false},"excerpt":{"rendered":"<p>Marque : MOC Factory<br \/>\nGenre: Unisexe<br \/>\nTranche d&#039;\u00e2ge : &gt; 6 ans<br \/>\nModel Number: 89025<br \/>\nClassement : Assemblage<br \/>\nForme de bloc en plastique\u00a0: briques autobloquantes<br \/>\nMat\u00e9riel: Plastique<br \/>\nType de plastique : ABS<br \/>\nBricks Blocks: 455 +<br \/>\nPas de boite d&#039;origine<br \/>\nLe produit n&#039;inclut pas l&#039;autocollant et les pi\u00e8ces imprim\u00e9es. Toutes les pi\u00e8ces imprim\u00e9es seront remplac\u00e9es par des pi\u00e8ces standard et ne seront pas livr\u00e9es avec des accessoires tiers.<\/p>","protected":false},"featured_media":62372,"comment_status":"open","ping_status":"closed","template":"","meta":{"_acf_changed":false},"product_cat":[1365,371,581,1408],"product_tag":[11072,8452,13771,6522,13769,434,13770],"class_list":["product","first","instock","shipping-taxable","purchasable","product-type-simple"],"acf":[],"_links":{"self":[{"href":"https:\/\/mouldking.store\/fr\/wp-json\/wp\/v2\/product\/62373","targetHints":{"allow":["GET"]}}],"collection":[{"href":"https:\/\/mouldking.store\/fr\/wp-json\/wp\/v2\/product"}],"about":[{"href":"https:\/\/mouldking.store\/fr\/wp-json\/wp\/v2\/types\/product"}],"replies":[{"embeddable":true,"href":"https:\/\/mouldking.store\/fr\/wp-json\/wp\/v2\/comments?post=62373"}],"wp:featuredmedia":[{"embeddable":true,"href":"https:\/\/mouldking.store\/fr\/wp-json\/wp\/v2\/media\/62372"}],"wp:attachment":[{"href":"https:\/\/mouldking.store\/fr\/wp-json\/wp\/v2\/media?parent=62373"}],"wp:term":[{"taxonomy":"product_cat","embeddable":true,"href":"https:\/\/mouldking.store\/fr\/wp-json\/wp\/v2\/product_cat?post=62373"},{"taxonomy":"product_tag","embeddable":true,"href":"https:\/\/mouldking.store\/fr\/wp-json\/wp\/v2\/product_tag?post=62373"}],"curies":[{"name":"wp","href":"https:\/\/api.w.org\/{rel}","templated":true}]}}