{"id":62379,"date":"2024-11-14T18:18:43","date_gmt":"2024-11-14T11:18:43","guid":{"rendered":"https:\/\/mouldking.store\/shop\/moc-factory-89022-call-of-duty-monkey-bomb-with-459-pieces\/"},"modified":"2025-12-16T20:58:50","modified_gmt":"2025-12-16T13:58:50","slug":"moc-factory-89022-call-of-duty-monkey-bomb-with-459-pieces","status":"publish","type":"product","link":"https:\/\/mouldking.store\/fr\/shop\/moc-factory-89022-call-of-duty-monkey-bomb-with-459-pieces\/","title":{"rendered":"MOC Factory 89022 Call of Duty Monkey Bomb avec 459 pi\u00e8ces"},"content":{"rendered":"<div>&nbsp;<\/div>\n<div>&nbsp;\u2705 MOC-89022 Call of Duty Monkey Bomb<\/p>\n<p>\u2705 In <em>Call of Duty: Zombies<\/em>, the <strong>Monkey Bomb<\/strong> is a tactical item introduced in <em>Call of Duty: World at War<\/em> and has since appeared in various later <em>Call of Duty<\/em> titles. It serves as a powerful, yet fun, utility during the zombie survival modes.&nbsp;<\/p>\n<p>\ud83d\udeabIMPORTANT !<\/p>\n<p>Product Name:&nbsp; Call of Duty Monkey Bomb&nbsp;<\/p>\n<p>Cat\u00e9gorie : Film<\/p>\n<p>This Kit Contains:&nbsp; F-C9919&nbsp;<\/p>\n<p>459 pcs Good Quality Bricks<\/p>\n<p>Weight: 0.63 kg&nbsp;<\/p>\n<p>Instructions PDF<\/p>\n<p>\ud83d\udcccNature du protagoniste<\/p>\n<p>Introducing our proud collection named \u201c Call of Duty Monkey Bomb \u201d you should not miss.<br \/>&nbsp;<\/div>\n<div>The Monkey Bomb is a small, mechanical toy in the shape of a monkey, often depicted with cymbals. When thrown, it emits a loud, distracting sound (usually cymbal clashing) that attracts nearby zombies to it. This effect causes the zombies to swarm the Monkey Bomb, giving players a temporary break from the overwhelming horde. The Monkey Bomb then explodes, killing all zombies in its vicinity in a dramatic burst of light and sound.&nbsp; The Monkey Bomb is often used as a lifesaver, allowing players to escape dangerous situations or revive downed teammates. It&#8217;s particularly effective when players are cornered, providing an opportunity to regroup, reload, or heal. The explosive nature of the bomb also helps clear out a large portion of zombies at once, which is especially useful during intense rounds with large waves of enemies.&nbsp;<\/div>","protected":false},"excerpt":{"rendered":"<p>Marque : MOC Factory<br \/>\nGenre: Unisexe<br \/>\nTranche d&#039;\u00e2ge : &gt; 6 ans<br \/>\nModel Number: 89022<br \/>\nClassement : Assemblage<br \/>\nForme de bloc en plastique\u00a0: briques autobloquantes<br \/>\nMat\u00e9riel: Plastique<br \/>\nType de plastique : ABS<br \/>\nBricks Blocks: 459 +<br \/>\nPas de boite d&#039;origine<br \/>\nLe produit n&#039;inclut pas l&#039;autocollant et les pi\u00e8ces imprim\u00e9es. Toutes les pi\u00e8ces imprim\u00e9es seront remplac\u00e9es par des pi\u00e8ces standard et ne seront pas livr\u00e9es avec des accessoires tiers.<\/p>","protected":false},"featured_media":62378,"comment_status":"open","ping_status":"closed","template":"","meta":{"_acf_changed":false},"product_cat":[1365,371,581,1408],"product_tag":[5533,13486,11072,8452,7165,434],"class_list":["product","first","outofstock","shipping-taxable","purchasable","product-type-simple"],"acf":[],"_links":{"self":[{"href":"https:\/\/mouldking.store\/fr\/wp-json\/wp\/v2\/product\/62379","targetHints":{"allow":["GET"]}}],"collection":[{"href":"https:\/\/mouldking.store\/fr\/wp-json\/wp\/v2\/product"}],"about":[{"href":"https:\/\/mouldking.store\/fr\/wp-json\/wp\/v2\/types\/product"}],"replies":[{"embeddable":true,"href":"https:\/\/mouldking.store\/fr\/wp-json\/wp\/v2\/comments?post=62379"}],"wp:featuredmedia":[{"embeddable":true,"href":"https:\/\/mouldking.store\/fr\/wp-json\/wp\/v2\/media\/62378"}],"wp:attachment":[{"href":"https:\/\/mouldking.store\/fr\/wp-json\/wp\/v2\/media?parent=62379"}],"wp:term":[{"taxonomy":"product_cat","embeddable":true,"href":"https:\/\/mouldking.store\/fr\/wp-json\/wp\/v2\/product_cat?post=62379"},{"taxonomy":"product_tag","embeddable":true,"href":"https:\/\/mouldking.store\/fr\/wp-json\/wp\/v2\/product_tag?post=62379"}],"curies":[{"name":"wp","href":"https:\/\/api.w.org\/{rel}","templated":true}]}}