{"id":62384,"date":"2024-11-14T18:19:02","date_gmt":"2024-11-14T11:19:02","guid":{"rendered":"https:\/\/mouldking.store\/shop\/moc-factory-89021-mecha-robot-with-867-pieces\/"},"modified":"2025-12-16T20:58:50","modified_gmt":"2025-12-16T13:58:50","slug":"moc-factory-89021-mecha-robot-with-867-pieces","status":"publish","type":"product","link":"https:\/\/mouldking.store\/fr\/shop\/moc-factory-89021-mecha-robot-with-867-pieces\/","title":{"rendered":"Robot Mecha MOC Factory 89021 avec 867 pi\u00e8ces"},"content":{"rendered":"<div>&nbsp; \u2705 MOC-89021 Mecha Robot<\/p>\n<p>\u2705 A <strong>Mecha Robot<\/strong> refers to a large, often humanoid machine, typically piloted by a human or controlled through advanced technology, and is a staple of science fiction, particularly in anime, video games, and films. These towering mechanical beings are designed for various purposes, from warfare to exploration, and often symbolize the merging of human ingenuity and technological power.&nbsp;<\/p>\n<p>\ud83d\udeabIMPORTANT !<\/p>\n<p>Product Name:&nbsp; Mecha Robot&nbsp;<\/p>\n<p>Cat\u00e9gorie\u00a0: Cr\u00e9ateur<\/p>\n<p>This Kit Contains:&nbsp; F-C9921&nbsp;<\/p>\n<p>867 pcs Good Quality Bricks<\/p>\n<p>Weight: 0.76 kg&nbsp;<\/p>\n<p>Instructions PDF<\/p>\n<p>\ud83d\udcccNature du protagoniste<\/p>\n<p>Introducing our proud collection named \u201c Mecha Robot \u201d you should not miss.<\/p>\n<p>&nbsp; Many mecha robots are designed with a humanoid shape, featuring two legs, arms, and a head. This form allows for efficient interaction with environments designed for humans and often enhances the robot\u2019s ability to fight or perform complex tasks.&nbsp; Mechas are typically outfitted with advanced armor to withstand heavy combat, as well as powerful weapons like laser guns, missiles, swords, and other futuristic armaments. These weapons can be used in large-scale battles against other mechs or formidable enemies.&nbsp;<\/p><\/div>","protected":false},"excerpt":{"rendered":"<p>Marque : MOC Factory<br \/>\nGenre: Unisexe<br \/>\nTranche d&#039;\u00e2ge : &gt; 6 ans<br \/>\nModel Number: 89021<br \/>\nClassement : Assemblage<br \/>\nForme de bloc en plastique\u00a0: briques autobloquantes<br \/>\nMat\u00e9riel: Plastique<br \/>\nType de plastique : ABS<br \/>\nBricks Blocks: 867 +<br \/>\nPas de boite d&#039;origine<br \/>\nLe produit n&#039;inclut pas l&#039;autocollant et les pi\u00e8ces imprim\u00e9es. Toutes les pi\u00e8ces imprim\u00e9es seront remplac\u00e9es par des pi\u00e8ces standard et ne seront pas livr\u00e9es avec des accessoires tiers.<\/p>","protected":false},"featured_media":62383,"comment_status":"open","ping_status":"closed","template":"","meta":{"_acf_changed":false},"product_cat":[1365,371],"product_tag":[11072,8452,9302,590],"class_list":["product","first","instock","shipping-taxable","purchasable","product-type-simple"],"acf":[],"_links":{"self":[{"href":"https:\/\/mouldking.store\/fr\/wp-json\/wp\/v2\/product\/62384","targetHints":{"allow":["GET"]}}],"collection":[{"href":"https:\/\/mouldking.store\/fr\/wp-json\/wp\/v2\/product"}],"about":[{"href":"https:\/\/mouldking.store\/fr\/wp-json\/wp\/v2\/types\/product"}],"replies":[{"embeddable":true,"href":"https:\/\/mouldking.store\/fr\/wp-json\/wp\/v2\/comments?post=62384"}],"wp:featuredmedia":[{"embeddable":true,"href":"https:\/\/mouldking.store\/fr\/wp-json\/wp\/v2\/media\/62383"}],"wp:attachment":[{"href":"https:\/\/mouldking.store\/fr\/wp-json\/wp\/v2\/media?parent=62384"}],"wp:term":[{"taxonomy":"product_cat","embeddable":true,"href":"https:\/\/mouldking.store\/fr\/wp-json\/wp\/v2\/product_cat?post=62384"},{"taxonomy":"product_tag","embeddable":true,"href":"https:\/\/mouldking.store\/fr\/wp-json\/wp\/v2\/product_tag?post=62384"}],"curies":[{"name":"wp","href":"https:\/\/api.w.org\/{rel}","templated":true}]}}