{"id":62391,"date":"2024-11-14T18:19:54","date_gmt":"2024-11-14T11:19:54","guid":{"rendered":"https:\/\/mouldking.store\/shop\/moc-factory-89024-beetlejuice-barbara-maitland-and-adam-maitland-sandworm-with-522-pieces\/"},"modified":"2025-12-16T20:58:50","modified_gmt":"2025-12-16T13:58:50","slug":"moc-factory-89024-beetlejuice-barbara-maitland-and-adam-maitland-sandworm-with-522-pieces","status":"publish","type":"product","link":"https:\/\/mouldking.store\/fr\/shop\/moc-factory-89024-beetlejuice-barbara-maitland-and-adam-maitland-sandworm-with-522-pieces\/","title":{"rendered":"MOC Factory 89024 Beetlejuice Barbara Maitland et Adam Maitland Sandworm avec 522 pi\u00e8ces"},"content":{"rendered":"<div>&nbsp; \u2705 MOC-89024 Beetlejuice Barbara Maitland and Adam Maitland Sandworm<\/p>\n<p>\u2705 <em>Beetlejuice<\/em>, directed by Tim Burton, is a 1988 cult classic horror-comedy film that follows the story of Barbara and Adam Maitland, a recently deceased couple who find themselves trapped as ghosts in their own home. When a new family moves in, disrupting their peace, they attempt to scare them away with the help of an eccentric \u201cbio-exorcist\u201d named Beetlejuice (played by Michael Keaton), leading to chaos and dark humor.<\/p>\n<p>\ud83d\udeabIMPORTANT !<\/p>\n<p>Product Name:&nbsp; Beetlejuice Barbara Maitland and Adam Maitland Sandworm<\/p>\n<p>Cat\u00e9gorie : Film<\/p>\n<p>This Kit Contains:&nbsp; F-C10122<\/p>\n<p>522 pcs Good Quality Bricks<\/p>\n<p>Weight: 0.53 kg<\/p>\n<p>Instructions PDF<\/p>\n<p>\ud83d\udcccNature du protagoniste<\/p>\n<p>Introducing our proud collection named \u201c Beetlejuice Barbara Maitland and Adam Maitland Sandworm \u201d you should not miss.<\/p>\n<p>&nbsp; <strong>Barbara Maitland<\/strong> (Geena Davis) and <strong>Adam Maitland<\/strong> (Alec Baldwin) are a gentle, loving couple whose lives are cut short in a tragic accident. Stuck in the afterlife, they are challenged by navigating the rules of haunting, a surreal and often comedic look at the world beyond. Their personalities are down-to-earth and sweet, which contrasts with the dark and chaotic Beetlejuice they eventually summon to help them. Barbara and Adam attempt to embrace their new roles as ghosts, even trying quirky scare tactics, though their innate kindness makes them fairly ineffective as \u201cmonsters.\u201d&nbsp; <strong>The Sandworm<\/strong> is a monstrous creature native to Saturn, introduced in the movie\u2019s iconic desert-scape scenes. When Barbara or Adam accidentally step outside the boundaries of their home, they find themselves in a desolate, otherworldly desert inhabited by these gigantic, serpentine sandworms. The sandworms are visually striking with their black-and-white striped bodies and terrifying jaws, embodying a nightmarish threat in the afterlife\u2019s otherwise bureaucratic, absurdly humorous setting. The sandworms symbolize the danger that lurks for ghosts straying too far from their haunting grounds, making them one of <em>Beetlejuice<\/em>\u2019s most memorable creatures.&nbsp;<\/div>","protected":false},"excerpt":{"rendered":"<p>Marque : MOC Factory<br \/>\nGenre: Unisexe<br \/>\nTranche d&#039;\u00e2ge : &gt; 6 ans<br \/>\nModel Number: 89024<br \/>\nClassement : Assemblage<br \/>\nForme de bloc en plastique\u00a0: briques autobloquantes<br \/>\nMat\u00e9riel: Plastique<br \/>\nType de plastique : ABS<br \/>\nBricks Blocks: 522 +<br \/>\nPas de boite d&#039;origine<br \/>\nLe produit n&#039;inclut pas l&#039;autocollant et les pi\u00e8ces imprim\u00e9es. Toutes les pi\u00e8ces imprim\u00e9es seront remplac\u00e9es par des pi\u00e8ces standard et ne seront pas livr\u00e9es avec des accessoires tiers.<\/p>","protected":false},"featured_media":62390,"comment_status":"open","ping_status":"closed","template":"","meta":{"_acf_changed":false},"product_cat":[1365,371,581,1408],"product_tag":[8728,13777,11072,8452,13778,434,13779],"class_list":["product","first","instock","shipping-taxable","purchasable","product-type-simple"],"acf":[],"_links":{"self":[{"href":"https:\/\/mouldking.store\/fr\/wp-json\/wp\/v2\/product\/62391","targetHints":{"allow":["GET"]}}],"collection":[{"href":"https:\/\/mouldking.store\/fr\/wp-json\/wp\/v2\/product"}],"about":[{"href":"https:\/\/mouldking.store\/fr\/wp-json\/wp\/v2\/types\/product"}],"replies":[{"embeddable":true,"href":"https:\/\/mouldking.store\/fr\/wp-json\/wp\/v2\/comments?post=62391"}],"wp:featuredmedia":[{"embeddable":true,"href":"https:\/\/mouldking.store\/fr\/wp-json\/wp\/v2\/media\/62390"}],"wp:attachment":[{"href":"https:\/\/mouldking.store\/fr\/wp-json\/wp\/v2\/media?parent=62391"}],"wp:term":[{"taxonomy":"product_cat","embeddable":true,"href":"https:\/\/mouldking.store\/fr\/wp-json\/wp\/v2\/product_cat?post=62391"},{"taxonomy":"product_tag","embeddable":true,"href":"https:\/\/mouldking.store\/fr\/wp-json\/wp\/v2\/product_tag?post=62391"}],"curies":[{"name":"wp","href":"https:\/\/api.w.org\/{rel}","templated":true}]}}