{"id":63342,"date":"2025-07-28T16:46:57","date_gmt":"2025-07-28T09:46:57","guid":{"rendered":"https:\/\/mouldking.store\/shop\/guly-10643-supercar-series-flying-fire-meteor-with-3320-pieces\/"},"modified":"2025-07-28T16:47:01","modified_gmt":"2025-07-28T09:47:01","slug":"guly-10643-supercar-series-flying-fire-meteor-with-3320-pieces","status":"publish","type":"product","link":"https:\/\/mouldking.store\/fr\/shop\/guly-10643-supercar-series-flying-fire-meteor-with-3320-pieces\/","title":{"rendered":"GULY 10643 Supercar Series - M\u00e9t\u00e9ore de feu volant avec 3320 pi\u00e8ces"},"content":{"rendered":"<div>\u2705 GULY 10643 Supercar Series-Flying Fire Meteor<\/p>\n<\/div>\n<div>\u2705 &#8220;Supercar Series-Flying Fire Meteor&#8221; appears to be a name used for various model cars and building block sets, primarily featuring the <strong>Bugatti Bolide<\/strong>.<\/p>\n<\/div>\n<div>\ud83d\udeabIMPORTANT !<\/p>\n<\/div>\n<div>Product Name: Supercar Series-Flying Fire Meteor<\/p>\n<\/div>\n<div>Cat\u00e9gorie : Technique<\/p>\n<\/div>\n<div>This Kit Contains: GULY 10643&nbsp;<\/p>\n<\/div>\n<div>3320 pcs Good Quality Bricks<\/p>\n<\/div>\n<div>Size: 28x61x15cm<\/p>\n<\/div>\n<div>Instructions manuelles&nbsp;<\/p>\n<\/div>\n<div>\ud83d\udcccNature du protagoniste<br \/>&#8220;Supercar Series-Flying Fire Meteor&#8221; isn&#8217;t a single, specific real-world supercar, but rather a thematic branding used for merchandise (models and toys) inspired by high-performance vehicles, particularly the Bugatti Bolide, often highlighting its futuristic and &#8220;fiery&#8221; aesthetic.<\/div>\n<div><\/div>","protected":false},"excerpt":{"rendered":"<p>Marque: GULY<br \/>\nGenre: Unisexe<br \/>\nTranche d&#039;\u00e2ge : &gt; 6 ans<br \/>\nNum\u00e9ro de mod\u00e8le : 10643<br \/>\nClassement : Assemblage<br \/>\nForme de bloc en plastique\u00a0: briques autobloquantes<br \/>\nMat\u00e9riel: Plastique<br \/>\nType de plastique : ABS<br \/>\nBlocs de briques : 3320 +<br \/>\npas de bo\u00eete<\/p>","protected":false},"featured_media":63341,"comment_status":"open","ping_status":"closed","template":"","meta":{"_acf_changed":false},"product_cat":[1357,364],"product_tag":[389,13782,11080],"class_list":["product","first","instock","shipping-taxable","purchasable","product-type-simple"],"acf":[],"_links":{"self":[{"href":"https:\/\/mouldking.store\/fr\/wp-json\/wp\/v2\/product\/63342","targetHints":{"allow":["GET"]}}],"collection":[{"href":"https:\/\/mouldking.store\/fr\/wp-json\/wp\/v2\/product"}],"about":[{"href":"https:\/\/mouldking.store\/fr\/wp-json\/wp\/v2\/types\/product"}],"replies":[{"embeddable":true,"href":"https:\/\/mouldking.store\/fr\/wp-json\/wp\/v2\/comments?post=63342"}],"wp:featuredmedia":[{"embeddable":true,"href":"https:\/\/mouldking.store\/fr\/wp-json\/wp\/v2\/media\/63341"}],"wp:attachment":[{"href":"https:\/\/mouldking.store\/fr\/wp-json\/wp\/v2\/media?parent=63342"}],"wp:term":[{"taxonomy":"product_cat","embeddable":true,"href":"https:\/\/mouldking.store\/fr\/wp-json\/wp\/v2\/product_cat?post=63342"},{"taxonomy":"product_tag","embeddable":true,"href":"https:\/\/mouldking.store\/fr\/wp-json\/wp\/v2\/product_tag?post=63342"}],"curies":[{"name":"wp","href":"https:\/\/api.w.org\/{rel}","templated":true}]}}