{"id":63358,"date":"2025-07-29T12:16:08","date_gmt":"2025-07-29T05:16:08","guid":{"rendered":"https:\/\/mouldking.store\/shop\/moc-factory-c9312-nasa-space-shuttle-discovery-10283-external-fuel-tank-srb-addon-with-7669-pieces\/"},"modified":"2025-12-16T20:58:48","modified_gmt":"2025-12-16T13:58:48","slug":"moc-factory-c9312-nasa-space-shuttle-discovery-10283-external-fuel-tank-srb-addon-with-7669-pieces","status":"publish","type":"product","link":"https:\/\/mouldking.store\/fr\/shop\/moc-factory-c9312-nasa-space-shuttle-discovery-10283-external-fuel-tank-srb-addon-with-7669-pieces\/","title":{"rendered":"MOC Factory C9312 NASA Space Shuttle Discovery (10283) - R\u00e9servoir de carburant externe et module SRB avec 7669 pi\u00e8ces"},"content":{"rendered":"<div>\u2705 MOC-76210+MOC-76240+MOC-102642 NASA Space Shuttle Discovery (10283) - R\u00e9servoir de carburant externe et module SRB<\/p>\n<p>\u2705La navette spatiale Discovery de la NASA (10283) est un ensemble de construction en briques qui reproduit la navette spatiale Discovery, un orbiteur \u00e0 la retraite qui a \u00e9t\u00e9 utilis\u00e9 pour diverses missions par la NASA.&nbsp;<\/p>\n<p>\ud83d\udeabIMPORTANT !<\/p>\n<p>Nom du produit\u00a0: NASA Space Shuttle Discovery (10283) - R\u00e9servoir de carburant externe et module compl\u00e9mentaire SRB<\/p>\n<p>Cat\u00e9gorie : Espace<\/p>\n<p>Ce kit contient : C9312<\/p>\n<p>7669 pi\u00e8ces Briques de bonne qualit\u00e9<\/p>\n<p>Taille : 24 x 12 x 96 cm<\/p>\n<p>Poids\u00a0: 5,76\u00a0kg<\/p>\n<p>Instructions PDF<\/p>\n<p>\ud83d\udcccNature du protagoniste<\/p>\n<p>Vous ne devriez pas manquer la pr\u00e9sentation de notre fi\u00e8re collection nomm\u00e9e &quot;NASA Space Shuttle Discovery (10283) - External Fuel Tank &amp; SRB Addon&quot;.<\/p>\n<p>L&#039;External Fuel Tank &amp; SRB Addon est un ensemble d&#039;extension qui peut \u00eatre ajout\u00e9 \u00e0 l&#039;ensemble NASA Space Shuttle Discovery. Il comprend des composants suppl\u00e9mentaires qui composent la pile compl\u00e8te de la navette spatiale, y compris le r\u00e9servoir de carburant externe et deux propulseurs de fus\u00e9e solide (SRB) qui se fixent sur les c\u00f4t\u00e9s du r\u00e9servoir de carburant. L&#039;ensemble comprend \u00e9galement un pr\u00e9sentoir pour la pile compl\u00e8te. L&#039;ensemble de briques NASA Space Shuttle Discovery (10283) et le r\u00e9servoir de carburant externe et l&#039;extension SRB sont con\u00e7us pour les constructeurs et les collectionneurs plus \u00e2g\u00e9s qui s&#039;int\u00e9ressent \u00e0 l&#039;exploration spatiale et \u00e0 l&#039;histoire de la NASA. Ces ensembles offrent une repr\u00e9sentation d\u00e9taill\u00e9e et r\u00e9aliste du vaisseau spatial embl\u00e9matique et offrent une exp\u00e9rience de construction amusante et stimulante.<\/p><\/div>","protected":false},"excerpt":{"rendered":"<p>Marque : MOC Factory<br \/>\nGenre: Unisexe<br \/>\nTranche d&#039;\u00e2ge : &gt; 8 ans<br \/>\nNum\u00e9ro de mod\u00e8le: C9312<br \/>\nClassement : Assemblage<br \/>\nForme de bloc en plastique\u00a0: briques autobloquantes<br \/>\nMat\u00e9riel: Plastique<br \/>\nType de plastique : ABS<br \/>\nBlocs de Briques : 7669 +<br \/>\nPas de boite d&#039;origine<\/p>","protected":false},"featured_media":63357,"comment_status":"open","ping_status":"closed","template":"","meta":{"_acf_changed":false},"product_cat":[1357,6016,364],"product_tag":[11680,11679,11296,11297,6111,9235,2276,485,389],"class_list":["product","first","instock","shipping-taxable","purchasable","product-type-simple"],"acf":[],"_links":{"self":[{"href":"https:\/\/mouldking.store\/fr\/wp-json\/wp\/v2\/product\/63358","targetHints":{"allow":["GET"]}}],"collection":[{"href":"https:\/\/mouldking.store\/fr\/wp-json\/wp\/v2\/product"}],"about":[{"href":"https:\/\/mouldking.store\/fr\/wp-json\/wp\/v2\/types\/product"}],"replies":[{"embeddable":true,"href":"https:\/\/mouldking.store\/fr\/wp-json\/wp\/v2\/comments?post=63358"}],"wp:featuredmedia":[{"embeddable":true,"href":"https:\/\/mouldking.store\/fr\/wp-json\/wp\/v2\/media\/63357"}],"wp:attachment":[{"href":"https:\/\/mouldking.store\/fr\/wp-json\/wp\/v2\/media?parent=63358"}],"wp:term":[{"taxonomy":"product_cat","embeddable":true,"href":"https:\/\/mouldking.store\/fr\/wp-json\/wp\/v2\/product_cat?post=63358"},{"taxonomy":"product_tag","embeddable":true,"href":"https:\/\/mouldking.store\/fr\/wp-json\/wp\/v2\/product_tag?post=63358"}],"curies":[{"name":"wp","href":"https:\/\/api.w.org\/{rel}","templated":true}]}}