{"id":8992,"date":"2021-01-28T09:44:08","date_gmt":"2021-01-28T02:44:08","guid":{"rendered":"https:\/\/mouldking.store\/shop\/mould-king-22002-the-colosseum\/"},"modified":"2025-12-25T09:28:27","modified_gmt":"2025-12-25T02:28:27","slug":"mould-king-22002-the-colosseum","status":"publish","type":"product","link":"https:\/\/mouldking.store\/fr\/shop\/mould-king-22002-the-colosseum\/","title":{"rendered":"MOULE KING 22002 MOC-49020 Le Colis\u00e9e avec 6466 pi\u00e8ces"},"content":{"rendered":"<p><span data-mce-fragment=\"1\">Information produit:<\/span><br data-mce-fragment=\"1\" \/><span data-mce-fragment=\"1\">1. Model Number:\u00a022002<\/span><br data-mce-fragment=\"1\" \/><span data-mce-fragment=\"1\">2. Attention : ne peut pas manger<\/span><br data-mce-fragment=\"1\" \/><span data-mce-fragment=\"1\">3. Tranche d&#039;\u00e2ge : &gt; 6 ans<\/span><br data-mce-fragment=\"1\" \/><span data-mce-fragment=\"1\">4. Certificat : 3C<\/span><br data-mce-fragment=\"1\" \/><span data-mce-fragment=\"1\">5. Forme de bloc en plastique\u00a0: briques autobloquantes<\/span><br data-mce-fragment=\"1\" \/><span data-mce-fragment=\"1\">6. Mat\u00e9riel: Plastique<\/span><br data-mce-fragment=\"1\" \/><span data-mce-fragment=\"1\">7. Type de plastique : ABS<\/span><br data-mce-fragment=\"1\" \/><span data-mce-fragment=\"1\">8. Bricks Blocks: ~6466+PCS<\/span><br data-mce-fragment=\"1\" \/><span data-mce-fragment=\"1\">9. Contient des instructions de montage d\u00e9taill\u00e9es<\/span><br data-mce-fragment=\"1\" \/><br data-mce-fragment=\"1\" \/><span data-mce-fragment=\"1\">Avis:<\/span><br data-mce-fragment=\"1\" \/><span data-mce-fragment=\"1\">1. Sans bo\u00eete d&#039;origine, mais nous garantissons que nos produits ont une assurance qualit\u00e9 et un bel emballage.<\/span><br data-mce-fragment=\"1\" \/><span data-mce-fragment=\"1\">2. Comme toutes les pi\u00e8ces que nous avons v\u00e9rifi\u00e9es avant l&#039;exp\u00e9dition, donc si vous trouvez des pi\u00e8ces manquantes ou endommag\u00e9es, ne vous inqui\u00e9tez pas et veuillez nous contacter et nous pouvons vous les renvoyer imm\u00e9diatement gratuitement.<\/span><\/p>","protected":false},"excerpt":{"rendered":"<p>Product information:1. Model Number:\u00a0220022. Warning: can not eat3. Age Range: &gt; 6 years old4. Certification: 3C5. Plastic Block Shape: Self-Locking Bricks6. Material: Plastic7. Plastic Type: ABS8. Bricks Blocks: ~6466+PCS9. Contains detailed assembly instructionsNotice:1. Without original box, but we guarantee our products have quality assurance and nice packaging.2. As all the parts we have checked before [&hellip;]<\/p>","protected":false},"featured_media":9506,"comment_status":"open","ping_status":"closed","template":"","meta":{"_acf_changed":false},"product_cat":[390],"product_tag":[1048,1051,1045,271,4445,430,1049,1046,1047,1050],"class_list":["product","first","instock","shipping-taxable","purchasable","product-type-simple"],"acf":[],"_links":{"self":[{"href":"https:\/\/mouldking.store\/fr\/wp-json\/wp\/v2\/product\/8992","targetHints":{"allow":["GET"]}}],"collection":[{"href":"https:\/\/mouldking.store\/fr\/wp-json\/wp\/v2\/product"}],"about":[{"href":"https:\/\/mouldking.store\/fr\/wp-json\/wp\/v2\/types\/product"}],"replies":[{"embeddable":true,"href":"https:\/\/mouldking.store\/fr\/wp-json\/wp\/v2\/comments?post=8992"}],"wp:featuredmedia":[{"embeddable":true,"href":"https:\/\/mouldking.store\/fr\/wp-json\/wp\/v2\/media\/9506"}],"wp:attachment":[{"href":"https:\/\/mouldking.store\/fr\/wp-json\/wp\/v2\/media?parent=8992"}],"wp:term":[{"taxonomy":"product_cat","embeddable":true,"href":"https:\/\/mouldking.store\/fr\/wp-json\/wp\/v2\/product_cat?post=8992"},{"taxonomy":"product_tag","embeddable":true,"href":"https:\/\/mouldking.store\/fr\/wp-json\/wp\/v2\/product_tag?post=8992"}],"curies":[{"name":"wp","href":"https:\/\/api.w.org\/{rel}","templated":true}]}}