{"id":9071,"date":"2021-01-28T09:44:30","date_gmt":"2021-01-28T09:44:30","guid":{"rendered":"https:\/\/mouldking.store\/shop\/mould-king-11002-dream-crystal-parade-float\/"},"modified":"2021-12-23T09:56:17","modified_gmt":"2021-12-23T09:56:17","slug":"mould-king-11002-dream-crystal-parade-float","status":"publish","type":"product","link":"https:\/\/mouldking.store\/fr\/shop\/mould-king-11002-dream-crystal-parade-float\/","title":{"rendered":"MOLD KING 11002 MKingLand : Dream Crystal Parade Float avec 901 pi\u00e8ces"},"content":{"rendered":"<ul>\n<li>Information produit:<\/li>\n<\/ul>\n<ol>\n<li>Num\u00e9ro de mod\u00e8le: 11002<\/li>\n<li>Attention : ne peut pas manger<\/li>\n<li>Tranche d&#039;\u00e2ge : &gt; 6 ans<\/li>\n<li><span class=\"propery-title\">Attestation\u00a0:\u00a0<\/span><span class=\"propery-des\" title=\"3C\">3C<\/span><\/li>\n<li>Classement : Assemblage<\/li>\n<li>Forme de bloc en plastique\u00a0: briques autobloquantes<\/li>\n<li>Mat\u00e9riel: Plastique<\/li>\n<li>Type de plastique : ABS<\/li>\n<li>Blocs de briques : ~901+PCS<\/li>\n<li>Contient des instructions de montage d\u00e9taill\u00e9es, des kits d&#039;\u00e9clairage LED.<\/li>\n<\/ol>\n<ul>\n<li>Avis:<\/li>\n<\/ul>\n<ol>\n<li>Sans bo\u00eete d&#039;origine, mais nous garantissons que nos produits ont une assurance qualit\u00e9 et un bel emballage.<\/li>\n<li>Comme toutes les pi\u00e8ces que nous avons v\u00e9rifi\u00e9es avant l&#039;exp\u00e9dition, donc si vous trouvez des pi\u00e8ces manquantes ou endommag\u00e9es, ne vous inqui\u00e9tez pas et veuillez nous contacter et nous pouvons vous les renvoyer imm\u00e9diatement gratuitement.<\/li>\n<\/ol>","protected":false},"excerpt":{"rendered":"<p>Product information: Model Number: 11002 Warning: can not eat Age Range: &gt;\u00a06 years old Certification:\u00a03C Classification: Assemblage Plastic Block Shape: Self-Locking Bricks Material: Plastic Plastic Type: ABS Bricks Blocks: ~901+PCS Contains detailed assembly instructions, \u00a0LED Light kits. Notice: Without original box, but we guarantee our products have quality assurance and nice packaging. As all the [&hellip;]<\/p>","protected":false},"featured_media":9760,"comment_status":"open","ping_status":"closed","template":"","meta":{"_acf_changed":false},"product_cat":[371,390],"product_tag":[865,271,293,860,864,861,862,863],"class_list":["product","first","instock","sale","shipping-taxable","purchasable","product-type-simple"],"acf":[],"_links":{"self":[{"href":"https:\/\/mouldking.store\/fr\/wp-json\/wp\/v2\/product\/9071","targetHints":{"allow":["GET"]}}],"collection":[{"href":"https:\/\/mouldking.store\/fr\/wp-json\/wp\/v2\/product"}],"about":[{"href":"https:\/\/mouldking.store\/fr\/wp-json\/wp\/v2\/types\/product"}],"replies":[{"embeddable":true,"href":"https:\/\/mouldking.store\/fr\/wp-json\/wp\/v2\/comments?post=9071"}],"wp:featuredmedia":[{"embeddable":true,"href":"https:\/\/mouldking.store\/fr\/wp-json\/wp\/v2\/media\/9760"}],"wp:attachment":[{"href":"https:\/\/mouldking.store\/fr\/wp-json\/wp\/v2\/media?parent=9071"}],"wp:term":[{"taxonomy":"product_cat","embeddable":true,"href":"https:\/\/mouldking.store\/fr\/wp-json\/wp\/v2\/product_cat?post=9071"},{"taxonomy":"product_tag","embeddable":true,"href":"https:\/\/mouldking.store\/fr\/wp-json\/wp\/v2\/product_tag?post=9071"}],"curies":[{"name":"wp","href":"https:\/\/api.w.org\/{rel}","templated":true}]}}