{"id":9113,"date":"2021-01-28T09:44:36","date_gmt":"2021-01-28T09:44:36","guid":{"rendered":"https:\/\/mouldking.store\/shop\/mould-king-13056-1-8-linbaoginni-sierne\/"},"modified":"2021-12-23T09:56:19","modified_gmt":"2021-12-23T09:56:19","slug":"mould-king-13056-1-8-linbaoginni-sierne","status":"publish","type":"product","link":"https:\/\/mouldking.store\/fr\/shop\/mould-king-13056-1-8-linbaoginni-sierne\/","title":{"rendered":"MOLD KING 13056S 1:8 Lamborghini Hyper Blue Version avec 3868 pi\u00e8ces"},"content":{"rendered":"<p>Information produit:<\/p>\n<ol>\n<li>Genre\u00a0: Blocs<\/li>\n<li>Genre: Unisexe<\/li>\n<li>Attention : ne peut pas manger<\/li>\n<li>Tranche d&#039;\u00e2ge : &gt; 6 ans<\/li>\n<li>Num\u00e9ro de mod\u00e8le: 13056S<\/li>\n<li>Classement : Assemblage<\/li>\n<li>Forme de bloc en plastique\u00a0: briques autobloquantes<\/li>\n<li>Mat\u00e9riel: Plastique<\/li>\n<li>Type de plastique : ABS<\/li>\n<li>Blocs de briques : ~3868+PCS<\/li>\n<li>Contient des instructions de montage d\u00e9taill\u00e9es<\/li>\n<li>Le paquet de pi\u00e8ces PF est vendu s\u00e9par\u00e9ment, il contient :\u00a0<span style=\"color: #ff2a00;\"><strong>L<\/strong><\/span><span style=\"color: #ff2a00;\"><strong>\u00a0Moteur x1, servomoteur x1, moteurs XL x2, bo\u00eetier de batterie au lithium 2.4G x1, contr\u00f4leur 2.4G x1, rallonge moteur x2<\/strong> <\/span><\/li>\n<li><span style=\"color: #ff2a00;\"> <strong>Lien APP<\/strong><\/span>: si vous ne pouvez pas obtenir l&#039;application via le code QR, veuillez simplement contacter le vendeur pour l&#039;obtenir.<\/li>\n<\/ol>\n<p>Avis:<br \/>\n1. Sans bo\u00eete d&#039;origine, mais nous garantissons que nos produits ont une assurance qualit\u00e9 et un bel emballage.<br \/>\n2. Comme toutes les pi\u00e8ces que nous avons v\u00e9rifi\u00e9es avant l&#039;exp\u00e9dition, donc si vous trouvez des pi\u00e8ces manquantes ou endommag\u00e9es, ne vous inqui\u00e9tez pas et veuillez nous contacter et nous pouvons vous les renvoyer imm\u00e9diatement gratuitement.<\/p>\n<p>&nbsp;<\/p>\n<p>&nbsp;<\/p>","protected":false},"excerpt":{"rendered":"<p>Product information: Type: Blocks Gender: Unisex Warning: can not eat Age Range: &gt; 6 years old Model Number:\u00a013056S Classification: Assemblage Plastic Block Shape: Self-Locking Bricks Material: Plastic Plastic Type: ABS Bricks Blocks:~3868+PCS Contains detailed assembly instructions PF parts package are sold seperately, it contain:\u00a0L\u00a0Motor x1 , Servo Motor\u00a0x1, XL\u00a0Motors x2, 2.4G lithium Battery Box x1, [&hellip;]<\/p>","protected":false},"featured_media":9817,"comment_status":"open","ping_status":"closed","template":"","meta":{"_acf_changed":false},"product_cat":[364,15],"product_tag":[598,846,837,838,845,366,839,840,841,842,843,844],"class_list":["product","first","instock","sale","shipping-taxable","purchasable","product-type-variable"],"acf":[],"_links":{"self":[{"href":"https:\/\/mouldking.store\/fr\/wp-json\/wp\/v2\/product\/9113","targetHints":{"allow":["GET"]}}],"collection":[{"href":"https:\/\/mouldking.store\/fr\/wp-json\/wp\/v2\/product"}],"about":[{"href":"https:\/\/mouldking.store\/fr\/wp-json\/wp\/v2\/types\/product"}],"replies":[{"embeddable":true,"href":"https:\/\/mouldking.store\/fr\/wp-json\/wp\/v2\/comments?post=9113"}],"wp:featuredmedia":[{"embeddable":true,"href":"https:\/\/mouldking.store\/fr\/wp-json\/wp\/v2\/media\/9817"}],"wp:attachment":[{"href":"https:\/\/mouldking.store\/fr\/wp-json\/wp\/v2\/media?parent=9113"}],"wp:term":[{"taxonomy":"product_cat","embeddable":true,"href":"https:\/\/mouldking.store\/fr\/wp-json\/wp\/v2\/product_cat?post=9113"},{"taxonomy":"product_tag","embeddable":true,"href":"https:\/\/mouldking.store\/fr\/wp-json\/wp\/v2\/product_tag?post=9113"}],"curies":[{"name":"wp","href":"https:\/\/api.w.org\/{rel}","templated":true}]}}