{"id":9189,"date":"2021-01-28T09:44:45","date_gmt":"2021-01-28T09:44:45","guid":{"rendered":"https:\/\/mouldking.store\/shop\/mould-king-16005-antique-collection-shop-with-led-lights\/"},"modified":"2021-12-23T09:54:57","modified_gmt":"2021-12-23T09:54:57","slug":"mould-king-16005-antique-collection-shop-with-led-lights","status":"publish","type":"product","link":"https:\/\/mouldking.store\/fr\/shop\/mould-king-16005-antique-collection-shop-with-led-lights\/","title":{"rendered":"MOLD KING 16005 Magasin de collection antique avec 3050 pi\u00e8ces"},"content":{"rendered":"<p>Information produit:<\/p>\n<ol>\n<li>Genre\u00a0: Blocs<\/li>\n<li>Genre: Unisexe<\/li>\n<li>Attention : ne peut pas manger<\/li>\n<li>Tranche d&#039;\u00e2ge : &gt; 6 ans<\/li>\n<li>Num\u00e9ro de mod\u00e8le: 16005<\/li>\n<li>Classement : Assemblage<\/li>\n<li>Forme de bloc en plastique\u00a0: briques autobloquantes<\/li>\n<li>Mat\u00e9riel: Plastique<\/li>\n<li>Type de plastique : ABS<\/li>\n<li>Blocs de briques : 3050+PCS<\/li>\n<li>Contient des instructions de montage d\u00e9taill\u00e9es, des pi\u00e8ces PF et des kits d&#039;\u00e9clairage LED<\/li>\n<li><strong>Lien APP<\/strong>: si vous ne pouvez pas obtenir l&#039;application via un code QR, veuillez simplement contacter le vendeur pour l&#039;obtenir.<\/li>\n<\/ol>\n<p>Avis:<br \/>\n1. Sans bo\u00eete d&#039;origine, mais nous garantissons que nos produits ont une assurance qualit\u00e9 et un bel emballage.<br \/>\n2. Comme toutes les pi\u00e8ces que nous avons v\u00e9rifi\u00e9es avant l&#039;exp\u00e9dition, donc si vous trouvez des pi\u00e8ces manquantes ou endommag\u00e9es, ne vous inqui\u00e9tez pas et veuillez nous contacter et nous pouvons vous les renvoyer imm\u00e9diatement gratuitement.<\/p>","protected":false},"excerpt":{"rendered":"<p>Product information: Type: Blocks Gender: Unisex Warning: can not eat Age Range: &gt; 6 years old Model Number: 16005 Classification: Assemblage Plastic Block Shape: Self-Locking Bricks Material: Plastic Plastic Type: ABS Bricks Blocks: 3050+PCS Contains detailed assembly instructions, PF parts, and LED Light kits APP link: if can\u2019t get the app through a QR code, [&hellip;]<\/p>","protected":false},"featured_media":9932,"comment_status":"open","ping_status":"closed","template":"","meta":{"_acf_changed":false},"product_cat":[390],"product_tag":[763,766,727,271,188,765,366,764,367],"class_list":["product","first","instock","sale","shipping-taxable","purchasable","product-type-simple"],"acf":[],"_links":{"self":[{"href":"https:\/\/mouldking.store\/fr\/wp-json\/wp\/v2\/product\/9189","targetHints":{"allow":["GET"]}}],"collection":[{"href":"https:\/\/mouldking.store\/fr\/wp-json\/wp\/v2\/product"}],"about":[{"href":"https:\/\/mouldking.store\/fr\/wp-json\/wp\/v2\/types\/product"}],"replies":[{"embeddable":true,"href":"https:\/\/mouldking.store\/fr\/wp-json\/wp\/v2\/comments?post=9189"}],"wp:featuredmedia":[{"embeddable":true,"href":"https:\/\/mouldking.store\/fr\/wp-json\/wp\/v2\/media\/9932"}],"wp:attachment":[{"href":"https:\/\/mouldking.store\/fr\/wp-json\/wp\/v2\/media?parent=9189"}],"wp:term":[{"taxonomy":"product_cat","embeddable":true,"href":"https:\/\/mouldking.store\/fr\/wp-json\/wp\/v2\/product_cat?post=9189"},{"taxonomy":"product_tag","embeddable":true,"href":"https:\/\/mouldking.store\/fr\/wp-json\/wp\/v2\/product_tag?post=9189"}],"curies":[{"name":"wp","href":"https:\/\/api.w.org\/{rel}","templated":true}]}}