{"id":9209,"date":"2021-01-28T09:44:52","date_gmt":"2021-01-28T09:44:52","guid":{"rendered":"https:\/\/mouldking.store\/shop\/mould-king-bricks-tool\/"},"modified":"2021-12-23T09:54:58","modified_gmt":"2021-12-23T09:54:58","slug":"mould-king-bricks-tool","status":"publish","type":"product","link":"https:\/\/mouldking.store\/fr\/shop\/mould-king-bricks-tool\/","title":{"rendered":"MOULD KING Brick Tool"},"content":{"rendered":"<ul>\n<li>Information produit:<\/li>\n<\/ul>\n<ol>\n<li><span>Brand Name: Mould King<\/span><\/li>\n<li>Attention : ne peut pas manger<\/li>\n<li>Age Range: > 6\u00a0years old<\/li>\n<li>\n<span class=\"propery-title\">Certification<span>:\u00a0<\/span><\/span><span class=\"propery-des\" title=\"3C\">3C<\/span>\n<\/li>\n<li>Classement : Assemblage<\/li>\n<li>Forme de bloc en plastique\u00a0: briques autobloquantes<\/li>\n<li>Mat\u00e9riel: Plastique<\/li>\n<li>Type de plastique : ABS<\/li>\n<\/ol>\n<ul>\n<li>Avis:<\/li>\n<\/ul>\n<ol>\n<li>Sans bo\u00eete d&#039;origine, mais nous garantissons que nos produits ont une assurance qualit\u00e9 et un bel emballage.<\/li>\n<li>Comme toutes les pi\u00e8ces que nous avons v\u00e9rifi\u00e9es avant l&#039;exp\u00e9dition, donc si vous trouvez des pi\u00e8ces manquantes ou endommag\u00e9es, ne vous inqui\u00e9tez pas et veuillez nous contacter et nous pouvons vous les renvoyer imm\u00e9diatement gratuitement.<\/li>\n<\/ol>\n<p><iframe width=\"840\" height=\"472.5\" src=\"https:\/\/www.youtube.com\/embed\/D-Xt3jwgtXw\" frameborder=\"0\" allow=\"accelerometer; autoplay; encrypted-media; gyroscope; picture-in-picture\" allowfullscreen=\"\"><\/iframe><\/p>","protected":false},"excerpt":{"rendered":"<p>Product information: Brand Name: Mould King Warning: can not eat Age Range: > 6\u00a0years old Certification:\u00a03C Classification: Assemblage Plastic Block Shape: Self-Locking Bricks Material: Plastic Plastic Type: ABS Notice: Without original box, but we guarantee our products have quality assurance and nice packaging. As all the parts we have checked before shipping, so if you [&hellip;]<\/p>","protected":false},"featured_media":10014,"comment_status":"open","ping_status":"closed","template":"","meta":{"_acf_changed":false},"product_cat":[],"product_tag":[331,172,166,167],"class_list":["product","first","instock","sale","shipping-taxable","purchasable","product-type-variable"],"acf":[],"_links":{"self":[{"href":"https:\/\/mouldking.store\/fr\/wp-json\/wp\/v2\/product\/9209","targetHints":{"allow":["GET"]}}],"collection":[{"href":"https:\/\/mouldking.store\/fr\/wp-json\/wp\/v2\/product"}],"about":[{"href":"https:\/\/mouldking.store\/fr\/wp-json\/wp\/v2\/types\/product"}],"replies":[{"embeddable":true,"href":"https:\/\/mouldking.store\/fr\/wp-json\/wp\/v2\/comments?post=9209"}],"wp:featuredmedia":[{"embeddable":true,"href":"https:\/\/mouldking.store\/fr\/wp-json\/wp\/v2\/media\/10014"}],"wp:attachment":[{"href":"https:\/\/mouldking.store\/fr\/wp-json\/wp\/v2\/media?parent=9209"}],"wp:term":[{"taxonomy":"product_cat","embeddable":true,"href":"https:\/\/mouldking.store\/fr\/wp-json\/wp\/v2\/product_cat?post=9209"},{"taxonomy":"product_tag","embeddable":true,"href":"https:\/\/mouldking.store\/fr\/wp-json\/wp\/v2\/product_tag?post=9209"}],"curies":[{"name":"wp","href":"https:\/\/api.w.org\/{rel}","templated":true}]}}