{"id":9212,"date":"2021-01-28T09:44:52","date_gmt":"2021-01-28T02:44:52","guid":{"rendered":"https:\/\/mouldking.store\/shop\/mould-king-13175-1-8-lands-rovers-defender\/"},"modified":"2023-08-03T18:01:26","modified_gmt":"2023-08-03T11:01:26","slug":"mould-king-13175-1-8-lands-rovers-defender","status":"publish","type":"product","link":"https:\/\/mouldking.store\/fr\/shop\/mould-king-13175-1-8-lands-rovers-defender\/","title":{"rendered":"MOULE KING 13175 Land Rover Defender 1:8 avec 2668 pi\u00e8ces"},"content":{"rendered":"<p>Information produit:<\/p>\n<ol>\n<li>Genre\u00a0: Blocs<\/li>\n<li>Attention : ne peut pas manger<\/li>\n<li>Tranche d&#039;\u00e2ge : &gt; 6 ans<\/li>\n<li>Model Number:\u00a013175<\/li>\n<li>Classement : Assemblage<\/li>\n<li>Forme de bloc en plastique\u00a0: briques autobloquantes<\/li>\n<li>Mat\u00e9riel: Plastique<\/li>\n<li>Type de plastique : ABS<\/li>\n<li>Bricks Blocks: 2668+PCS\u00a0<span style=\"color: #ff2a00\"><strong>\uff08static version\uff09<\/strong><\/span><\/li>\n<li>Contient des instructions de montage d\u00e9taill\u00e9es<\/li>\n<li><strong><span style=\"color: #ff2a00\">Mould King 13175-EX is\u00a013175\u00a0static version + EX package<\/span><\/strong><\/li>\n<\/ol>\n<p>Avis:<br \/>\n1. Sans bo\u00eete d&#039;origine, mais nous garantissons que nos produits ont une assurance qualit\u00e9 et un bel emballage.<br \/>\n2. Comme toutes les pi\u00e8ces que nous avons v\u00e9rifi\u00e9es avant l&#039;exp\u00e9dition, donc si vous trouvez des pi\u00e8ces manquantes ou endommag\u00e9es, ne vous inqui\u00e9tez pas et veuillez nous contacter et nous pouvons vous les renvoyer imm\u00e9diatement gratuitement.<\/p>","protected":false},"excerpt":{"rendered":"<p>Product information: Type: Blocks Warning: can not eat Age Range: &gt; 6 years old Model Number:\u00a013175 Classification: Assemblage Plastic Block Shape: Self-Locking Bricks Material: Plastic Plastic Type: ABS Bricks Blocks: 2668+PCS\u00a0\uff08static version\uff09 Contains detailed assembly instructions Mould King 13175-EX is\u00a013175\u00a0static version + EX package Notice: 1. Without original box, but we guarantee our products have [&hellip;]<\/p>","protected":false},"featured_media":10015,"comment_status":"open","ping_status":"closed","template":"","meta":{"_acf_changed":false},"product_cat":[364],"product_tag":[598,720,721,366,719,166],"class_list":["product","first","instock","sale","shipping-taxable","purchasable","product-type-simple"],"acf":[],"_links":{"self":[{"href":"https:\/\/mouldking.store\/fr\/wp-json\/wp\/v2\/product\/9212","targetHints":{"allow":["GET"]}}],"collection":[{"href":"https:\/\/mouldking.store\/fr\/wp-json\/wp\/v2\/product"}],"about":[{"href":"https:\/\/mouldking.store\/fr\/wp-json\/wp\/v2\/types\/product"}],"replies":[{"embeddable":true,"href":"https:\/\/mouldking.store\/fr\/wp-json\/wp\/v2\/comments?post=9212"}],"wp:featuredmedia":[{"embeddable":true,"href":"https:\/\/mouldking.store\/fr\/wp-json\/wp\/v2\/media\/10015"}],"wp:attachment":[{"href":"https:\/\/mouldking.store\/fr\/wp-json\/wp\/v2\/media?parent=9212"}],"wp:term":[{"taxonomy":"product_cat","embeddable":true,"href":"https:\/\/mouldking.store\/fr\/wp-json\/wp\/v2\/product_cat?post=9212"},{"taxonomy":"product_tag","embeddable":true,"href":"https:\/\/mouldking.store\/fr\/wp-json\/wp\/v2\/product_tag?post=9212"}],"curies":[{"name":"wp","href":"https:\/\/api.w.org\/{rel}","templated":true}]}}