{"id":9251,"date":"2021-01-28T09:44:57","date_gmt":"2021-01-28T02:44:57","guid":{"rendered":"https:\/\/mouldking.store\/shop\/mould-king-13134-executor-class-star-dreadnought\/"},"modified":"2025-12-25T09:28:22","modified_gmt":"2025-12-25T02:28:22","slug":"mould-king-13134-executor-class-star-dreadnought","status":"publish","type":"product","link":"https:\/\/mouldking.store\/fr\/shop\/mould-king-13134-executor-class-star-dreadnought\/","title":{"rendered":"MOLD KING 13134 MOC-15881 Executor classe Star Dreadnought avec 7788 pi\u00e8ces"},"content":{"rendered":"<p>Information produit:<\/p>\n<ol>\n<li>Genre\u00a0: Blocs<\/li>\n<li>Genre: Unisexe<\/li>\n<li>Attention : ne peut pas manger<\/li>\n<li>Tranche d&#039;\u00e2ge : &gt; 6 ans<\/li>\n<li>Model Number: 13134<\/li>\n<li>Classement : Assemblage<\/li>\n<li>Forme de bloc en plastique\u00a0: briques autobloquantes<\/li>\n<li>Mat\u00e9riel: Plastique<\/li>\n<li>Type de plastique : ABS<\/li>\n<li>Bricks Blocks: 7788+PCS<\/li>\n<li>Contient des instructions de montage d\u00e9taill\u00e9es.<\/li>\n<\/ol>\n<p>Avis:<br \/>\n1. Sans bo\u00eete d&#039;origine, mais nous garantissons que nos produits ont une assurance qualit\u00e9 et un bel emballage.<br \/>\n2. Comme toutes les pi\u00e8ces que nous avons v\u00e9rifi\u00e9es avant l&#039;exp\u00e9dition, donc si vous trouvez des pi\u00e8ces manquantes ou endommag\u00e9es, ne vous inqui\u00e9tez pas et veuillez nous contacter et nous pouvons vous les renvoyer imm\u00e9diatement gratuitement.<\/p>\n<p>&nbsp;<\/p>","protected":false},"excerpt":{"rendered":"<p>Product information: Type: Blocks Gender: Unisex Warning: can not eat Age Range: &gt; 6 years old Model Number: 13134 Classification: Assemblage Plastic Block Shape: Self-Locking Bricks Material: Plastic Plastic Type: ABS Bricks Blocks: 7788+PCS Contains detailed assembly instructions. Notice: 1. Without an original box, but we guarantee our products have quality assurance and nice packaging. [&hellip;]<\/p>","protected":false},"featured_media":10111,"comment_status":"open","ping_status":"closed","template":"","meta":{"_acf_changed":false},"product_cat":[415],"product_tag":[668,676,417,419,4439,574,669,670,430,671,462,674,366,672,673,187,436,675,437],"class_list":["product","first","instock","sale","featured","shipping-taxable","purchasable","product-type-simple"],"acf":[],"_links":{"self":[{"href":"https:\/\/mouldking.store\/fr\/wp-json\/wp\/v2\/product\/9251","targetHints":{"allow":["GET"]}}],"collection":[{"href":"https:\/\/mouldking.store\/fr\/wp-json\/wp\/v2\/product"}],"about":[{"href":"https:\/\/mouldking.store\/fr\/wp-json\/wp\/v2\/types\/product"}],"replies":[{"embeddable":true,"href":"https:\/\/mouldking.store\/fr\/wp-json\/wp\/v2\/comments?post=9251"}],"wp:featuredmedia":[{"embeddable":true,"href":"https:\/\/mouldking.store\/fr\/wp-json\/wp\/v2\/media\/10111"}],"wp:attachment":[{"href":"https:\/\/mouldking.store\/fr\/wp-json\/wp\/v2\/media?parent=9251"}],"wp:term":[{"taxonomy":"product_cat","embeddable":true,"href":"https:\/\/mouldking.store\/fr\/wp-json\/wp\/v2\/product_cat?post=9251"},{"taxonomy":"product_tag","embeddable":true,"href":"https:\/\/mouldking.store\/fr\/wp-json\/wp\/v2\/product_tag?post=9251"}],"curies":[{"name":"wp","href":"https:\/\/api.w.org\/{rel}","templated":true}]}}