{"id":6968,"date":"2020-11-18T04:28:47","date_gmt":"2020-11-18T04:28:47","guid":{"rendered":"https:\/\/mouldking.store\/?page_id=6968"},"modified":"2021-01-28T10:15:05","modified_gmt":"2021-01-28T10:15:05","slug":"wholesale","status":"publish","type":"page","link":"https:\/\/mouldking.store\/hu\/wholesale\/","title":{"rendered":"Nagyker"},"content":{"rendered":"<div data-elementor-type=\"wp-page\" data-elementor-id=\"6968\" class=\"elementor elementor-6968\" data-elementor-post-type=\"page\">\n\t\t\t\t\t\t<section class=\"elementor-section elementor-top-section elementor-element elementor-element-91936cb elementor-section-boxed elementor-section-height-default elementor-section-height-default\" data-id=\"91936cb\" data-element_type=\"section\">\n\t\t\t\t\t\t<div class=\"elementor-container elementor-column-gap-default\">\n\t\t\t\t\t<div class=\"elementor-column elementor-col-100 elementor-top-column elementor-element elementor-element-cf9304a\" data-id=\"cf9304a\" data-element_type=\"column\">\n\t\t\t<div class=\"elementor-widget-wrap elementor-element-populated\">\n\t\t\t\t\t\t<div class=\"elementor-element elementor-element-34ccead elementor-widget elementor-widget-heading\" data-id=\"34ccead\" data-element_type=\"widget\" data-widget_type=\"heading.default\">\n\t\t\t\t<div class=\"elementor-widget-container\">\n\t\t\t<h2 class=\"elementor-heading-title elementor-size-default\">Nagyker \/ T\u00f6meges v\u00e1s\u00e1rl\u00e1s<\/h2>\t\t<\/div>\n\t\t\t\t<\/div>\n\t\t\t\t<div class=\"elementor-element elementor-element-811cf0f elementor-widget elementor-widget-text-editor\" data-id=\"811cf0f\" data-element_type=\"widget\" data-widget_type=\"text-editor.default\">\n\t\t\t\t<div class=\"elementor-widget-container\">\n\t\t\t\t\t\t\t<p>Sz\u00f3val \u00e9rdekl\u0151dik term\u00e9keink ir\u00e1nt, \u00e9s k\u00e9szen \u00e1ll arra, hogy forgalmaz\u00f3v\u00e1 v\u00e1ljon? Nagy! Ha szervezete, c\u00e9ge vagy csoportja t\u00f6megesen szeretne v\u00e1s\u00e1rolni t\u0151l\u00fcnk, k\u00e9szs\u00e9ggel \u00e1llunk rendelkez\u00e9s\u00e9re! Term\u00e9szetesen mag\u00e1nszem\u00e9lyek is v\u00e1s\u00e1rolhatnak \u00f6mlesztve.<\/p>\t\t\t\t\t\t<\/div>\n\t\t\t\t<\/div>\n\t\t\t\t\t<\/div>\n\t\t<\/div>\n\t\t\t\t\t<\/div>\n\t\t<\/section>\n\t\t\t\t<section class=\"elementor-section elementor-top-section elementor-element elementor-element-36a6187 elementor-section-boxed elementor-section-height-default elementor-section-height-default\" data-id=\"36a6187\" data-element_type=\"section\">\n\t\t\t\t\t\t<div class=\"elementor-container elementor-column-gap-default\">\n\t\t\t\t\t<div class=\"elementor-column elementor-col-100 elementor-top-column elementor-element elementor-element-8a40b66\" data-id=\"8a40b66\" data-element_type=\"column\">\n\t\t\t<div class=\"elementor-widget-wrap elementor-element-populated\">\n\t\t\t\t\t\t<div class=\"elementor-element elementor-element-a51a2a3 elementor-widget elementor-widget-heading\" data-id=\"a51a2a3\" data-element_type=\"widget\" data-widget_type=\"heading.default\">\n\t\t\t\t<div class=\"elementor-widget-container\">\n\t\t\t<h2 class=\"elementor-heading-title elementor-size-default\"><h2 style=\"font-size: 28px; font-family: Inter; font-weight: 600; white-space: normal;\">Minim\u00e1lis rendel\u00e9si k\u00f6vetelm\u00e9ny<\/h2><\/h2>\t\t<\/div>\n\t\t\t\t<\/div>\n\t\t\t\t<div class=\"elementor-element elementor-element-0605785 elementor-widget elementor-widget-text-editor\" data-id=\"0605785\" data-element_type=\"widget\" data-widget_type=\"text-editor.default\">\n\t\t\t\t<div class=\"elementor-widget-container\">\n\t\t\t\t\t\t\t<p>A MOQ az\u00a0<strong>legal\u00e1bb 50 term\u00e9k<\/strong>\u00a0hogy jogosultak legyenek a t\u00f6meges \u00e1rainkra. Tetsz\u0151leges sz\u00e1m\u00fa term\u00e9ket v\u00e1laszthat \u00e9s keverheti a rendel\u00e9sben.<\/p><p>Ezenk\u00edv\u00fcl minden t\u00f6meges megrendel\u00e9s v\u00e9gleges. T\u00f6meges megrendel\u00e9s eset\u00e9n nincs lehet\u0151s\u00e9g visszak\u00fcld\u00e9sre vagy visszat\u00e9r\u00edt\u00e9sre.<\/p>\t\t\t\t\t\t<\/div>\n\t\t\t\t<\/div>\n\t\t\t\t\t<\/div>\n\t\t<\/div>\n\t\t\t\t\t<\/div>\n\t\t<\/section>\n\t\t\t\t<section class=\"elementor-section elementor-top-section elementor-element elementor-element-b21581b elementor-section-boxed elementor-section-height-default elementor-section-height-default\" data-id=\"b21581b\" data-element_type=\"section\">\n\t\t\t\t\t\t<div class=\"elementor-container elementor-column-gap-default\">\n\t\t\t\t\t<div class=\"elementor-column elementor-col-100 elementor-top-column elementor-element elementor-element-ec15319\" data-id=\"ec15319\" data-element_type=\"column\">\n\t\t\t<div class=\"elementor-widget-wrap elementor-element-populated\">\n\t\t\t\t\t\t<div class=\"elementor-element elementor-element-d1948d1 elementor-widget elementor-widget-heading\" data-id=\"d1948d1\" data-element_type=\"widget\" data-widget_type=\"heading.default\">\n\t\t\t\t<div class=\"elementor-widget-container\">\n\t\t\t<h2 class=\"elementor-heading-title elementor-size-default\"><h2 style=\"font-size: 28px; font-family: Inter; font-weight: 600; white-space: normal;\">K\u00e9szen \u00e1ll a k\u00f6vetkez\u0151 l\u00e9p\u00e9s megt\u00e9tel\u00e9re?<\/h2><\/h2>\t\t<\/div>\n\t\t\t\t<\/div>\n\t\t\t\t<div class=\"elementor-element elementor-element-0b91786 elementor-widget elementor-widget-text-editor\" data-id=\"0b91786\" data-element_type=\"widget\" data-widget_type=\"text-editor.default\">\n\t\t\t\t<div class=\"elementor-widget-container\">\n\t\t\t\t\t\t\t<p>T\u00f6ltse ki az al\u00e1bbi \u0171rlapot, \u00e9s \u00fcgyf\u00e9lszolg\u00e1lati csapatunk hamarosan szem\u00e9lyre szabott \u00e1raj\u00e1nlatot k\u00fcld \u00d6nnek.<\/p>\t\t\t\t\t\t<\/div>\n\t\t\t\t<\/div>\n\t\t\t\t<div class=\"elementor-element elementor-element-ab80d99 elementor-button-align-start elementor-widget elementor-widget-form\" data-id=\"ab80d99\" data-element_type=\"widget\" data-settings=\"{&quot;step_next_label&quot;:&quot;Next&quot;,&quot;step_previous_label&quot;:&quot;Previous&quot;,&quot;button_width&quot;:&quot;100&quot;,&quot;step_type&quot;:&quot;number_text&quot;,&quot;step_icon_shape&quot;:&quot;circle&quot;}\" data-widget_type=\"form.default\">\n\t\t\t\t<div class=\"elementor-widget-container\">\n\t\t\t\t\t<form class=\"elementor-form\" method=\"post\" name=\"New Form\" action=\"\">\n\t\t\t<input type=\"hidden\" name=\"post_id\" value=\"6968\"\/>\n\t\t\t<input type=\"hidden\" name=\"form_id\" value=\"ab80d99\"\/>\n\t\t\t<input type=\"hidden\" name=\"referer_title\" value=\"\" \/>\n\n\t\t\t\n\t\t\t<div class=\"elementor-form-fields-wrapper elementor-labels-above\">\n\t\t\t\t\t\t\t\t<div class=\"elementor-field-type-text elementor-field-group elementor-column elementor-field-group-name elementor-col-60 elementor-field-required elementor-mark-required\">\n\t\t\t\t\t\t\t\t\t\t\t\t<label for=\"form-field-name\" class=\"elementor-field-label\">\n\t\t\t\t\t\t\t\tN\u00e9v\t\t\t\t\t\t\t<\/label>\n\t\t\t\t\t\t\t\t\t\t\t\t\t\t<input size=\"1\" type=\"text\" name=\"form_fields[name]\" id=\"form-field-name\" class=\"elementor-field elementor-size-sm  elementor-field-textual\" placeholder=\"N\u00e9v\" required=\"required\" aria-required=\"true\">\n\t\t\t\t\t\t\t\t\t\t\t<\/div>\n\t\t\t\t\t\t\t\t<div class=\"elementor-field-type-email elementor-field-group elementor-column elementor-field-group-email elementor-col-60 elementor-field-required elementor-mark-required\">\n\t\t\t\t\t\t\t\t\t\t\t\t<label for=\"form-field-email\" class=\"elementor-field-label\">\n\t\t\t\t\t\t\t\tEmail\t\t\t\t\t\t\t<\/label>\n\t\t\t\t\t\t\t\t\t\t\t\t\t\t<input size=\"1\" type=\"email\" name=\"form_fields[email]\" id=\"form-field-email\" class=\"elementor-field elementor-size-sm  elementor-field-textual\" placeholder=\"Email\" required=\"required\" aria-required=\"true\">\n\t\t\t\t\t\t\t\t\t\t\t<\/div>\n\t\t\t\t\t\t\t\t<div class=\"elementor-field-type-textarea elementor-field-group elementor-column elementor-field-group-field_3b07773 elementor-col-100 elementor-field-required elementor-mark-required\">\n\t\t\t\t\t\t\t\t\t\t\t\t<label for=\"form-field-field_3b07773\" class=\"elementor-field-label\">\n\t\t\t\t\t\t\t\tCikk neve \u00e9s mennyis\u00e9ge\t\t\t\t\t\t\t<\/label>\n\t\t\t\t\t\t<textarea class=\"elementor-field-textual elementor-field  elementor-size-sm\" name=\"form_fields[field_3b07773]\" id=\"form-field-field_3b07773\" rows=\"4\" required=\"required\" aria-required=\"true\"><\/textarea>\t\t\t\t<\/div>\n\t\t\t\t\t\t\t\t<div class=\"elementor-field-type-html elementor-field-group elementor-column elementor-field-group-field_16f3501 elementor-col-100\">\n\t\t\t\t\tSorolja fel az \u00f6mlesztve v\u00e1s\u00e1rolni k\u00edv\u00e1nt term\u00e9kek nev\u00e9t\/c\u00edm\u00e9t \u00e9s mennyis\u00e9g\u00e9t\t\t\t\t<\/div>\n\t\t\t\t\t\t\t\t<div class=\"elementor-field-type-textarea elementor-field-group elementor-column elementor-field-group-field_e2c00b9 elementor-col-100\">\n\t\t\t\t\t\t\t\t\t\t\t\t<label for=\"form-field-field_e2c00b9\" class=\"elementor-field-label\">\n\t\t\t\t\t\t\t\tM\u00e9ret(ek)\t\t\t\t\t\t\t<\/label>\n\t\t\t\t\t\t<textarea class=\"elementor-field-textual elementor-field  elementor-size-sm\" name=\"form_fields[field_e2c00b9]\" id=\"form-field-field_e2c00b9\" rows=\"4\"><\/textarea>\t\t\t\t<\/div>\n\t\t\t\t\t\t\t\t<div class=\"elementor-field-type-radio elementor-field-group elementor-column elementor-field-group-field_156b794 elementor-col-100 elementor-field-required elementor-mark-required\">\n\t\t\t\t\t\t\t\t\t\t\t\t<label for=\"form-field-field_156b794\" class=\"elementor-field-label\">\n\t\t\t\t\t\t\t\tTe\t\t\t\t\t\t\t<\/label>\n\t\t\t\t\t\t<div class=\"elementor-field-subgroup\"><span class=\"elementor-field-option\"><input type=\"radio\" value=\"An Individual\" id=\"form-field-field_156b794-0\" name=\"form_fields[field_156b794]\" required=\"required\" aria-required=\"true\"> <label for=\"form-field-field_156b794-0\">Egy\u00e9ni<\/label><\/span><span class=\"elementor-field-option\"><input type=\"radio\" value=\"A Company\" id=\"form-field-field_156b794-1\" name=\"form_fields[field_156b794]\" required=\"required\" aria-required=\"true\"> <label for=\"form-field-field_156b794-1\">A c\u00e9g<\/label><\/span><span class=\"elementor-field-option\"><input type=\"radio\" value=\"An Association\" id=\"form-field-field_156b794-2\" name=\"form_fields[field_156b794]\" required=\"required\" aria-required=\"true\"> <label for=\"form-field-field_156b794-2\">Egy Egyes\u00fclet<\/label><\/span><span class=\"elementor-field-option\"><input type=\"radio\" value=\"Other\" id=\"form-field-field_156b794-3\" name=\"form_fields[field_156b794]\" required=\"required\" aria-required=\"true\"> <label for=\"form-field-field_156b794-3\">Egy\u00e9b<\/label><\/span><\/div>\t\t\t\t<\/div>\n\t\t\t\t\t\t\t\t<div class=\"elementor-field-type-textarea elementor-field-group elementor-column elementor-field-group-message elementor-col-100\">\n\t\t\t\t\t\t\t\t\t\t\t\t<label for=\"form-field-message\" class=\"elementor-field-label\">\n\t\t\t\t\t\t\t\tTov\u00e1bbi megjegyz\u00e9sek\t\t\t\t\t\t\t<\/label>\n\t\t\t\t\t\t<textarea class=\"elementor-field-textual elementor-field  elementor-size-sm\" name=\"form_fields[message]\" id=\"form-field-message\" rows=\"4\"><\/textarea>\t\t\t\t<\/div>\n\t\t\t\t\t\t\t\t<div class=\"elementor-field-type-recaptcha_v3 elementor-field-group elementor-column elementor-field-group-field_544ec42 elementor-col-100 recaptcha_v3-bottomright\">\n\t\t\t\t\t<div class=\"elementor-field\" id=\"form-field-field_544ec42\"><div class=\"elementor-g-recaptcha\" data-sitekey=\"6LdT6D0aAAAAAM5ia9_34mPiNi4XBLOZ35d248yQ\" data-type=\"v3\" data-action=\"Form\" data-badge=\"bottomright\" data-size=\"invisible\"><\/div><\/div>\t\t\t\t<\/div>\n\t\t\t\t\t\t\t\t<div class=\"elementor-field-group elementor-column elementor-field-type-submit elementor-col-100 e-form__buttons\">\n\t\t\t\t\t<button type=\"submit\" class=\"elementor-button elementor-size-md\">\n\t\t\t\t\t\t<span >\n\t\t\t\t\t\t\t\t\t\t\t\t\t\t\t<span class=\"elementor-button-icon\">\n\t\t\t\t\t\t\t\t\t\t\t\t\t\t\t\t\t\t\t\t\t\t\t\t\t\t<\/span>\n\t\t\t\t\t\t\t\t\t\t\t\t\t\t\t\t\t\t\t\t\t\t<span class=\"elementor-button-text\">Bek\u00fcld\u00e9s<\/span>\n\t\t\t\t\t\t\t\t\t\t\t\t\t<\/span>\n\t\t\t\t\t<\/button>\n\t\t\t\t<\/div>\n\t\t\t<\/div>\n\t\t<input type=\"hidden\" name=\"trp-form-language\" value=\"hu\"\/><\/form>\n\t\t\t\t<\/div>\n\t\t\t\t<\/div>\n\t\t\t\t\t<\/div>\n\t\t<\/div>\n\t\t\t\t\t<\/div>\n\t\t<\/section>\n\t\t\t\t<\/div>","protected":false},"excerpt":{"rendered":"<p>Wholesale \/ Bulk Purchasing So you\u2019re interested in our products and ready to become a distributor? Great! If your organization, company, or group is looking to purchase items from us in bulk, we\u2019re here to help! Of course, individuals can also buy in bulk. Minimum order requirement The MOQ is\u00a0at least 50 products\u00a0to qualify for [&hellip;]<\/p>","protected":false},"author":83,"featured_media":0,"parent":0,"menu_order":0,"comment_status":"closed","ping_status":"closed","template":"template-fullwidth-no-heading.php","meta":{"_acf_changed":false,"footnotes":""},"class_list":null,"acf":[],"_links":{"self":[{"href":"https:\/\/mouldking.store\/hu\/wp-json\/wp\/v2\/pages\/6968","targetHints":{"allow":["GET"]}}],"collection":[{"href":"https:\/\/mouldking.store\/hu\/wp-json\/wp\/v2\/pages"}],"about":[{"href":"https:\/\/mouldking.store\/hu\/wp-json\/wp\/v2\/types\/page"}],"author":[{"embeddable":true,"href":"https:\/\/mouldking.store\/hu\/wp-json\/wp\/v2\/users\/83"}],"replies":[{"embeddable":true,"href":"https:\/\/mouldking.store\/hu\/wp-json\/wp\/v2\/comments?post=6968"}],"version-history":[{"count":0,"href":"https:\/\/mouldking.store\/hu\/wp-json\/wp\/v2\/pages\/6968\/revisions"}],"wp:attachment":[{"href":"https:\/\/mouldking.store\/hu\/wp-json\/wp\/v2\/media?parent=6968"}],"curies":[{"name":"wp","href":"https:\/\/api.w.org\/{rel}","templated":true}]}}