{"id":10429,"date":"2021-03-13T02:38:19","date_gmt":"2021-03-13T02:38:19","guid":{"rendered":"https:\/\/mouldking.store\/shop\/import-placeholder-for-16616\/"},"modified":"2021-12-23T09:54:52","modified_gmt":"2021-12-23T09:54:52","slug":"mould-king-21016-rebel-u-wing-fighter-by-mirko-soppelsa-with-3300-pieces","status":"publish","type":"product","link":"https:\/\/mouldking.store\/hu\/shop\/mould-king-21016-rebel-u-wing-fighter-by-mirko-soppelsa-with-3300-pieces\/","title":{"rendered":"MOLD KING 21016 Rebel U Wing Fighter, Mirko Soppelsa 3300 darabbal"},"content":{"rendered":"<p>Term\u00e9k inform\u00e1ci\u00f3:<\/p>\n<ol>\n<li>T\u00edpus: blokkok<\/li>\n<li>Nem: Uniszex<\/li>\n<li>Figyelmeztet\u00e9s: nem lehet enni<\/li>\n<li>Koroszt\u00e1ly: 8 \u00e9v felett<\/li>\n<li>T\u00edpussz\u00e1m: <span class=\"property-title\"> 21016<\/span><\/li>\n<li>Besorol\u00e1s: \u00d6sszeszerel\u00e9s<\/li>\n<li>M\u0171anyag blokk forma: \u00f6nz\u00e1r\u00f3 t\u00e9gla<\/li>\n<li>Anyaga: M\u0171anyag<\/li>\n<li>M\u0171anyag t\u00edpus: ABS<\/li>\n<li>T\u00e9gla blokkok: 3300 DB<\/li>\n<li>R\u00e9szletes \u00f6sszeszerel\u00e9si \u00fatmutat\u00f3t tartalmaz.<\/li>\n<\/ol>\n<p>\u00c9rtes\u00edt\u00e9s:<br \/>\n1. Eredeti doboz n\u00e9lk\u00fcl, de garant\u00e1ljuk, hogy term\u00e9keink min\u0151s\u00e9gbiztos\u00edt\u00e1ssal \u00e9s sz\u00e9p csomagol\u00e1ssal rendelkeznek.<br \/>\n2. Mint minden alkatr\u00e9szt, amelyet a sz\u00e1ll\u00edt\u00e1s el\u0151tt ellen\u0151rizt\u00fcnk, ez\u00e9rt ha \u00fagy tal\u00e1lja, hogy n\u00e9h\u00e1ny alkatr\u00e9sz hi\u00e1nyzik vagy s\u00e9r\u00fclt, ne agg\u00f3djon, \u00e9s k\u00e9rj\u00fck, vegye fel vel\u00fcnk a kapcsolatot, \u00e9s azonnal ingyenesen elk\u00fcldj\u00fck \u00d6nnek.<\/p>\n<p>&nbsp;<\/p>\n<p>&nbsp;<\/p>\n<p>&nbsp;<\/p>\n<p>&nbsp;<\/p>\n<p>&nbsp;<\/p>\n<p>&nbsp;<\/p>\n<figure id=\"attachment_11131\" aria-describedby=\"caption-attachment-11131\" style=\"width: 775px\" class=\"wp-caption aligncenter\"><a href=\"https:\/\/mouldking.store\/wp-content\/uploads\/2021\/05\/mould-king-21016-rebel-u-wing-fighter-by-mirko-soppelsa-with-3300-pieces.jpg\"><img fetchpriority=\"high\" decoding=\"async\" class=\"wp-image-11131 size-large\" title=\"MOLD KING 21016 Rebel U Wing Fighter, Mirko Soppelsa 3300 darabbal\" src=\"https:\/\/mouldking.store\/wp-content\/uploads\/2021\/05\/mould-king-21016-rebel-u-wing-fighter-by-mirko-soppelsa-with-3300-pieces-775x1024.jpg\" alt=\"MOULD KING 21016 Rebel U Wing Fighter by Mirko Soppelsa with 3300 Pieces\" width=\"775\" height=\"1024\" srcset=\"https:\/\/mouldking.store\/wp-content\/uploads\/2021\/05\/mould-king-21016-rebel-u-wing-fighter-by-mirko-soppelsa-with-3300-pieces-775x1024.jpg 775w, https:\/\/mouldking.store\/wp-content\/uploads\/2021\/05\/mould-king-21016-rebel-u-wing-fighter-by-mirko-soppelsa-with-3300-pieces-227x300.jpg 227w, https:\/\/mouldking.store\/wp-content\/uploads\/2021\/05\/mould-king-21016-rebel-u-wing-fighter-by-mirko-soppelsa-with-3300-pieces-768x1014.jpg 768w, https:\/\/mouldking.store\/wp-content\/uploads\/2021\/05\/mould-king-21016-rebel-u-wing-fighter-by-mirko-soppelsa-with-3300-pieces-300x396.jpg 300w, https:\/\/mouldking.store\/wp-content\/uploads\/2021\/05\/mould-king-21016-rebel-u-wing-fighter-by-mirko-soppelsa-with-3300-pieces-600x793.jpg 600w, https:\/\/mouldking.store\/wp-content\/uploads\/2021\/05\/mould-king-21016-rebel-u-wing-fighter-by-mirko-soppelsa-with-3300-pieces-114x150.jpg 114w, https:\/\/mouldking.store\/wp-content\/uploads\/2021\/05\/mould-king-21016-rebel-u-wing-fighter-by-mirko-soppelsa-with-3300-pieces.jpg 969w\" sizes=\"(max-width: 775px) 100vw, 775px\" \/><\/a><figcaption id=\"caption-attachment-11131\" class=\"wp-caption-text\">MOLD KING 21016 Rebel U Wing Fighter, Mirko Soppelsa 3300 darabbal<\/figcaption><\/figure>\n<p>&nbsp;<\/p>","protected":false},"excerpt":{"rendered":"<p>Product information: Type: Blocks Gender: Unisex Warning: can not eat Age Range: &gt; 8 years old Model Number: 21016 Classification: Assemblage Plastic Block Shape: Self-Locking Bricks Material: Plastic Plastic Type: ABS Bricks Blocks: 3300 PCS Contains detailed assembly instructions. Notice: 1. Without an original box, but we guarantee our products have quality assurance and nice [&hellip;]<\/p>","protected":false},"featured_media":10534,"comment_status":"open","ping_status":"closed","template":"","meta":{"_acf_changed":false},"product_cat":[415],"product_tag":[430,366,576,432,433,434,435,436,437,438,440],"class_list":["product","first","outofstock","shipping-taxable","purchasable","product-type-simple"],"acf":[],"_links":{"self":[{"href":"https:\/\/mouldking.store\/hu\/wp-json\/wp\/v2\/product\/10429","targetHints":{"allow":["GET"]}}],"collection":[{"href":"https:\/\/mouldking.store\/hu\/wp-json\/wp\/v2\/product"}],"about":[{"href":"https:\/\/mouldking.store\/hu\/wp-json\/wp\/v2\/types\/product"}],"replies":[{"embeddable":true,"href":"https:\/\/mouldking.store\/hu\/wp-json\/wp\/v2\/comments?post=10429"}],"wp:featuredmedia":[{"embeddable":true,"href":"https:\/\/mouldking.store\/hu\/wp-json\/wp\/v2\/media\/10534"}],"wp:attachment":[{"href":"https:\/\/mouldking.store\/hu\/wp-json\/wp\/v2\/media?parent=10429"}],"wp:term":[{"taxonomy":"product_cat","embeddable":true,"href":"https:\/\/mouldking.store\/hu\/wp-json\/wp\/v2\/product_cat?post=10429"},{"taxonomy":"product_tag","embeddable":true,"href":"https:\/\/mouldking.store\/hu\/wp-json\/wp\/v2\/product_tag?post=10429"}],"curies":[{"name":"wp","href":"https:\/\/api.w.org\/{rel}","templated":true}]}}