{"id":10434,"date":"2021-03-13T02:38:20","date_gmt":"2021-03-13T02:38:20","guid":{"rendered":"https:\/\/mouldking.store\/shop\/import-placeholder-for-16661\/"},"modified":"2021-12-23T09:54:51","modified_gmt":"2021-12-23T09:54:51","slug":"mould-king-13005-13008-rc-super-police-cars-series-with-3686-pieces","status":"publish","type":"product","link":"https:\/\/mouldking.store\/hu\/shop\/mould-king-13005-13008-rc-super-police-cars-series-with-3686-pieces\/","title":{"rendered":"MOULD KING 13005-13008 RC Super Police Cars Series with 3686 Pieces"},"content":{"rendered":"<p>&nbsp;<\/p>\n<p>&nbsp;<\/p>\n<p>Term\u00e9k inform\u00e1ci\u00f3:<\/p>\n<ol>\n<li>T\u00edpus: blokkok<\/li>\n<li>Nem: Uniszex<\/li>\n<li>Figyelmeztet\u00e9s: nem lehet enni<\/li>\n<li>Koroszt\u00e1ly: 8 \u00e9v felett<\/li>\n<li>T\u00edpussz\u00e1m: <span class=\"property-title\">13005 &amp; 13008<\/span><\/li>\n<li>Besorol\u00e1s: \u00d6sszeszerel\u00e9s<\/li>\n<li>M\u0171anyag blokk forma: \u00f6nz\u00e1r\u00f3 t\u00e9gla<\/li>\n<li>Anyaga: M\u0171anyag<\/li>\n<li>M\u0171anyag t\u00edpus: ABS<\/li>\n<li>Bricks Blocks: 3686 +PCS<\/li>\n<li>R\u00e9szletes \u00f6sszeszerel\u00e9si \u00fatmutat\u00f3t, PF alkatr\u00e9szeket tartalmaz<\/li>\n<li><strong>APP link<\/strong>: ha nem tudja el\u00e9rni az alkalmaz\u00e1st QR-k\u00f3don kereszt\u00fcl, k\u00e9rj\u00fck, l\u00e9pjen kapcsolatba az elad\u00f3val, hogy megszerezze.<\/li>\n<\/ol>\n<p>\u00c9rtes\u00edt\u00e9s:<br \/>\n1. Eredeti doboz n\u00e9lk\u00fcl, de garant\u00e1ljuk, hogy term\u00e9keink min\u0151s\u00e9gbiztos\u00edt\u00e1ssal \u00e9s sz\u00e9p csomagol\u00e1ssal rendelkeznek.<br \/>\n2. Mint minden alkatr\u00e9szt, amelyet a sz\u00e1ll\u00edt\u00e1s el\u0151tt ellen\u0151rizt\u00fcnk, ez\u00e9rt ha \u00fagy tal\u00e1lja, hogy n\u00e9h\u00e1ny alkatr\u00e9sz hi\u00e1nyzik vagy s\u00e9r\u00fclt, ne agg\u00f3djon, \u00e9s k\u00e9rj\u00fck, vegye fel vel\u00fcnk a kapcsolatot, \u00e9s azonnal ingyenesen elk\u00fcldj\u00fck \u00d6nnek.<\/p>\n<p>&nbsp;<\/p>","protected":false},"excerpt":{"rendered":"<p>&nbsp; &nbsp; Product information: Type: Blocks Gender: Unisex Warning: can not eat Age Range: &gt; 8 years old Model Number: 13005 &amp; 13008 Classification: Assemblage Plastic Block Shape: Self-Locking Bricks Material: Plastic Plastic Type: ABS Bricks Blocks: 3686 +PCS Contains detailed assembly instructions, PF parts APP link: if can\u2019t get the app through a QR [&hellip;]<\/p>","protected":false},"featured_media":10562,"comment_status":"open","ping_status":"closed","template":"","meta":{"_acf_changed":false},"product_cat":[364],"product_tag":[366,472,473,474,475,399,476],"class_list":["product","first","outofstock","shipping-taxable","purchasable","product-type-variable","has-default-attributes"],"acf":[],"_links":{"self":[{"href":"https:\/\/mouldking.store\/hu\/wp-json\/wp\/v2\/product\/10434","targetHints":{"allow":["GET"]}}],"collection":[{"href":"https:\/\/mouldking.store\/hu\/wp-json\/wp\/v2\/product"}],"about":[{"href":"https:\/\/mouldking.store\/hu\/wp-json\/wp\/v2\/types\/product"}],"replies":[{"embeddable":true,"href":"https:\/\/mouldking.store\/hu\/wp-json\/wp\/v2\/comments?post=10434"}],"wp:featuredmedia":[{"embeddable":true,"href":"https:\/\/mouldking.store\/hu\/wp-json\/wp\/v2\/media\/10562"}],"wp:attachment":[{"href":"https:\/\/mouldking.store\/hu\/wp-json\/wp\/v2\/media?parent=10434"}],"wp:term":[{"taxonomy":"product_cat","embeddable":true,"href":"https:\/\/mouldking.store\/hu\/wp-json\/wp\/v2\/product_cat?post=10434"},{"taxonomy":"product_tag","embeddable":true,"href":"https:\/\/mouldking.store\/hu\/wp-json\/wp\/v2\/product_tag?post=10434"}],"curies":[{"name":"wp","href":"https:\/\/api.w.org\/{rel}","templated":true}]}}