{"id":11156,"date":"2021-05-15T17:28:39","date_gmt":"2021-05-15T17:28:39","guid":{"rendered":"https:\/\/mouldking.store\/?post_type=product&#038;p=11156"},"modified":"2021-12-23T09:54:46","modified_gmt":"2021-12-23T09:54:46","slug":"mouldking-16003-aovatown-angel-square-with-light-with-2960-pieces","status":"publish","type":"product","link":"https:\/\/mouldking.store\/hu\/shop\/mouldking-16003-aovatown-angel-square-with-light-with-2960-pieces\/","title":{"rendered":"FORM\u00c1Z\u00c1S 16003 Aovatown: Angyal t\u00e9r l\u00e1mp\u00e1val 2960 darabbal"},"content":{"rendered":"<p>Term\u00e9k inform\u00e1ci\u00f3:<br \/>\n1. Modellsz\u00e1m: 16003<br \/>\n2. Figyelmeztet\u00e9s: nem tud enni<br \/>\n3. Korhat\u00e1r: &gt; 6 \u00e9v<br \/>\n4. Min\u0151s\u00edt\u00e9s: 3C<br \/>\n5. M\u0171anyag blokk alakja: \u00f6nz\u00e1r\u00f3 t\u00e9gla<br \/>\n6. Anyaga: M\u0171anyag<br \/>\n7. M\u0171anyag t\u00edpus: ABS<br \/>\n8. T\u00e9gla Block: ~2960 DB<br \/>\n9. R\u00e9szletes \u00f6sszeszerel\u00e9si \u00fatmutat\u00f3t tartalmaz<\/p>\n<p>\u00c9rtes\u00edt\u00e9s:<br \/>\n1. Eredeti doboz n\u00e9lk\u00fcl, de garant\u00e1ljuk, hogy term\u00e9keink min\u0151s\u00e9gbiztos\u00edt\u00e1ssal \u00e9s sz\u00e9p csomagol\u00e1ssal rendelkeznek.<br \/>\n2. Mint minden alkatr\u00e9szt, amelyet a sz\u00e1ll\u00edt\u00e1s el\u0151tt ellen\u0151rizt\u00fcnk, ez\u00e9rt ha \u00fagy tal\u00e1lja, hogy n\u00e9h\u00e1ny alkatr\u00e9sz hi\u00e1nyzik vagy s\u00e9r\u00fclt, ne agg\u00f3djon, \u00e9s k\u00e9rj\u00fck, vegye fel vel\u00fcnk a kapcsolatot, \u00e9s azonnal ingyenesen elk\u00fcldj\u00fck \u00d6nnek.<\/p>\n<figure id=\"attachment_11157\" aria-describedby=\"caption-attachment-11157\" style=\"width: 800px\" class=\"wp-caption aligncenter\"><a href=\"https:\/\/mouldking.store\/wp-content\/uploads\/2021\/05\/mouldking-16003-aovatown-angel-square-with-light-with-2960-pieces.jpg\"><img fetchpriority=\"high\" decoding=\"async\" class=\"wp-image-11157 size-full\" title=\"FORM\u00c1Z\u00c1S 16003 Aovatown: Angyal t\u00e9r l\u00e1mp\u00e1val 2960 darabbal\" src=\"https:\/\/mouldking.store\/wp-content\/uploads\/2021\/05\/mouldking-16003-aovatown-angel-square-with-light-with-2960-pieces.jpg\" alt=\"MOULDKING 16003 Aovatown: Angel Square with light with 2960 pieces\" width=\"800\" height=\"800\" srcset=\"https:\/\/mouldking.store\/wp-content\/uploads\/2021\/05\/mouldking-16003-aovatown-angel-square-with-light-with-2960-pieces.jpg 800w, https:\/\/mouldking.store\/wp-content\/uploads\/2021\/05\/mouldking-16003-aovatown-angel-square-with-light-with-2960-pieces-300x300.jpg 300w, https:\/\/mouldking.store\/wp-content\/uploads\/2021\/05\/mouldking-16003-aovatown-angel-square-with-light-with-2960-pieces-768x768.jpg 768w, https:\/\/mouldking.store\/wp-content\/uploads\/2021\/05\/mouldking-16003-aovatown-angel-square-with-light-with-2960-pieces-600x600.jpg 600w, https:\/\/mouldking.store\/wp-content\/uploads\/2021\/05\/mouldking-16003-aovatown-angel-square-with-light-with-2960-pieces-150x150.jpg 150w\" sizes=\"(max-width: 800px) 100vw, 800px\" \/><\/a><figcaption id=\"caption-attachment-11157\" class=\"wp-caption-text\">FORM\u00c1Z\u00c1S 16003 Aovatown: Angyal t\u00e9r l\u00e1mp\u00e1val 2960 darabbal<\/figcaption><\/figure>\n<figure id=\"attachment_11158\" aria-describedby=\"caption-attachment-11158\" style=\"width: 800px\" class=\"wp-caption aligncenter\"><img decoding=\"async\" class=\"size-full wp-image-11158\" title=\"FORM\u00c1Z\u00c1S 16003 Aovatown: Angyal t\u00e9r l\u00e1mp\u00e1val 2960 darabbal\" src=\"http:\/\/mouldking.store\/wp-content\/uploads\/2021\/05\/mouldking-16003-aovatown-angel-square-with-light-with-2960-pieces-1.jpg\" alt=\"MOULDKING 16003 Aovatown: Angel Square with light with 2960 pieces\" width=\"800\" height=\"800\" srcset=\"https:\/\/mouldking.store\/wp-content\/uploads\/2021\/05\/mouldking-16003-aovatown-angel-square-with-light-with-2960-pieces-1.jpg 800w, https:\/\/mouldking.store\/wp-content\/uploads\/2021\/05\/mouldking-16003-aovatown-angel-square-with-light-with-2960-pieces-1-300x300.jpg 300w, https:\/\/mouldking.store\/wp-content\/uploads\/2021\/05\/mouldking-16003-aovatown-angel-square-with-light-with-2960-pieces-1-768x768.jpg 768w, https:\/\/mouldking.store\/wp-content\/uploads\/2021\/05\/mouldking-16003-aovatown-angel-square-with-light-with-2960-pieces-1-600x600.jpg 600w, https:\/\/mouldking.store\/wp-content\/uploads\/2021\/05\/mouldking-16003-aovatown-angel-square-with-light-with-2960-pieces-1-150x150.jpg 150w\" sizes=\"(max-width: 800px) 100vw, 800px\" \/><figcaption id=\"caption-attachment-11158\" class=\"wp-caption-text\">FORM\u00c1Z\u00c1S 16003 Aovatown: Angyal t\u00e9r l\u00e1mp\u00e1val 2960 darabbal<\/figcaption><\/figure>\n<figure id=\"attachment_11159\" aria-describedby=\"caption-attachment-11159\" style=\"width: 800px\" class=\"wp-caption aligncenter\"><img decoding=\"async\" class=\"size-full wp-image-11159\" title=\"FORM\u00c1Z\u00c1S 16003 Aovatown: Angyal t\u00e9r l\u00e1mp\u00e1val 2960 darabbal\" src=\"http:\/\/mouldking.store\/wp-content\/uploads\/2021\/05\/mouldking-16003-aovatown-angel-square-with-light-with-2960-pieces-2.jpg\" alt=\"MOULDKING 16003 Aovatown: Angel Square with light with 2960 pieces\" width=\"800\" height=\"800\" srcset=\"https:\/\/mouldking.store\/wp-content\/uploads\/2021\/05\/mouldking-16003-aovatown-angel-square-with-light-with-2960-pieces-2.jpg 800w, https:\/\/mouldking.store\/wp-content\/uploads\/2021\/05\/mouldking-16003-aovatown-angel-square-with-light-with-2960-pieces-2-300x300.jpg 300w, https:\/\/mouldking.store\/wp-content\/uploads\/2021\/05\/mouldking-16003-aovatown-angel-square-with-light-with-2960-pieces-2-768x768.jpg 768w, https:\/\/mouldking.store\/wp-content\/uploads\/2021\/05\/mouldking-16003-aovatown-angel-square-with-light-with-2960-pieces-2-600x600.jpg 600w, https:\/\/mouldking.store\/wp-content\/uploads\/2021\/05\/mouldking-16003-aovatown-angel-square-with-light-with-2960-pieces-2-150x150.jpg 150w\" sizes=\"(max-width: 800px) 100vw, 800px\" \/><figcaption id=\"caption-attachment-11159\" class=\"wp-caption-text\">FORM\u00c1Z\u00c1S 16003 Aovatown: Angyal t\u00e9r l\u00e1mp\u00e1val 2960 darabbal<\/figcaption><\/figure>\n<figure id=\"attachment_11160\" aria-describedby=\"caption-attachment-11160\" style=\"width: 800px\" class=\"wp-caption aligncenter\"><img loading=\"lazy\" decoding=\"async\" class=\"size-full wp-image-11160\" title=\"FORM\u00c1Z\u00c1S 16003 Aovatown: Angyal t\u00e9r l\u00e1mp\u00e1val 2960 darabbal\" src=\"http:\/\/mouldking.store\/wp-content\/uploads\/2021\/05\/mouldking-16003-aovatown-angel-square-with-light-with-2960-pieces-3.jpg\" alt=\"MOULDKING 16003 Aovatown: Angel Square with light with 2960 pieces\" width=\"800\" height=\"800\" srcset=\"https:\/\/mouldking.store\/wp-content\/uploads\/2021\/05\/mouldking-16003-aovatown-angel-square-with-light-with-2960-pieces-3.jpg 800w, https:\/\/mouldking.store\/wp-content\/uploads\/2021\/05\/mouldking-16003-aovatown-angel-square-with-light-with-2960-pieces-3-300x300.jpg 300w, https:\/\/mouldking.store\/wp-content\/uploads\/2021\/05\/mouldking-16003-aovatown-angel-square-with-light-with-2960-pieces-3-768x768.jpg 768w, https:\/\/mouldking.store\/wp-content\/uploads\/2021\/05\/mouldking-16003-aovatown-angel-square-with-light-with-2960-pieces-3-600x600.jpg 600w, https:\/\/mouldking.store\/wp-content\/uploads\/2021\/05\/mouldking-16003-aovatown-angel-square-with-light-with-2960-pieces-3-150x150.jpg 150w\" sizes=\"(max-width: 800px) 100vw, 800px\" \/><figcaption id=\"caption-attachment-11160\" class=\"wp-caption-text\">FORM\u00c1Z\u00c1S 16003 Aovatown: Angyal t\u00e9r l\u00e1mp\u00e1val 2960 darabbal<\/figcaption><\/figure>","protected":false},"excerpt":{"rendered":"<p>Product information: 1. Model Number: 16003 2. Warning: can not eat 3. Age Range: &gt; 6 years old 4. Certification: 3C 5. Plastic Block Shape: Self-Locking Bricks 6. Material: Plastic 7. Plastic Type: ABS 8. Bricks Blocks: ~2960 PCS 9. Contains detailed assembly instructions Notice: 1. Without original box, but we guarantee our products have [&hellip;]<\/p>","protected":false},"featured_media":11157,"comment_status":"open","ping_status":"closed","template":"","meta":{"_acf_changed":false},"product_cat":[390],"product_tag":[1296,1295,1294,1293],"class_list":["product","first","instock","sale","shipping-taxable","purchasable","product-type-simple"],"acf":[],"_links":{"self":[{"href":"https:\/\/mouldking.store\/hu\/wp-json\/wp\/v2\/product\/11156","targetHints":{"allow":["GET"]}}],"collection":[{"href":"https:\/\/mouldking.store\/hu\/wp-json\/wp\/v2\/product"}],"about":[{"href":"https:\/\/mouldking.store\/hu\/wp-json\/wp\/v2\/types\/product"}],"replies":[{"embeddable":true,"href":"https:\/\/mouldking.store\/hu\/wp-json\/wp\/v2\/comments?post=11156"}],"wp:featuredmedia":[{"embeddable":true,"href":"https:\/\/mouldking.store\/hu\/wp-json\/wp\/v2\/media\/11157"}],"wp:attachment":[{"href":"https:\/\/mouldking.store\/hu\/wp-json\/wp\/v2\/media?parent=11156"}],"wp:term":[{"taxonomy":"product_cat","embeddable":true,"href":"https:\/\/mouldking.store\/hu\/wp-json\/wp\/v2\/product_cat?post=11156"},{"taxonomy":"product_tag","embeddable":true,"href":"https:\/\/mouldking.store\/hu\/wp-json\/wp\/v2\/product_tag?post=11156"}],"curies":[{"name":"wp","href":"https:\/\/api.w.org\/{rel}","templated":true}]}}