{"id":11387,"date":"2021-06-30T04:48:15","date_gmt":"2021-06-30T04:48:15","guid":{"rendered":"https:\/\/mouldking.store\/?post_type=product&#038;p=11387"},"modified":"2025-12-25T09:28:21","modified_gmt":"2025-12-25T02:28:21","slug":"mould-king-17024-moc-74666-d8k-bulldozer-rc-caterpillar-with-1003-pieces","status":"publish","type":"product","link":"https:\/\/mouldking.store\/hu\/shop\/mould-king-17024-moc-74666-d8k-bulldozer-rc-caterpillar-with-1003-pieces\/","title":{"rendered":"MOLD KING 17024 MOC-74666 D8K Bulldozer RC Caterpillar 1003 darabbal"},"content":{"rendered":"<p>Term\u00e9k inform\u00e1ci\u00f3:<\/p>\n<ol>\n<li>T\u00edpus: blokkok<\/li>\n<li>Nem: Uniszex<\/li>\n<li>Figyelmeztet\u00e9s: nem lehet enni<\/li>\n<li>Koroszt\u00e1ly: &gt; 6 \u00e9v<\/li>\n<li>Modellsz\u00e1m: 17024<\/li>\n<li>Besorol\u00e1s: \u00d6sszeszerel\u00e9s<\/li>\n<li>M\u0171anyag blokk forma: \u00f6nz\u00e1r\u00f3 t\u00e9gla<\/li>\n<li>Anyaga: M\u0171anyag<\/li>\n<li>M\u0171anyag t\u00edpus: ABS<\/li>\n<li>T\u00e9gla blokkok: 1003 DB<\/li>\n<li>R\u00e9szletes \u00f6sszeszerel\u00e9si \u00fatmutat\u00f3t tartalmaz.<\/li>\n<\/ol>\n<p>\u00c9rtes\u00edt\u00e9s:<br \/>\n1. Eredeti doboz n\u00e9lk\u00fcl, de garant\u00e1ljuk, hogy term\u00e9keink min\u0151s\u00e9gbiztos\u00edt\u00e1ssal \u00e9s sz\u00e9p csomagol\u00e1ssal rendelkeznek.<br \/>\n2. Mint minden alkatr\u00e9szt, amelyet a sz\u00e1ll\u00edt\u00e1s el\u0151tt ellen\u0151rizt\u00fcnk, ez\u00e9rt ha \u00fagy tal\u00e1lja, hogy n\u00e9h\u00e1ny alkatr\u00e9sz hi\u00e1nyzik vagy s\u00e9r\u00fclt, ne agg\u00f3djon, \u00e9s k\u00e9rj\u00fck, vegye fel vel\u00fcnk a kapcsolatot, \u00e9s azonnal ingyenesen elk\u00fcldj\u00fck \u00d6nnek.<\/p>\n<figure id=\"attachment_11388\" aria-describedby=\"caption-attachment-11388\" style=\"width: 801px\" class=\"wp-caption aligncenter\"><img fetchpriority=\"high\" decoding=\"async\" class=\"size-full wp-image-11388\" title=\"MOLD KING 17024 MOC-74666 D8K Bulldozer RC Caterpillar 1003 darabbal\" src=\"http:\/\/mouldking.store\/wp-content\/uploads\/2021\/06\/mould-king-17024-moc-74666-d8k-bulldozer-rc-caterpillar-with-1003-pieces.jpg\" alt=\"MOULD KING 17024 MOC-74666 D8K Bulldozer RC Caterpillar with 1003 pieces\" width=\"801\" height=\"801\" srcset=\"https:\/\/mouldking.store\/wp-content\/uploads\/2021\/06\/mould-king-17024-moc-74666-d8k-bulldozer-rc-caterpillar-with-1003-pieces.jpg 801w, https:\/\/mouldking.store\/wp-content\/uploads\/2021\/06\/mould-king-17024-moc-74666-d8k-bulldozer-rc-caterpillar-with-1003-pieces-300x300.jpg 300w, https:\/\/mouldking.store\/wp-content\/uploads\/2021\/06\/mould-king-17024-moc-74666-d8k-bulldozer-rc-caterpillar-with-1003-pieces-768x768.jpg 768w, https:\/\/mouldking.store\/wp-content\/uploads\/2021\/06\/mould-king-17024-moc-74666-d8k-bulldozer-rc-caterpillar-with-1003-pieces-600x600.jpg 600w, https:\/\/mouldking.store\/wp-content\/uploads\/2021\/06\/mould-king-17024-moc-74666-d8k-bulldozer-rc-caterpillar-with-1003-pieces-150x150.jpg 150w\" sizes=\"(max-width: 801px) 100vw, 801px\" \/><figcaption id=\"caption-attachment-11388\" class=\"wp-caption-text\">MOLD KING 17024 MOC-74666 D8K Bulldozer RC Caterpillar 1003 darabbal<\/figcaption><\/figure>\n<figure id=\"attachment_11389\" aria-describedby=\"caption-attachment-11389\" style=\"width: 800px\" class=\"wp-caption aligncenter\"><img decoding=\"async\" class=\"size-full wp-image-11389\" title=\"MOLD KING 17024 MOC-74666 D8K Bulldozer RC Caterpillar 1003 darabbal\" src=\"http:\/\/mouldking.store\/wp-content\/uploads\/2021\/06\/mould-king-17024-moc-74666-d8k-bulldozer-rc-caterpillar-with-1003-pieces-1.jpg\" alt=\"MOULD KING 17024 MOC-74666 D8K Bulldozer RC Caterpillar with 1003 pieces\" width=\"800\" height=\"800\" srcset=\"https:\/\/mouldking.store\/wp-content\/uploads\/2021\/06\/mould-king-17024-moc-74666-d8k-bulldozer-rc-caterpillar-with-1003-pieces-1.jpg 800w, https:\/\/mouldking.store\/wp-content\/uploads\/2021\/06\/mould-king-17024-moc-74666-d8k-bulldozer-rc-caterpillar-with-1003-pieces-1-300x300.jpg 300w, https:\/\/mouldking.store\/wp-content\/uploads\/2021\/06\/mould-king-17024-moc-74666-d8k-bulldozer-rc-caterpillar-with-1003-pieces-1-768x768.jpg 768w, https:\/\/mouldking.store\/wp-content\/uploads\/2021\/06\/mould-king-17024-moc-74666-d8k-bulldozer-rc-caterpillar-with-1003-pieces-1-600x600.jpg 600w, https:\/\/mouldking.store\/wp-content\/uploads\/2021\/06\/mould-king-17024-moc-74666-d8k-bulldozer-rc-caterpillar-with-1003-pieces-1-150x150.jpg 150w\" sizes=\"(max-width: 800px) 100vw, 800px\" \/><figcaption id=\"caption-attachment-11389\" class=\"wp-caption-text\">MOLD KING 17024 MOC-74666 D8K Bulldozer RC Caterpillar 1003 darabbal<\/figcaption><\/figure>\n<figure id=\"attachment_11390\" aria-describedby=\"caption-attachment-11390\" style=\"width: 800px\" class=\"wp-caption aligncenter\"><img decoding=\"async\" class=\"size-full wp-image-11390\" title=\"MOLD KING 17024 MOC-74666 D8K Bulldozer RC Caterpillar 1003 darabbal\" src=\"http:\/\/mouldking.store\/wp-content\/uploads\/2021\/06\/mould-king-17024-moc-74666-d8k-bulldozer-rc-caterpillar-with-1003-pieces-2.jpg\" alt=\"MOULD KING 17024 MOC-74666 D8K Bulldozer RC Caterpillar with 1003 pieces\" width=\"800\" height=\"800\" srcset=\"https:\/\/mouldking.store\/wp-content\/uploads\/2021\/06\/mould-king-17024-moc-74666-d8k-bulldozer-rc-caterpillar-with-1003-pieces-2.jpg 800w, https:\/\/mouldking.store\/wp-content\/uploads\/2021\/06\/mould-king-17024-moc-74666-d8k-bulldozer-rc-caterpillar-with-1003-pieces-2-300x300.jpg 300w, https:\/\/mouldking.store\/wp-content\/uploads\/2021\/06\/mould-king-17024-moc-74666-d8k-bulldozer-rc-caterpillar-with-1003-pieces-2-768x768.jpg 768w, https:\/\/mouldking.store\/wp-content\/uploads\/2021\/06\/mould-king-17024-moc-74666-d8k-bulldozer-rc-caterpillar-with-1003-pieces-2-600x600.jpg 600w, https:\/\/mouldking.store\/wp-content\/uploads\/2021\/06\/mould-king-17024-moc-74666-d8k-bulldozer-rc-caterpillar-with-1003-pieces-2-150x150.jpg 150w\" sizes=\"(max-width: 800px) 100vw, 800px\" \/><figcaption id=\"caption-attachment-11390\" class=\"wp-caption-text\">MOLD KING 17024 MOC-74666 D8K Bulldozer RC Caterpillar 1003 darabbal<\/figcaption><\/figure>\n<figure id=\"attachment_11391\" aria-describedby=\"caption-attachment-11391\" style=\"width: 800px\" class=\"wp-caption aligncenter\"><img loading=\"lazy\" decoding=\"async\" class=\"size-full wp-image-11391\" title=\"MOLD KING 17024 MOC-74666 D8K Bulldozer RC Caterpillar 1003 darabbal\" src=\"http:\/\/mouldking.store\/wp-content\/uploads\/2021\/06\/mould-king-17024-moc-74666-d8k-bulldozer-rc-caterpillar-with-1003-pieces-3.jpg\" alt=\"MOULD KING 17024 MOC-74666 D8K Bulldozer RC Caterpillar with 1003 pieces\" width=\"800\" height=\"800\" srcset=\"https:\/\/mouldking.store\/wp-content\/uploads\/2021\/06\/mould-king-17024-moc-74666-d8k-bulldozer-rc-caterpillar-with-1003-pieces-3.jpg 800w, https:\/\/mouldking.store\/wp-content\/uploads\/2021\/06\/mould-king-17024-moc-74666-d8k-bulldozer-rc-caterpillar-with-1003-pieces-3-300x300.jpg 300w, https:\/\/mouldking.store\/wp-content\/uploads\/2021\/06\/mould-king-17024-moc-74666-d8k-bulldozer-rc-caterpillar-with-1003-pieces-3-768x768.jpg 768w, https:\/\/mouldking.store\/wp-content\/uploads\/2021\/06\/mould-king-17024-moc-74666-d8k-bulldozer-rc-caterpillar-with-1003-pieces-3-600x600.jpg 600w, https:\/\/mouldking.store\/wp-content\/uploads\/2021\/06\/mould-king-17024-moc-74666-d8k-bulldozer-rc-caterpillar-with-1003-pieces-3-150x150.jpg 150w\" sizes=\"(max-width: 800px) 100vw, 800px\" \/><figcaption id=\"caption-attachment-11391\" class=\"wp-caption-text\">MOLD KING 17024 MOC-74666 D8K Bulldozer RC Caterpillar 1003 darabbal<\/figcaption><\/figure>\n<figure id=\"attachment_11392\" aria-describedby=\"caption-attachment-11392\" style=\"width: 800px\" class=\"wp-caption aligncenter\"><img loading=\"lazy\" decoding=\"async\" class=\"size-full wp-image-11392\" title=\"MOLD KING 17024 MOC-74666 D8K Bulldozer RC Caterpillar 1003 darabbal\" src=\"http:\/\/mouldking.store\/wp-content\/uploads\/2021\/06\/mould-king-17024-moc-74666-d8k-bulldozer-rc-caterpillar-with-1003-pieces-4.jpg\" alt=\"MOULD KING 17024 MOC-74666 D8K Bulldozer RC Caterpillar with 1003 pieces\" width=\"800\" height=\"800\" srcset=\"https:\/\/mouldking.store\/wp-content\/uploads\/2021\/06\/mould-king-17024-moc-74666-d8k-bulldozer-rc-caterpillar-with-1003-pieces-4.jpg 800w, https:\/\/mouldking.store\/wp-content\/uploads\/2021\/06\/mould-king-17024-moc-74666-d8k-bulldozer-rc-caterpillar-with-1003-pieces-4-300x300.jpg 300w, https:\/\/mouldking.store\/wp-content\/uploads\/2021\/06\/mould-king-17024-moc-74666-d8k-bulldozer-rc-caterpillar-with-1003-pieces-4-768x768.jpg 768w, https:\/\/mouldking.store\/wp-content\/uploads\/2021\/06\/mould-king-17024-moc-74666-d8k-bulldozer-rc-caterpillar-with-1003-pieces-4-600x600.jpg 600w, https:\/\/mouldking.store\/wp-content\/uploads\/2021\/06\/mould-king-17024-moc-74666-d8k-bulldozer-rc-caterpillar-with-1003-pieces-4-150x150.jpg 150w\" sizes=\"(max-width: 800px) 100vw, 800px\" \/><figcaption id=\"caption-attachment-11392\" class=\"wp-caption-text\">MOLD KING 17024 MOC-74666 D8K Bulldozer RC Caterpillar 1003 darabbal<\/figcaption><\/figure>","protected":false},"excerpt":{"rendered":"<p>Product information: Type: Blocks Gender: Unisex Warning: can not eat Age Range: &gt; 6 years old Model Number: 17024 Classification: Assemblage Plastic Block Shape: Self-Locking Bricks Material: Plastic Plastic Type: ABS Bricks Blocks: 1003 PCS Contains detailed assembly instructions. Notice: 1. Without an original box, but we guarantee our products have quality assurance and nice [&hellip;]<\/p>","protected":false},"featured_media":11388,"comment_status":"open","ping_status":"closed","template":"","meta":{"_acf_changed":false},"product_cat":[364],"product_tag":[1344,1343,1342],"class_list":["product","first","instock","sale","shipping-taxable","purchasable","product-type-simple"],"acf":[],"_links":{"self":[{"href":"https:\/\/mouldking.store\/hu\/wp-json\/wp\/v2\/product\/11387","targetHints":{"allow":["GET"]}}],"collection":[{"href":"https:\/\/mouldking.store\/hu\/wp-json\/wp\/v2\/product"}],"about":[{"href":"https:\/\/mouldking.store\/hu\/wp-json\/wp\/v2\/types\/product"}],"replies":[{"embeddable":true,"href":"https:\/\/mouldking.store\/hu\/wp-json\/wp\/v2\/comments?post=11387"}],"wp:featuredmedia":[{"embeddable":true,"href":"https:\/\/mouldking.store\/hu\/wp-json\/wp\/v2\/media\/11388"}],"wp:attachment":[{"href":"https:\/\/mouldking.store\/hu\/wp-json\/wp\/v2\/media?parent=11387"}],"wp:term":[{"taxonomy":"product_cat","embeddable":true,"href":"https:\/\/mouldking.store\/hu\/wp-json\/wp\/v2\/product_cat?post=11387"},{"taxonomy":"product_tag","embeddable":true,"href":"https:\/\/mouldking.store\/hu\/wp-json\/wp\/v2\/product_tag?post=11387"}],"curies":[{"name":"wp","href":"https:\/\/api.w.org\/{rel}","templated":true}]}}