{"id":12877,"date":"2021-09-28T02:45:32","date_gmt":"2021-09-28T02:45:32","guid":{"rendered":"https:\/\/mouldking.store\/product\/xingbao-01013-the-urban-village-modular-building-6368967"},"modified":"2021-12-23T09:54:45","modified_gmt":"2021-12-23T09:54:45","slug":"xingbao-01013-the-urban-village-modular-building","status":"publish","type":"product","link":"https:\/\/mouldking.store\/hu\/shop\/xingbao-01013-the-urban-village-modular-building\/","title":{"rendered":"XINGBAO 01013 A v\u00e1rosi falu modul\u00e1ris \u00e9p\u00fclete"},"content":{"rendered":"<article class=\"article\">\n<h2>Quick Details<\/h2>\n<ul class=\"attr-list\">\n<li><span class=\"attr-name\" title=\"Material\">Material:<\/span><br \/>\n<span class=\"attr-value\" title=\"M\u0171anyag\">M\u0171anyag<\/span><\/li>\n<li><span class=\"attr-name\" title=\"Plastic Type\">Plastic Type:<\/span><br \/>\n<span class=\"attr-value\" title=\"ABS\">ABS<\/span><\/li>\n<li><span class=\"attr-name\" title=\"Type\">Type:<\/span><br \/>\n<span class=\"attr-value\" title=\"Block Set\">Block Set<\/span><\/li>\n<li><span class=\"attr-name\" title=\"Style\">Style:<\/span><br \/>\n<span class=\"attr-value\" title=\"Construction Toy, DIY Toy, Educational Toy\">Construction Toy, DIY Toy, Educational Toy<\/span><\/li>\n<li><span class=\"attr-name\" title=\"Place of Origin\">Place of Origin:<\/span><br \/>\n<span class=\"attr-value\" title=\"Guangdong, China (Mainland)\">Guangdong, China (Mainland)<\/span><\/li>\n<li><span class=\"attr-name\" title=\"Brand Name\">M\u00e1rkan\u00e9v:<\/span><br \/>\n<span class=\"attr-value\" title=\"Xingbao\">Xingbao<\/span><\/li>\n<li><span class=\"attr-name\" title=\"Model Number\">T\u00edpussz\u00e1m:<\/span><br \/>\n<span class=\"attr-value\" title=\"XingBao 01013\">XingBao 01013<\/span><\/li>\n<li><span class=\"attr-name\" title=\"Certificate\">Certificate:<\/span><br \/>\n<span class=\"attr-value\" title=\"EN71\">EN71<\/span><\/li>\n<li><span class=\"attr-name\" title=\"Sz\u00edn\">Color:<\/span><br \/>\n<span class=\"attr-value\" title=\"Picture Shown\">Picture Shown<\/span><\/li>\n<li><span class=\"attr-name\" title=\"Description\">Description:<\/span><br \/>\n<span class=\"attr-value\" title=\"Kid Block Toys\">Kid Block Toys<\/span><\/li>\n<li><span class=\"attr-name\" title=\"Funkci\u00f3\">Function:<\/span><br \/>\n<span class=\"attr-value\" title=\"Formative Education\">Formative Education<\/span><\/li>\n<li><span class=\"attr-name\" title=\"MOQ\">MOQ:<\/span><br \/>\n<span class=\"attr-value\" title=\"1 Piece\">1 Piece<\/span><\/li>\n<li><span class=\"attr-name\" title=\"Packing\">Packing:<\/span><br \/>\n<span class=\"attr-value\" title=\"carbon box\">carbon box<\/span><\/li>\n<li><span class=\"attr-name\" title=\"shipping cost\">shipping cost:<\/span><br \/>\n<span class=\"attr-value\" title=\"included\">included<\/span><\/li>\n<\/ul>\n<\/article>","protected":false},"excerpt":{"rendered":"<p>\u2022 Model Number: XingBao 01013<\/p>","protected":false},"featured_media":12878,"comment_status":"open","ping_status":"closed","template":"","meta":{"_acf_changed":false},"product_cat":[390],"product_tag":[],"class_list":["product","first","instock","shipping-taxable","purchasable","product-type-simple"],"acf":[],"_links":{"self":[{"href":"https:\/\/mouldking.store\/hu\/wp-json\/wp\/v2\/product\/12877","targetHints":{"allow":["GET"]}}],"collection":[{"href":"https:\/\/mouldking.store\/hu\/wp-json\/wp\/v2\/product"}],"about":[{"href":"https:\/\/mouldking.store\/hu\/wp-json\/wp\/v2\/types\/product"}],"replies":[{"embeddable":true,"href":"https:\/\/mouldking.store\/hu\/wp-json\/wp\/v2\/comments?post=12877"}],"wp:featuredmedia":[{"embeddable":true,"href":"https:\/\/mouldking.store\/hu\/wp-json\/wp\/v2\/media\/12878"}],"wp:attachment":[{"href":"https:\/\/mouldking.store\/hu\/wp-json\/wp\/v2\/media?parent=12877"}],"wp:term":[{"taxonomy":"product_cat","embeddable":true,"href":"https:\/\/mouldking.store\/hu\/wp-json\/wp\/v2\/product_cat?post=12877"},{"taxonomy":"product_tag","embeddable":true,"href":"https:\/\/mouldking.store\/hu\/wp-json\/wp\/v2\/product_tag?post=12877"}],"curies":[{"name":"wp","href":"https:\/\/api.w.org\/{rel}","templated":true}]}}