{"id":12889,"date":"2021-09-28T02:45:55","date_gmt":"2021-09-28T02:45:55","guid":{"rendered":"https:\/\/mouldking.store\/product\/qizhile-23025-moc-1389-wing-body-truck-23008-8540683"},"modified":"2025-12-25T09:28:20","modified_gmt":"2025-12-25T02:28:20","slug":"qizhile-23025-moc-1389-wing-body-truck-23008","status":"publish","type":"product","link":"https:\/\/mouldking.store\/hu\/shop\/qizhile-23025-moc-1389-wing-body-truck-23008\/","title":{"rendered":"QIZHILE 23025 MOC 1389 sz\u00e1rnyas karossz\u00e9ria 23008"},"content":{"rendered":"<article class=\"article\">\n<h2>Quick Details<\/h2>\n<ul class=\"attr-list\">\n<li><span class=\"attr-name\" title=\"Material\">Material:<\/span><br \/>\n<span class=\"attr-value\" title=\"M\u0171anyag\">M\u0171anyag<\/span><\/li>\n<li><span class=\"attr-name\" title=\"Plastic Type\">Plastic Type:<\/span><br \/>\n<span class=\"attr-value\" title=\"ABS\">ABS<\/span><\/li>\n<li><span class=\"attr-name\" title=\"Type\">Type:<\/span><br \/>\n<span class=\"attr-value\" title=\"Block Set\">Block Set<\/span><\/li>\n<li><span class=\"attr-name\" title=\"Style\">Style:<\/span><br \/>\n<span class=\"attr-value\" title=\"Construction Toy\">Construction Toy<\/span><\/li>\n<li><span class=\"attr-name\" title=\"Place of Origin\">Place of Origin:<\/span><br \/>\n<span class=\"attr-value\" title=\"Guangdong, China (Mainland)\">Guangdong, China (Mainland)<\/span><\/li>\n<li><span class=\"attr-name\" title=\"Brand Name\">M\u00e1rkan\u00e9v:<\/span><br \/>\n<span class=\"attr-value\" title=\"lepin\">lepin<\/span><\/li>\n<li><span class=\"attr-name\" title=\"Model Number\">T\u00edpussz\u00e1m:<\/span><br \/>\n<span class=\"attr-value\" title=\"20003\">20003<\/span><\/li>\n<\/ul>\n<\/article>","protected":false},"excerpt":{"rendered":"<p>\u2022 Model Number: 23008 \u2022 With 4380 Pcs Highest Quality bricks.<\/p>\n<p>This fantastic 23008 MOC 1389 Wing Body Truck made from LEPINWORLD is a really awesome MOC.<\/p>\n<h4>ITEM SPECIFICATIONS<\/h4>\n<ul>\n<li style=\"list-style-type: none;\">\n<ul>\u2022 An awesome 23008 MOC 1389 Wing Body Truck from Rebrickable<\/ul>\n<\/li>\n<\/ul>\n<ul>\u2022 4380 pieces made from high-quality 100% ABS plastic bricks, safe for children, long time to play, 100% compatible with other brick brand like Le .go<\/ul>\n<ul>\u2022 Easy-to-build with pdf instruction with brick by brick guide and high quality pictures \u2013 sent pdf file via email.<\/ul>\n<ul>\u2022 Full dimensions of the stand can been viewed in the image below.<\/ul>\n<h4>MOC BUILDING INSTRUCTION<\/h4>\n<p>The instructions for all our MOC SET 23008 MOC 1389 Wing Body Truck will be sent after you receive your order via email or Livechat Facebook. Please contact with us for it.<\/p>\n<h4>SHIPPING DATE<\/h4>\n<p>The MOC sets need 10-12 days for prepare and; <span style=\"color: red;\"><strong>will be shipped out within 15 days<\/strong><\/span><\/p>\n<h4>HI\u00c1NYZ\u00d3 R\u00c9SZEK<\/h4>\n<p>All parts are quality checked before shipping, so if you find some missing or damaged parts, don&#8217;t worry.\u00a0 Please contact us and we will send them to you without any fees, or we will offer a small refund for you to buy in another places.<\/p>","protected":false},"featured_media":12890,"comment_status":"open","ping_status":"closed","template":"","meta":{"_acf_changed":false},"product_cat":[15],"product_tag":[],"class_list":["product","first","instock","shipping-taxable","purchasable","product-type-simple"],"acf":[],"_links":{"self":[{"href":"https:\/\/mouldking.store\/hu\/wp-json\/wp\/v2\/product\/12889","targetHints":{"allow":["GET"]}}],"collection":[{"href":"https:\/\/mouldking.store\/hu\/wp-json\/wp\/v2\/product"}],"about":[{"href":"https:\/\/mouldking.store\/hu\/wp-json\/wp\/v2\/types\/product"}],"replies":[{"embeddable":true,"href":"https:\/\/mouldking.store\/hu\/wp-json\/wp\/v2\/comments?post=12889"}],"wp:featuredmedia":[{"embeddable":true,"href":"https:\/\/mouldking.store\/hu\/wp-json\/wp\/v2\/media\/12890"}],"wp:attachment":[{"href":"https:\/\/mouldking.store\/hu\/wp-json\/wp\/v2\/media?parent=12889"}],"wp:term":[{"taxonomy":"product_cat","embeddable":true,"href":"https:\/\/mouldking.store\/hu\/wp-json\/wp\/v2\/product_cat?post=12889"},{"taxonomy":"product_tag","embeddable":true,"href":"https:\/\/mouldking.store\/hu\/wp-json\/wp\/v2\/product_tag?post=12889"}],"curies":[{"name":"wp","href":"https:\/\/api.w.org\/{rel}","templated":true}]}}