{"id":13007,"date":"2021-09-28T02:47:33","date_gmt":"2021-09-28T02:47:33","guid":{"rendered":"https:\/\/mouldking.store\/product\/qizhile-lej901-moc-mercedes-benz-g63-amg-6x6-white-9172336"},"modified":"2025-12-25T09:28:20","modified_gmt":"2025-12-25T02:28:20","slug":"qizhile-lej901-moc-mercedes-benz-g63-amg-6x6-white","status":"publish","type":"product","link":"https:\/\/mouldking.store\/hu\/shop\/qizhile-lej901-moc-mercedes-benz-g63-amg-6x6-white\/","title":{"rendered":"QIZHILE LEJ901 MOC Mercedes Benz G63 AMG 6\u00d76 Feh\u00e9r"},"content":{"rendered":"<h4>Egy fantasztikus t\u00e9glak\u00e9szlet QIZHILE LEJ901 MOC Mercedes Benz G63 AMG 6\u00d76 White a Mercedes Benz G63 AMG 6\u00d76 White alapja<\/h4>\n<p>N\u00e9h\u00e1ny \u00e9vvel ezel\u0151tt a Mercedes-AMG bemutatta a vad G63 6\u00d76-ot \u2013 egy G-oszt\u00e1lyt hat ker\u00e9kkel, h\u00e1rom tengellyel \u00e9s rengeteg terepj\u00e1r\u00f3val. M\u00e1r r\u00e9g\u00f3ta elkeltek a 100 sorozatgy\u00e1rt\u00e1s\u00fa j\u00e1rm\u0171 ut\u00e1n, de egy elad\u00e1sra is sor ker\u00fclt.<\/p>\n<p>Az Egyes\u00fclt \u00c1llamokban az eBay-en jegyzett 2014-es Mercedes-AMG G63 6 \u00d7 6-nak csak egy tulajdonosa volt, \u00e9s 3797 m\u00e9rf\u00f6ldet futott, \u00e9s a c\u00e9g \u00e1ltal k\u00edn\u00e1lt \u00f6sszes opci\u00f3 megtal\u00e1lhat\u00f3 benne. Az arizonai Scottsdale Ferrari, a behem\u00f3tot elad\u00e1sra k\u00edn\u00e1l\u00f3 keresked\u00e9s szerint az eredeti tulajdonos nagyj\u00e1b\u00f3l $531 000-\u00e9rt v\u00e1s\u00e1rolta meg a G63 6\u00d76-ot a Dubai Aut\u00f3szalonon. Gy\u00e9m\u00e1ntfeh\u00e9rre festett, amelyet fekete \u00e9s piros bels\u0151 t\u00e9r ellens\u00falyoz.<\/p>\n<p><img decoding=\"async\" class=\"alignnone size-full wp-image-178559\" src=\"https:\/\/pay.lpwstore.com\/wp-content\/uploads\/2019\/11\/maxresdefault-1.jpg\" alt=\" width=\" height=\"720\" title=\"-\"><\/p>\n<h4>\u2022 +3300 db kiv\u00e1l\u00f3 min\u0151s\u00e9g\u0171 100% ABS m\u0171anyag t\u00e9gl\u00e1b\u00f3l, gyermekek sz\u00e1m\u00e1ra biztons\u00e1gos, hossz\u00fa j\u00e1t\u00e9kid\u0151, 100% kompatibilis m\u00e1s t\u00e9glam\u00e1rk\u00e1kkal<\/h4>\n<p><span style=\"font-size: 14.4px;\">\u2022 K\u00f6nnyen meg\u00e9p\u00edthet\u0151 a QIZHILE LEJ901 MOC Mercedes Benz G63 AMG 6\u00d76 feh\u00e9r k\u00e9zi kezel\u00e9s\u00e9vel <\/span><span style=\"font-size: 14.4px;\">t\u00e9gl\u00e1r\u00f3l t\u00e9gl\u00e1ra \u00fatmutat\u00f3val \u00e9s kiv\u00e1l\u00f3 min\u0151s\u00e9g\u0171 k\u00e9pekkel<\/span><\/p>\n<p><span style=\"font-size: 14.4px;\">\u2022 QIZHILE LEJ901 MOC Mercedes Benz G63 AMG 6\u00d76 feh\u00e9r teljes m\u00e9retei<\/span><\/p>\n<p><img decoding=\"async\" class=\"alignnone size-full wp-image-178557\" src=\"https:\/\/pay.lpwstore.com\/wp-content\/uploads\/2019\/11\/WeChat-Image_20191125171050-Copy-6-scaled.jpg\" alt=\" width=\" height=\"1611\" title=\"-\"><\/p>\n<h4><strong>SZ\u00c1LL\u00cdT\u00c1S \u00c9S VISSZAT\u00c9R\u00c9S<\/strong><\/h4>\n<ul>\n<li>Garanci\u00e1t v\u00e1llalunk a QIZHILE LEJ901 MOC Mercedes Benz G63 AMG 6\u00d76 White-ra: \u2013 Teljes visszat\u00e9r\u00edt\u00e9s, ha nem kapja meg a rendel\u00e9st \u2013 Ingyenesen biztos\u00edtjuk a hi\u00e1nyz\u00f3 darabokat vagy K\u00e9zik\u00f6nyvet \u2013 Az \u00dcgyf\u00e9l nem fizet t\u00f6bbet ad\u00f3- \u00e9s v\u00e1md\u00edjat. (Ha fizetni kell, visszafizetj\u00fck)<\/li>\n<li>A nemzetk\u00f6zi sz\u00e1ll\u00edt\u00e1s meglehet\u0151sen bonyolult, igyeksz\u00fcnk minden probl\u00e9m\u00e1j\u00e1t feldolgozni. Ha azonban rendel\u00e9se probl\u00e9m\u00e1ba \u00fctk\u00f6zik, k\u00e9rj\u00fck, vegye fel vel\u00fcnk a kapcsolatot e-mailben<\/li>\n<li>Rendel\u00e9s t\u00f6rl\u00e9se: Ha le kell mondania a rendel\u00e9st, a lehet\u0151 leghamarabb vegye fel vel\u00fcnk a kapcsolatot a contact@pay.lpwstore.com e-mail c\u00edmen. A megrendel\u00e9st 48 \u00f3r\u00e1ig nem \u00e1ll m\u00f3dunkban le\u00e1ll\u00edtani<\/li>\n<\/ul>\n<h4><strong>HI\u00c1NYZ\u00d3 R\u00c9SZEK<\/strong><\/h4>\n<p>A QIZHILE LEJ901 MOC Mercedes Benz G63 AMG 6\u00d76 White \u00f6sszes alkatr\u00e9sz\u00e9t min\u0151s\u00e9gellen\u0151rzik a sz\u00e1ll\u00edt\u00e1s el\u0151tt, \u00edgy ha hi\u00e1nyz\u00f3 vagy s\u00e9r\u00fclt alkatr\u00e9szt tal\u00e1l, ne agg\u00f3djon. K\u00e9rj\u00fck, vegye fel vel\u00fcnk a kapcsolatot, \u00e9s mi d\u00edjmentesen elk\u00fcldj\u00fck \u00d6nnek, vagy kis visszat\u00e9r\u00edt\u00e9st aj\u00e1nlunk, ha m\u00e1shol v\u00e1s\u00e1rolhat.<\/p>\n<div id=\"gtx-anchor\" style=\"width: 222.111px; height: 16.6667px;\">\u00a0<\/div>\n<div class=\"jfk-bubble gtx-bubble\" role=\"alertdialog\" aria-describedby=\"bubble-8\">\n<div id=\"bubble-8\" class=\"jfk-bubble-content-id\">\n<div id=\"gtx-host\" style=\"min-width: 200px; max-width: 400px;\">\u00a0<\/div>\n<\/div>\n<div class=\"jfk-bubble-closebtn-id jfk-bubble-closebtn\" role=\"button\" aria-label=\"Bez\u00e1r\u00e1s\">\u00a0<\/div>\n<div class=\"jfk-bubble-arrow-id jfk-bubble-arrow jfk-bubble-arrowup\">\n<div class=\"jfk-bubble-arrowimplbefore\">\u00a0<\/div>\n<div class=\"jfk-bubble-arrowimplafter\">\u00a0<\/div>\n<\/div>\n<\/div>","protected":false},"excerpt":{"rendered":"<p>\u2022 3300 darabbal \u2022 Legjobb min\u0151s\u00e9g\u0171 t\u00e9gla (jobb, mint a Lepin)<\/p>\n<p>Ez a fantasztikus QIZHILE LEJ901 MOC Mercedes Benz G63 AMG 6\u00d76 White MADE BY LEPINWORLD egy igaz\u00e1n fantasztikus MOC.<\/p>","protected":false},"featured_media":13008,"comment_status":"open","ping_status":"closed","template":"","meta":{"_acf_changed":false},"product_cat":[15],"product_tag":[],"class_list":["product","first","instock","shipping-taxable","purchasable","product-type-simple"],"acf":[],"_links":{"self":[{"href":"https:\/\/mouldking.store\/hu\/wp-json\/wp\/v2\/product\/13007","targetHints":{"allow":["GET"]}}],"collection":[{"href":"https:\/\/mouldking.store\/hu\/wp-json\/wp\/v2\/product"}],"about":[{"href":"https:\/\/mouldking.store\/hu\/wp-json\/wp\/v2\/types\/product"}],"replies":[{"embeddable":true,"href":"https:\/\/mouldking.store\/hu\/wp-json\/wp\/v2\/comments?post=13007"}],"wp:featuredmedia":[{"embeddable":true,"href":"https:\/\/mouldking.store\/hu\/wp-json\/wp\/v2\/media\/13008"}],"wp:attachment":[{"href":"https:\/\/mouldking.store\/hu\/wp-json\/wp\/v2\/media?parent=13007"}],"wp:term":[{"taxonomy":"product_cat","embeddable":true,"href":"https:\/\/mouldking.store\/hu\/wp-json\/wp\/v2\/product_cat?post=13007"},{"taxonomy":"product_tag","embeddable":true,"href":"https:\/\/mouldking.store\/hu\/wp-json\/wp\/v2\/product_tag?post=13007"}],"curies":[{"name":"wp","href":"https:\/\/api.w.org\/{rel}","templated":true}]}}