{"id":13203,"date":"2021-09-28T02:50:08","date_gmt":"2021-09-27T19:50:08","guid":{"rendered":"https:\/\/mouldking.store\/product\/xingbao-xb-25002-the-chinese-royal-dragon-boat-7978438"},"modified":"2023-04-06T17:12:31","modified_gmt":"2023-04-06T10:12:31","slug":"xingbao-xb-25002-the-chinese-royal-dragon-boat","status":"publish","type":"product","link":"https:\/\/mouldking.store\/hu\/shop\/xingbao-xb-25002-the-chinese-royal-dragon-boat\/","title":{"rendered":"XINGBAO XB 25002 A k\u00ednai kir\u00e1lyi s\u00e1rk\u00e1nyhaj\u00f3"},"content":{"rendered":"<figure id=\"attachment_180123\" aria-describedby=\"caption-attachment-180123\" style=\"width: 800px\" class=\"wp-caption alignnone\"><img fetchpriority=\"high\" decoding=\"async\" class=\"size-full wp-image-180123\" title=\"XINGBAO XB 25002 A k\u00ednai kir\u00e1lyi s\u00e1rk\u00e1nyhaj\u00f3\" src=\"https:\/\/pay.lpwstore.com\/wp-content\/uploads\/2019\/12\/H6f085043a4104891a5001494b3c25c31f.jpg\" alt=\"XINGBAO XB 25002 The Chinese Royal Dragon Boat\" width=\"800\" height=\"800\" \/><figcaption id=\"caption-attachment-180123\" class=\"wp-caption-text\">XINGBAO XB 25002 A k\u00ednai kir\u00e1lyi s\u00e1rk\u00e1nyhaj\u00f3<\/figcaption><\/figure>\n<figure id=\"attachment_180124\" aria-describedby=\"caption-attachment-180124\" style=\"width: 800px\" class=\"wp-caption alignnone\"><img decoding=\"async\" class=\"size-full wp-image-180124\" title=\"XINGBAO XB 25002 A k\u00ednai kir\u00e1lyi s\u00e1rk\u00e1nyhaj\u00f3\" src=\"https:\/\/pay.lpwstore.com\/wp-content\/uploads\/2019\/12\/H46f01abddc7048e39f89f3fc51db63can.jpg\" alt=\"XINGBAO XB 25002 The Chinese Royal Dragon Boat\" width=\"800\" height=\"800\" \/><figcaption id=\"caption-attachment-180124\" class=\"wp-caption-text\">XINGBAO XB 25002 A k\u00ednai kir\u00e1lyi s\u00e1rk\u00e1nyhaj\u00f3<\/figcaption><\/figure>\n<figure id=\"attachment_180125\" aria-describedby=\"caption-attachment-180125\" style=\"width: 800px\" class=\"wp-caption alignnone\"><img decoding=\"async\" class=\"size-full wp-image-180125\" title=\"XINGBAO XB 25002 A k\u00ednai kir\u00e1lyi s\u00e1rk\u00e1nyhaj\u00f3\" src=\"https:\/\/pay.lpwstore.com\/wp-content\/uploads\/2019\/12\/H56f6543c53b04140ac80fb7b77ce6109m.jpg\" alt=\"XINGBAO XB 25002 The Chinese Royal Dragon Boat\" width=\"800\" height=\"800\" \/><figcaption id=\"caption-attachment-180125\" class=\"wp-caption-text\">XINGBAO XB 25002 A k\u00ednai kir\u00e1lyi s\u00e1rk\u00e1nyhaj\u00f3<\/figcaption><\/figure>\n<figure id=\"attachment_180126\" aria-describedby=\"caption-attachment-180126\" style=\"width: 800px\" class=\"wp-caption alignnone\"><img loading=\"lazy\" decoding=\"async\" class=\"size-full wp-image-180126\" title=\"XINGBAO XB 25002 A k\u00ednai kir\u00e1lyi s\u00e1rk\u00e1nyhaj\u00f3\" src=\"https:\/\/pay.lpwstore.com\/wp-content\/uploads\/2019\/12\/H544ffa120f4849e6809c98ebab547521Y.jpg\" alt=\"XINGBAO XB 25002 The Chinese Royal Dragon Boat\" width=\"800\" height=\"800\" \/><figcaption id=\"caption-attachment-180126\" class=\"wp-caption-text\">XINGBAO XB 25002 A k\u00ednai kir\u00e1lyi s\u00e1rk\u00e1nyhaj\u00f3<\/figcaption><\/figure>\n<figure id=\"attachment_180127\" aria-describedby=\"caption-attachment-180127\" style=\"width: 800px\" class=\"wp-caption alignnone\"><img loading=\"lazy\" decoding=\"async\" class=\"size-full wp-image-180127\" title=\"XINGBAO XB 25002 A k\u00ednai kir\u00e1lyi s\u00e1rk\u00e1nyhaj\u00f3\" src=\"https:\/\/pay.lpwstore.com\/wp-content\/uploads\/2019\/12\/Hd7fa7e7db00544858cd8f9aeee960fffW.jpg\" alt=\"XINGBAO XB 25002 The Chinese Royal Dragon Boat\" width=\"800\" height=\"800\" \/><figcaption id=\"caption-attachment-180127\" class=\"wp-caption-text\">XINGBAO XB 25002 A k\u00ednai kir\u00e1lyi s\u00e1rk\u00e1nyhaj\u00f3<\/figcaption><\/figure>\n<figure id=\"attachment_180128\" aria-describedby=\"caption-attachment-180128\" style=\"width: 800px\" class=\"wp-caption alignnone\"><img loading=\"lazy\" decoding=\"async\" class=\"size-full wp-image-180128\" title=\"XINGBAO XB 25002 A k\u00ednai kir\u00e1lyi s\u00e1rk\u00e1nyhaj\u00f3\" src=\"https:\/\/pay.lpwstore.com\/wp-content\/uploads\/2019\/12\/H1eb23df3aa1c4c61a74367d286d5f9ceC.jpg\" alt=\"XINGBAO XB 25002 The Chinese Royal Dragon Boat\" width=\"800\" height=\"800\" \/><figcaption id=\"caption-attachment-180128\" class=\"wp-caption-text\">XINGBAO XB 25002 A k\u00ednai kir\u00e1lyi s\u00e1rk\u00e1nyhaj\u00f3<\/figcaption><\/figure>\n<figure id=\"attachment_180129\" aria-describedby=\"caption-attachment-180129\" style=\"width: 800px\" class=\"wp-caption alignnone\"><img loading=\"lazy\" decoding=\"async\" class=\"size-full wp-image-180129\" title=\"XINGBAO XB 25002 A k\u00ednai kir\u00e1lyi s\u00e1rk\u00e1nyhaj\u00f3\" src=\"https:\/\/pay.lpwstore.com\/wp-content\/uploads\/2019\/12\/H97479f61216e41e08bf4f58e7651901ev.jpg\" alt=\"XINGBAO XB 25002 The Chinese Royal Dragon Boat\" width=\"800\" height=\"1196\" \/><figcaption id=\"caption-attachment-180129\" class=\"wp-caption-text\">XINGBAO XB 25002 A k\u00ednai kir\u00e1lyi s\u00e1rk\u00e1nyhaj\u00f3<\/figcaption><\/figure>\n<figure id=\"attachment_180130\" aria-describedby=\"caption-attachment-180130\" style=\"width: 800px\" class=\"wp-caption alignnone\"><img loading=\"lazy\" decoding=\"async\" class=\"size-full wp-image-180130\" title=\"XINGBAO XB 25002 A k\u00ednai kir\u00e1lyi s\u00e1rk\u00e1nyhaj\u00f3\" src=\"https:\/\/pay.lpwstore.com\/wp-content\/uploads\/2019\/12\/He7724eabf9b44d1ca046f745acc9ca5dH.jpg\" alt=\"XINGBAO XB 25002 The Chinese Royal Dragon Boat\" width=\"800\" height=\"1197\" \/><figcaption id=\"caption-attachment-180130\" class=\"wp-caption-text\">XINGBAO XB 25002 A k\u00ednai kir\u00e1lyi s\u00e1rk\u00e1nyhaj\u00f3<\/figcaption><\/figure>\n<p><strong>3325db XINGBAO 25002 Kreat\u00edv A k\u00ednai kir\u00e1lyi s\u00e1rk\u00e1nyhaj\u00f3 v\u00e1ros \u00e9p\u00edt\u0151kock\u00e1k t\u00e9gl\u00e1k gyerekeknek j\u00e1t\u00e9kok aj\u00e1nd\u00e9kok kompatibilis \u00e9p\u00edt\u00e9szet<\/strong><\/p>\n<p><strong><br \/>Le\u00edr\u00e1sok:<\/strong><br \/>100% vadonat\u00faj ;<br \/>Min\u0151s\u00e9gbiztos\u00edt\u00e1s, mennyis\u00e9gbiztos\u00edt\u00e1s ;<br \/>DIY \u00e9p\u00edt\u0151elem, a legjobb aj\u00e1nd\u00e9k a gyerekeknek;<\/p>\n<p><strong>Jellemz\u0151k:<\/strong><span data-spm-anchor-id=\"a2g0o.detail.1000023.i0.1a8452e9iGA88G\"><br \/>M\u00e1rka\u00a0<\/span><span style=\"color: #16a085\">N\u00e9v:\u00a0<\/span><strong>A k\u00ednai kir\u00e1lyi s\u00e1rk\u00e1nyhaj\u00f3\u00a0<\/strong><span style=\"color: #e67e22\">\u00a0Blokk ;<\/span><br \/>T\u00e9gla blokk : 3325 db ;<br \/>Anyaga: K\u00f6rnyezetbar\u00e1t ABS anyag;<br \/>Csomagol\u00e1s : Eredeti doboz n\u00e9lk\u00fcl , \u00daj m\u0171anyag zacsk\u00f3ban Bubble Safty csomagol\u00e1ssal ;<\/p>\n<p><strong>A csomag tartalmaz :<\/strong><br \/>.J\u00e1t\u00e9k x 1 szett ;<br \/>.User Instruction Book x 1 Set ;<\/p>","protected":false},"excerpt":{"rendered":"<ul>\n<li>M\u00e1rkan\u00e9v: The Chinese Royal Dragon Boat;<\/li>\n<li>T\u00e9gla blokk:\u00a0<strong>3325 <\/strong>db ;<\/li>\n<li>Anyaga: Bar\u00e1ts\u00e1gos ABS anyag;<\/li>\n<\/ul>","protected":false},"author":1,"featured_media":13204,"comment_status":"open","ping_status":"closed","template":"","meta":{"_acf_changed":false},"product_cat":[1365],"product_tag":[],"class_list":["product","first","instock","shipping-taxable","purchasable","product-type-simple"],"acf":[],"_links":{"self":[{"href":"https:\/\/mouldking.store\/hu\/wp-json\/wp\/v2\/product\/13203","targetHints":{"allow":["GET"]}}],"collection":[{"href":"https:\/\/mouldking.store\/hu\/wp-json\/wp\/v2\/product"}],"about":[{"href":"https:\/\/mouldking.store\/hu\/wp-json\/wp\/v2\/types\/product"}],"author":[{"embeddable":true,"href":"https:\/\/mouldking.store\/hu\/wp-json\/wp\/v2\/users\/1"}],"replies":[{"embeddable":true,"href":"https:\/\/mouldking.store\/hu\/wp-json\/wp\/v2\/comments?post=13203"}],"wp:featuredmedia":[{"embeddable":true,"href":"https:\/\/mouldking.store\/hu\/wp-json\/wp\/v2\/media\/13204"}],"wp:attachment":[{"href":"https:\/\/mouldking.store\/hu\/wp-json\/wp\/v2\/media?parent=13203"}],"wp:term":[{"taxonomy":"product_cat","embeddable":true,"href":"https:\/\/mouldking.store\/hu\/wp-json\/wp\/v2\/product_cat?post=13203"},{"taxonomy":"product_tag","embeddable":true,"href":"https:\/\/mouldking.store\/hu\/wp-json\/wp\/v2\/product_tag?post=13203"}],"curies":[{"name":"wp","href":"https:\/\/api.w.org\/{rel}","templated":true}]}}