{"id":13209,"date":"2021-09-28T02:50:18","date_gmt":"2021-09-28T02:50:18","guid":{"rendered":"https:\/\/mouldking.store\/product\/xingbao-xb-21002-road-racing-dream-car-remote-control-1788590"},"modified":"2021-12-23T09:54:41","modified_gmt":"2021-12-23T09:54:41","slug":"xingbao-xb-21002-road-racing-dream-car-remote-control","status":"publish","type":"product","link":"https:\/\/mouldking.store\/hu\/shop\/xingbao-xb-21002-road-racing-dream-car-remote-control\/","title":{"rendered":"XINGBAO XB 21002 Road Racing Dream Car t\u00e1vir\u00e1ny\u00edt\u00f3"},"content":{"rendered":"<p>High Quality Block and Best price &#8211; XINGBAO XB 21002 Road Racing Dream Car Remote Control<\/p>","protected":false},"excerpt":{"rendered":"<p>High Quality Block and Best price &#8211; XINGBAO XB 21002 Road Racing Dream Car Remote Control<\/p>","protected":false},"featured_media":13210,"comment_status":"open","ping_status":"closed","template":"","meta":{"_acf_changed":false},"product_cat":[],"product_tag":[],"class_list":["product","first","instock","shipping-taxable","purchasable","product-type-simple"],"acf":[],"_links":{"self":[{"href":"https:\/\/mouldking.store\/hu\/wp-json\/wp\/v2\/product\/13209","targetHints":{"allow":["GET"]}}],"collection":[{"href":"https:\/\/mouldking.store\/hu\/wp-json\/wp\/v2\/product"}],"about":[{"href":"https:\/\/mouldking.store\/hu\/wp-json\/wp\/v2\/types\/product"}],"replies":[{"embeddable":true,"href":"https:\/\/mouldking.store\/hu\/wp-json\/wp\/v2\/comments?post=13209"}],"wp:featuredmedia":[{"embeddable":true,"href":"https:\/\/mouldking.store\/hu\/wp-json\/wp\/v2\/media\/13210"}],"wp:attachment":[{"href":"https:\/\/mouldking.store\/hu\/wp-json\/wp\/v2\/media?parent=13209"}],"wp:term":[{"taxonomy":"product_cat","embeddable":true,"href":"https:\/\/mouldking.store\/hu\/wp-json\/wp\/v2\/product_cat?post=13209"},{"taxonomy":"product_tag","embeddable":true,"href":"https:\/\/mouldking.store\/hu\/wp-json\/wp\/v2\/product_tag?post=13209"}],"curies":[{"name":"wp","href":"https:\/\/api.w.org\/{rel}","templated":true}]}}