{"id":13285,"date":"2021-09-28T02:51:06","date_gmt":"2021-09-27T19:51:06","guid":{"rendered":"https:\/\/mouldking.store\/product\/zhegao-ql0919-corner-mall-modular-building-3677474"},"modified":"2025-06-19T17:49:23","modified_gmt":"2025-06-19T10:49:23","slug":"zhegao-ql0919-corner-mall-modular-building","status":"publish","type":"product","link":"https:\/\/mouldking.store\/hu\/shop\/zhegao-ql0919-corner-mall-modular-building\/","title":{"rendered":"ZHEGAO QL0919 Corner Mall modul\u00e1ris \u00e9p\u00fclet"},"content":{"rendered":"<div class=\"markdown leading-normal\">A Lab az Advanced Model \u00e9p\u00edt\u0151elem-sorozat r\u00e9sze, a teljes k\u00e9szlet 3474 \u00e9p\u00edt\u0151elem-r\u00e9szecsk\u00e9t tartalmaz. Premier 2019.<\/div>","protected":false},"excerpt":{"rendered":"<ul>\n<li>Tartalmaz: <strong>3474+ db<\/strong><\/li>\n<li>Modellsz\u00e1m: QL 0924<\/li>\n<li>Kiv\u00e1l\u00f3 min\u0151s\u00e9g\u0171 blokk<\/li>\n<\/ul>","protected":false},"featured_media":13286,"comment_status":"open","ping_status":"closed","template":"","meta":{"_acf_changed":false},"product_cat":[390],"product_tag":[],"class_list":["product","first","instock","shipping-taxable","purchasable","product-type-simple"],"acf":[],"_links":{"self":[{"href":"https:\/\/mouldking.store\/hu\/wp-json\/wp\/v2\/product\/13285","targetHints":{"allow":["GET"]}}],"collection":[{"href":"https:\/\/mouldking.store\/hu\/wp-json\/wp\/v2\/product"}],"about":[{"href":"https:\/\/mouldking.store\/hu\/wp-json\/wp\/v2\/types\/product"}],"replies":[{"embeddable":true,"href":"https:\/\/mouldking.store\/hu\/wp-json\/wp\/v2\/comments?post=13285"}],"wp:featuredmedia":[{"embeddable":true,"href":"https:\/\/mouldking.store\/hu\/wp-json\/wp\/v2\/media\/13286"}],"wp:attachment":[{"href":"https:\/\/mouldking.store\/hu\/wp-json\/wp\/v2\/media?parent=13285"}],"wp:term":[{"taxonomy":"product_cat","embeddable":true,"href":"https:\/\/mouldking.store\/hu\/wp-json\/wp\/v2\/product_cat?post=13285"},{"taxonomy":"product_tag","embeddable":true,"href":"https:\/\/mouldking.store\/hu\/wp-json\/wp\/v2\/product_tag?post=13285"}],"curies":[{"name":"wp","href":"https:\/\/api.w.org\/{rel}","templated":true}]}}