{"id":13353,"date":"2021-09-28T02:52:05","date_gmt":"2021-09-28T02:52:05","guid":{"rendered":"https:\/\/mouldking.store\/product\/wange-5225-the-colosseum-of-rome-2811154"},"modified":"2021-12-23T09:54:39","modified_gmt":"2021-12-23T09:54:39","slug":"wange-5225-the-colosseum-of-rome","status":"publish","type":"product","link":"https:\/\/mouldking.store\/hu\/shop\/wange-5225-the-colosseum-of-rome\/","title":{"rendered":"WANGE 5225 A r\u00f3mai Colosseum"},"content":{"rendered":"<div class=\"set_text\">\n<div class=\"set_text\">\n<div class=\"richtext_wrap\">\n<div class=\"richtext\">A R\u00f3mai Colosseum \u00e9p\u00edt\u0151elem-k\u00e9szletek t\u00e9masorozata, a teljes k\u00e9szlet 1758 \u00e9p\u00edt\u0151elem-r\u00e9szecsk\u00e9t tartalmaz. El\u0151sz\u00f6r 2019-ben indult.<\/div>\n<\/div>\n<\/div>\n<\/div>","protected":false},"excerpt":{"rendered":"<ul>\n<li>Tartalmazza <strong>1758+<\/strong> Db k\u00e9zi haszn\u00e1lati \u00fatmutat\u00f3val<\/li>\n<li>Kiv\u00e1l\u00f3 min\u0151s\u00e9g\u0171 blokk<\/li>\n<\/ul>","protected":false},"featured_media":13354,"comment_status":"open","ping_status":"closed","template":"","meta":{"_acf_changed":false},"product_cat":[],"product_tag":[],"class_list":["product","first","instock","shipping-taxable","purchasable","product-type-simple"],"acf":[],"_links":{"self":[{"href":"https:\/\/mouldking.store\/hu\/wp-json\/wp\/v2\/product\/13353","targetHints":{"allow":["GET"]}}],"collection":[{"href":"https:\/\/mouldking.store\/hu\/wp-json\/wp\/v2\/product"}],"about":[{"href":"https:\/\/mouldking.store\/hu\/wp-json\/wp\/v2\/types\/product"}],"replies":[{"embeddable":true,"href":"https:\/\/mouldking.store\/hu\/wp-json\/wp\/v2\/comments?post=13353"}],"wp:featuredmedia":[{"embeddable":true,"href":"https:\/\/mouldking.store\/hu\/wp-json\/wp\/v2\/media\/13354"}],"wp:attachment":[{"href":"https:\/\/mouldking.store\/hu\/wp-json\/wp\/v2\/media?parent=13353"}],"wp:term":[{"taxonomy":"product_cat","embeddable":true,"href":"https:\/\/mouldking.store\/hu\/wp-json\/wp\/v2\/product_cat?post=13353"},{"taxonomy":"product_tag","embeddable":true,"href":"https:\/\/mouldking.store\/hu\/wp-json\/wp\/v2\/product_tag?post=13353"}],"curies":[{"name":"wp","href":"https:\/\/api.w.org\/{rel}","templated":true}]}}