{"id":13357,"date":"2021-09-28T02:52:10","date_gmt":"2021-09-27T19:52:10","guid":{"rendered":"https:\/\/mouldking.store\/product\/wange-6211-brandenburgertor-gate-berlin-germany-9328935"},"modified":"2023-03-14T09:59:18","modified_gmt":"2023-03-14T02:59:18","slug":"wange-6211-brandenburgertor-gate-berlin-germany","status":"publish","type":"product","link":"https:\/\/mouldking.store\/hu\/shop\/wange-6211-brandenburgertor-gate-berlin-germany\/","title":{"rendered":"WANGE 6211 Brandenburgertor Gate, Berlin, N\u00e9metorsz\u00e1g"},"content":{"rendered":"<div class=\"richtext_wrap\">\n<div class=\"richtext\">\n<div class=\"richtext_wrap\">\n<div class=\"richtext\">A berlini Brandenburgertor az \u00e9p\u00edt\u0151elem-k\u00e9szletek fejlett modellsorozat\u00e1ba tartozik, \u00e9s a teljes k\u00e9szlet 1552 \u00e9p\u00edt\u0151elem-r\u00e9szecsk\u00e9t tartalmaz. El\u0151sz\u00f6r 2019-ben indult.<\/div>\n<\/div>\n<\/div>\n<\/div>","protected":false},"excerpt":{"rendered":"<ul>\n<li>Tartalmazza <strong>838+<\/strong> Db k\u00e9zi haszn\u00e1lati \u00fatmutat\u00f3val<\/li>\n<li>Kiv\u00e1l\u00f3 min\u0151s\u00e9g\u0171 blokk<\/li>\n<\/ul>","protected":false},"featured_media":13358,"comment_status":"open","ping_status":"closed","template":"","meta":{"_acf_changed":false},"product_cat":[15],"product_tag":[],"class_list":["product","first","instock","shipping-taxable","purchasable","product-type-simple"],"acf":[],"_links":{"self":[{"href":"https:\/\/mouldking.store\/hu\/wp-json\/wp\/v2\/product\/13357","targetHints":{"allow":["GET"]}}],"collection":[{"href":"https:\/\/mouldking.store\/hu\/wp-json\/wp\/v2\/product"}],"about":[{"href":"https:\/\/mouldking.store\/hu\/wp-json\/wp\/v2\/types\/product"}],"replies":[{"embeddable":true,"href":"https:\/\/mouldking.store\/hu\/wp-json\/wp\/v2\/comments?post=13357"}],"wp:featuredmedia":[{"embeddable":true,"href":"https:\/\/mouldking.store\/hu\/wp-json\/wp\/v2\/media\/13358"}],"wp:attachment":[{"href":"https:\/\/mouldking.store\/hu\/wp-json\/wp\/v2\/media?parent=13357"}],"wp:term":[{"taxonomy":"product_cat","embeddable":true,"href":"https:\/\/mouldking.store\/hu\/wp-json\/wp\/v2\/product_cat?post=13357"},{"taxonomy":"product_tag","embeddable":true,"href":"https:\/\/mouldking.store\/hu\/wp-json\/wp\/v2\/product_tag?post=13357"}],"curies":[{"name":"wp","href":"https:\/\/api.w.org\/{rel}","templated":true}]}}