{"id":13397,"date":"2021-09-28T02:52:50","date_gmt":"2021-09-28T02:52:50","guid":{"rendered":"https:\/\/mouldking.store\/product\/xingbao-06030-uss-missouri-battleship-5677678"},"modified":"2021-12-23T09:54:38","modified_gmt":"2021-12-23T09:54:38","slug":"xingbao-06030-uss-missouri-battleship","status":"publish","type":"product","link":"https:\/\/mouldking.store\/hu\/shop\/xingbao-06030-uss-missouri-battleship\/","title":{"rendered":"XINGBAO 06030 USS Missouri Battleship"},"content":{"rendered":"<div class=\"richtext_wrap\">\n<div class=\"richtext\">The Warship of Missouri belongs to the theme series of building blocks. The whole set contains 2631 building block particles.\u00a0First released in 2018.<\/div>\n<div>\n<div class=\"product-title\" data-spm-anchor-id=\"a2g0o.detail.1000016.i2.78c956b7IVsNEq\"><\/div>\n<\/div>\n<div>\n<figure id=\"attachment_181732\" class=\"wp-caption alignnone\" style=\"width: 790px;\" aria-describedby=\"caption-attachment-181732\"><img fetchpriority=\"high\" decoding=\"async\" class=\"size-full wp-image-181732\" title=\"XINGBAO USS Missouri Battleship\" src=\"https:\/\/pay.lpwstore.com\/wp-content\/uploads\/2020\/01\/xingbao-uss-missouri-battleship.jpg\" alt=\"XINGBAO USS Missouri Battleship\" width=\"790\" height=\"783\" \/><figcaption id=\"caption-attachment-181732\" class=\"wp-caption-text\">XINGBAO USS Missouri Battleship<\/figcaption><\/figure>\n<figure id=\"attachment_181733\" class=\"wp-caption alignnone\" style=\"width: 790px;\" aria-describedby=\"caption-attachment-181733\"><img decoding=\"async\" class=\"size-full wp-image-181733\" title=\"XINGBAO USS Missouri Battleship\" src=\"https:\/\/pay.lpwstore.com\/wp-content\/uploads\/2020\/01\/xingbao-uss-missouri-battleship-1.jpg\" alt=\"XINGBAO USS Missouri Battleship\" width=\"790\" height=\"965\" \/><figcaption id=\"caption-attachment-181733\" class=\"wp-caption-text\">XINGBAO USS Missouri Battleship<\/figcaption><\/figure>\n<figure id=\"attachment_181734\" class=\"wp-caption alignnone\" style=\"width: 790px;\" aria-describedby=\"caption-attachment-181734\"><img decoding=\"async\" class=\"size-full wp-image-181734\" title=\"XINGBAO USS Missouri Battleship\" src=\"https:\/\/pay.lpwstore.com\/wp-content\/uploads\/2020\/01\/xingbao-uss-missouri-battleship-2.jpg\" alt=\"XINGBAO USS Missouri Battleship\" width=\"790\" height=\"1057\" \/><figcaption id=\"caption-attachment-181734\" class=\"wp-caption-text\">XINGBAO USS Missouri Battleship<\/figcaption><\/figure>\n<figure id=\"attachment_181735\" class=\"wp-caption alignnone\" style=\"width: 790px;\" aria-describedby=\"caption-attachment-181735\"><img loading=\"lazy\" decoding=\"async\" class=\"size-full wp-image-181735\" title=\"XINGBAO USS Missouri Battleship\" src=\"https:\/\/pay.lpwstore.com\/wp-content\/uploads\/2020\/01\/xingbao-uss-missouri-battleship-3.jpg\" alt=\"XINGBAO USS Missouri Battleship\" width=\"790\" height=\"873\" \/><figcaption id=\"caption-attachment-181735\" class=\"wp-caption-text\">XINGBAO USS Missouri Battleship<\/figcaption><\/figure>\n<figure id=\"attachment_181736\" class=\"wp-caption alignnone\" style=\"width: 790px;\" aria-describedby=\"caption-attachment-181736\"><img loading=\"lazy\" decoding=\"async\" class=\"size-full wp-image-181736\" title=\"XINGBAO USS Missouri Battleship\" src=\"https:\/\/pay.lpwstore.com\/wp-content\/uploads\/2020\/01\/xingbao-uss-missouri-battleship-4.jpg\" alt=\"XINGBAO USS Missouri Battleship\" width=\"790\" height=\"805\" \/><figcaption id=\"caption-attachment-181736\" class=\"wp-caption-text\">XINGBAO USS Missouri Battleship<\/figcaption><\/figure>\n<figure id=\"attachment_181737\" class=\"wp-caption alignnone\" style=\"width: 790px;\" aria-describedby=\"caption-attachment-181737\"><img loading=\"lazy\" decoding=\"async\" class=\"size-full wp-image-181737\" title=\"XINGBAO USS Missouri Battleship\" src=\"https:\/\/pay.lpwstore.com\/wp-content\/uploads\/2020\/01\/xingbao-uss-missouri-battleship-5.jpg\" alt=\"XINGBAO USS Missouri Battleship\" width=\"790\" height=\"695\" \/><figcaption id=\"caption-attachment-181737\" class=\"wp-caption-text\">XINGBAO USS Missouri Battleship<\/figcaption><\/figure>\n<figure id=\"attachment_181738\" class=\"wp-caption alignnone\" style=\"width: 790px;\" aria-describedby=\"caption-attachment-181738\"><img loading=\"lazy\" decoding=\"async\" class=\"size-full wp-image-181738\" title=\"XINGBAO USS Missouri Battleship\" src=\"https:\/\/pay.lpwstore.com\/wp-content\/uploads\/2020\/01\/xingbao-uss-missouri-battleship-6.jpg\" alt=\"XINGBAO USS Missouri Battleship\" width=\"790\" height=\"640\" \/><figcaption id=\"caption-attachment-181738\" class=\"wp-caption-text\">XINGBAO USS Missouri Battleship<\/figcaption><\/figure>\n<figure id=\"attachment_181739\" class=\"wp-caption alignnone\" style=\"width: 790px;\" aria-describedby=\"caption-attachment-181739\"><img loading=\"lazy\" decoding=\"async\" class=\"size-full wp-image-181739\" title=\"XINGBAO USS Missouri Battleship\" src=\"https:\/\/pay.lpwstore.com\/wp-content\/uploads\/2020\/01\/xingbao-uss-missouri-battleship-7.jpg\" alt=\"XINGBAO USS Missouri Battleship\" width=\"790\" height=\"606\" \/><figcaption id=\"caption-attachment-181739\" class=\"wp-caption-text\">XINGBAO USS Missouri Battleship<\/figcaption><\/figure>\n<figure id=\"attachment_181740\" class=\"wp-caption alignnone\" style=\"width: 790px;\" aria-describedby=\"caption-attachment-181740\"><img loading=\"lazy\" decoding=\"async\" class=\"size-full wp-image-181740\" title=\"XINGBAO USS Missouri Battleship\" src=\"https:\/\/pay.lpwstore.com\/wp-content\/uploads\/2020\/01\/xingbao-uss-missouri-battleship-8.jpg\" alt=\"XINGBAO USS Missouri Battleship\" width=\"790\" height=\"624\" \/><figcaption id=\"caption-attachment-181740\" class=\"wp-caption-text\">XINGBAO USS Missouri Battleship<\/figcaption><\/figure>\n<figure id=\"attachment_181741\" class=\"wp-caption alignnone\" style=\"width: 790px;\" aria-describedby=\"caption-attachment-181741\"><img loading=\"lazy\" decoding=\"async\" class=\"size-full wp-image-181741\" title=\"XINGBAO USS Missouri Battleship\" src=\"https:\/\/pay.lpwstore.com\/wp-content\/uploads\/2020\/01\/xingbao-uss-missouri-battleship-9.jpg\" alt=\"XINGBAO USS Missouri Battleship\" width=\"790\" height=\"507\" \/><figcaption id=\"caption-attachment-181741\" class=\"wp-caption-text\">XINGBAO USS Missouri Battleship<\/figcaption><\/figure>\n<figure id=\"attachment_181742\" class=\"wp-caption alignnone\" style=\"width: 790px;\" aria-describedby=\"caption-attachment-181742\"><img loading=\"lazy\" decoding=\"async\" class=\"size-full wp-image-181742\" title=\"XINGBAO USS Missouri Battleship\" src=\"https:\/\/pay.lpwstore.com\/wp-content\/uploads\/2020\/01\/xingbao-uss-missouri-battleship-10.jpg\" alt=\"XINGBAO USS Missouri Battleship\" width=\"790\" height=\"510\" \/><figcaption id=\"caption-attachment-181742\" class=\"wp-caption-text\">XINGBAO USS Missouri Battleship<\/figcaption><\/figure>\n<figure id=\"attachment_181743\" class=\"wp-caption alignnone\" style=\"width: 790px;\" aria-describedby=\"caption-attachment-181743\"><img loading=\"lazy\" decoding=\"async\" class=\"size-full wp-image-181743\" title=\"XINGBAO USS Missouri Battleship\" src=\"https:\/\/pay.lpwstore.com\/wp-content\/uploads\/2020\/01\/xingbao-uss-missouri-battleship-11.jpg\" alt=\"XINGBAO USS Missouri Battleship\" width=\"790\" height=\"618\" \/><figcaption id=\"caption-attachment-181743\" class=\"wp-caption-text\">XINGBAO USS Missouri Battleship<\/figcaption><\/figure>\n<p>XINGBAO 06030 2631pcs Military Series The Missouri Battleship Set Building Blocks Bricks New Kid Toys Christmas Gifts Ship Model<\/p>\n<\/div>\n<\/div>","protected":false},"excerpt":{"rendered":"<ul>\n<li>Tartalmazza:<strong> 2631+<\/strong> Pcs + Manual Instruction Book<\/li>\n<li>Kiv\u00e1l\u00f3 min\u0151s\u00e9g\u0171 blokk<\/li>\n<\/ul>","protected":false},"featured_media":13398,"comment_status":"open","ping_status":"closed","template":"","meta":{"_acf_changed":false},"product_cat":[],"product_tag":[],"class_list":["product","first","outofstock","sale","shipping-taxable","purchasable","product-type-simple"],"acf":[],"_links":{"self":[{"href":"https:\/\/mouldking.store\/hu\/wp-json\/wp\/v2\/product\/13397","targetHints":{"allow":["GET"]}}],"collection":[{"href":"https:\/\/mouldking.store\/hu\/wp-json\/wp\/v2\/product"}],"about":[{"href":"https:\/\/mouldking.store\/hu\/wp-json\/wp\/v2\/types\/product"}],"replies":[{"embeddable":true,"href":"https:\/\/mouldking.store\/hu\/wp-json\/wp\/v2\/comments?post=13397"}],"wp:featuredmedia":[{"embeddable":true,"href":"https:\/\/mouldking.store\/hu\/wp-json\/wp\/v2\/media\/13398"}],"wp:attachment":[{"href":"https:\/\/mouldking.store\/hu\/wp-json\/wp\/v2\/media?parent=13397"}],"wp:term":[{"taxonomy":"product_cat","embeddable":true,"href":"https:\/\/mouldking.store\/hu\/wp-json\/wp\/v2\/product_cat?post=13397"},{"taxonomy":"product_tag","embeddable":true,"href":"https:\/\/mouldking.store\/hu\/wp-json\/wp\/v2\/product_tag?post=13397"}],"curies":[{"name":"wp","href":"https:\/\/api.w.org\/{rel}","templated":true}]}}