{"id":13544,"date":"2021-09-28T02:54:52","date_gmt":"2021-09-28T02:54:52","guid":{"rendered":"https:\/\/mouldking.store\/product\/cada-c51046-c51047-pirate-ship-carousel-1637585"},"modified":"2021-10-11T03:01:19","modified_gmt":"2021-10-11T03:01:19","slug":"cada-c51046-c51047-pirate-ship-carousel","status":"publish","type":"product","link":"https:\/\/mouldking.store\/hu\/shop\/cada-c51046-c51047-pirate-ship-carousel\/","title":{"rendered":"CADA C51046 C51047 Kal\u00f3zhaj\u00f3 \u00e9s k\u00f6rhinta"},"content":{"rendered":"<div class=\"subtitle\">\n<div class=\"richtext_wrap\">\n<ul>\n<li class=\"richtext\">A Kal\u00f3zhaj\u00f3 a Mechanical Group Series Building Blocks Sethez tartozik, amely tartalmazza <strong>575+ db.<\/strong><\/li>\n<\/ul>\n<\/div>\n<div>\n<div class=\"richtext_wrap\">\n<ul>\n<li class=\"richtext\">A Carousel az \u00e9p\u00edt\u0151kock\u00e1kb\u00f3l \u00e1ll\u00f3 filmes \u00e9s telev\u00edzi\u00f3s j\u00e1t\u00e9ksorozathoz tartozik, a teljes k\u00e9szlet tartalmazza <strong>585+ db<\/strong>.<\/li>\n<\/ul>\n<\/div>\n<\/div>\n<\/div>","protected":false},"excerpt":{"rendered":"<p>The Pirate Ship belongs to the Mechanical Group Series Building Blocks Set, which contains 575+ Pc. Carousel belongs to the movie and television game series of building blocks set, the entire set contains 585+ Pcs.<\/p>","protected":false},"featured_media":13545,"comment_status":"open","ping_status":"closed","template":"","meta":{"_acf_changed":false},"product_cat":[],"product_tag":[],"class_list":["product","first","outofstock","shipping-taxable","purchasable","product-type-variable","has-default-attributes"],"acf":[],"_links":{"self":[{"href":"https:\/\/mouldking.store\/hu\/wp-json\/wp\/v2\/product\/13544","targetHints":{"allow":["GET"]}}],"collection":[{"href":"https:\/\/mouldking.store\/hu\/wp-json\/wp\/v2\/product"}],"about":[{"href":"https:\/\/mouldking.store\/hu\/wp-json\/wp\/v2\/types\/product"}],"replies":[{"embeddable":true,"href":"https:\/\/mouldking.store\/hu\/wp-json\/wp\/v2\/comments?post=13544"}],"wp:featuredmedia":[{"embeddable":true,"href":"https:\/\/mouldking.store\/hu\/wp-json\/wp\/v2\/media\/13545"}],"wp:attachment":[{"href":"https:\/\/mouldking.store\/hu\/wp-json\/wp\/v2\/media?parent=13544"}],"wp:term":[{"taxonomy":"product_cat","embeddable":true,"href":"https:\/\/mouldking.store\/hu\/wp-json\/wp\/v2\/product_cat?post=13544"},{"taxonomy":"product_tag","embeddable":true,"href":"https:\/\/mouldking.store\/hu\/wp-json\/wp\/v2\/product_tag?post=13544"}],"curies":[{"name":"wp","href":"https:\/\/api.w.org\/{rel}","templated":true}]}}