{"id":13573,"date":"2021-09-28T02:55:35","date_gmt":"2021-09-28T02:55:35","guid":{"rendered":"https:\/\/mouldking.store\/product\/xingbao-01006-toys-and-books-store-building-7957159"},"modified":"2021-12-23T09:54:35","modified_gmt":"2021-12-23T09:54:35","slug":"xingbao-01006-toys-and-books-store-building","status":"publish","type":"product","link":"https:\/\/mouldking.store\/hu\/shop\/xingbao-01006-toys-and-books-store-building\/","title":{"rendered":"XINGBAO 01006 Toys And Books Store Building"},"content":{"rendered":"<p><strong>TERM\u00c9K LE\u00cdR\u00c1S<\/strong><\/p>\n<p>XINGBAO 01006 Toys And Books Store Building is based\u00a0 on Toys And Books Store Building. It&#8217;s compatible with all Building Brick sets<\/p>\n<p><img fetchpriority=\"high\" decoding=\"async\" class=\"alignnone size-full wp-image-184342\" src=\"https:\/\/pay.lpwstore.com\/wp-content\/uploads\/2020\/02\/5-15.jpg\" alt=\"-\" width=\"790\" height=\"562\" title=\"-\"><\/p>\n<ul>\n<li>+ 5400\u00a0 pieces made from high-quality 100% ABS plastic bricks, safe for children, long time to play, 100% compatible with other brick brands<\/li>\n<li><span style=\"font-size: 14.4px;\">Easy-to-build with manual instruction of Toys And Books Store Building <\/span><span style=\"font-size: 14.4px; color: #555555;\">t\u00e9gl\u00e1r\u00f3l t\u00e9gl\u00e1ra \u00fatmutat\u00f3val \u00e9s kiv\u00e1l\u00f3 min\u0151s\u00e9g\u0171 k\u00e9pekkel<\/span><\/li>\n<li><span style=\"font-size: 14.4px;\">Full dimensions of Toys And Books Store Building:<\/span> 25cm x 25cm x 37cm<\/li>\n<\/ul>\n<p><img decoding=\"async\" class=\"alignnone size-full wp-image-184350\" src=\"https:\/\/pay.lpwstore.com\/wp-content\/uploads\/2020\/02\/13-1.jpg\" alt=\"-\" width=\"790\" height=\"648\" title=\"-\"><\/p>\n<h4><strong>SZ\u00c1LL\u00cdT\u00c1S \u00c9S VISSZAT\u00c9R\u00c9S<\/strong><\/h4>\n<p>We guarantee for XINGBAO 01006 Toys And Books Store Building<\/p>\n<ul>\n<li>Teljes visszat\u00e9r\u00edt\u00e9s, ha nem kapja meg megrendel\u00e9s\u00e9t<\/li>\n<li>Ingyenes gondoskodni a hi\u00e1nyz\u00f3 darabok vagy k\u00e9zik\u00f6nyv k\u00f6nyv<\/li>\n<li>Az \u00dcgyf\u00e9l nem fizet t\u00f6bb ad\u00f3t \u00e9s v\u00e1md\u00edjat. (Ha fizetni kell, visszafizetj\u00fck)<\/li>\n<li>A nemzetk\u00f6zi sz\u00e1ll\u00edt\u00e1s meglehet\u0151sen bonyolult, igyeksz\u00fcnk minden probl\u00e9m\u00e1j\u00e1t feldolgozni. Ha azonban rendel\u00e9se probl\u00e9m\u00e1ba \u00fctk\u00f6zik, k\u00e9rj\u00fck, vegye fel vel\u00fcnk a kapcsolatot e-mailben<\/li>\n<li><span data-text-color=\"alert\"><strong>Megrendel\u00e9s t\u00f6rl\u00e9se:<\/strong><\/span> Ha le kell mondania a rendel\u00e9st, a lehet\u0151 leghamarabb vegye fel vel\u00fcnk a kapcsolatot a contact@pay.lpwstore.com e-mail c\u00edmen. A megrendel\u00e9st 48 \u00f3r\u00e1ig nem \u00e1ll m\u00f3dunkban le\u00e1ll\u00edtani<\/li>\n<\/ul>\n<h4><strong>HI\u00c1NYZ\u00d3 R\u00c9SZEK<\/strong><\/h4>\n<p>All parts of XINGBAO 01006 Toys And Books Store Building are quality checked before shipping, so if you find some missing or damaged parts, don&#8217;t worry. Please contact us and we will send them to you without any fees, or we will offer a small refund for you to buy in other places.<\/p>\n<p><img decoding=\"async\" class=\"alignnone size-full wp-image-184332\" src=\"https:\/\/pay.lpwstore.com\/wp-content\/uploads\/2020\/02\/XingBao-01006-5491Pcs-Genuine-Creative-MOC-City-Series-The-Toys-and-Bookstore-Set-Children-Building-Blocks-1.jpg\" alt=\"-\" width=\"800\" height=\"800\" title=\"-\"><\/p>\n<p><img loading=\"lazy\" decoding=\"async\" class=\"alignnone size-full wp-image-184333\" src=\"https:\/\/pay.lpwstore.com\/wp-content\/uploads\/2020\/02\/XingBao-01006-5491Pcs-Genuine-Creative-MOC-City-Series-The-Toys-and-Bookstore-Set-Children-Building-Blocks-2.jpg\" alt=\"-\" width=\"800\" height=\"800\" title=\"-\"><\/p>\n<p><img loading=\"lazy\" decoding=\"async\" class=\"alignnone size-full wp-image-184334\" src=\"https:\/\/pay.lpwstore.com\/wp-content\/uploads\/2020\/02\/XingBao-01006-5491Pcs-Genuine-Creative-MOC-City-Series-The-Toys-and-Bookstore-Set-Children-Building-Blocks-3.jpg\" alt=\"-\" width=\"800\" height=\"800\" title=\"-\"><\/p>\n<p><img loading=\"lazy\" decoding=\"async\" class=\"alignnone size-full wp-image-184335\" src=\"https:\/\/pay.lpwstore.com\/wp-content\/uploads\/2020\/02\/XingBao-01006-5491Pcs-Genuine-Creative-MOC-City-Series-The-Toys-and-Bookstore-Set-Children-Building-Blocks-4.jpg\" alt=\"-\" width=\"800\" height=\"800\" title=\"-\"><\/p>\n<p><img loading=\"lazy\" decoding=\"async\" class=\"alignnone size-full wp-image-184339\" src=\"https:\/\/pay.lpwstore.com\/wp-content\/uploads\/2020\/02\/2-14.jpg\" alt=\"-\" width=\"790\" height=\"646\" title=\"-\"><\/p>\n<p><img loading=\"lazy\" decoding=\"async\" class=\"alignnone size-full wp-image-184340\" src=\"https:\/\/pay.lpwstore.com\/wp-content\/uploads\/2020\/02\/3-15.jpg\" alt=\"-\" width=\"790\" height=\"411\" title=\"-\"><\/p>\n<p><img loading=\"lazy\" decoding=\"async\" class=\"alignnone size-full wp-image-184341\" src=\"https:\/\/pay.lpwstore.com\/wp-content\/uploads\/2020\/02\/4-14.jpg\" alt=\"-\" width=\"790\" height=\"564\" title=\"-\"><\/p>\n<p><img loading=\"lazy\" decoding=\"async\" class=\"alignnone size-full wp-image-184344\" src=\"https:\/\/pay.lpwstore.com\/wp-content\/uploads\/2020\/02\/7-5.jpg\" alt=\"-\" width=\"790\" height=\"868\" title=\"-\"><\/p>\n<p><img loading=\"lazy\" decoding=\"async\" class=\"alignnone size-large wp-image-184345\" src=\"https:\/\/pay.lpwstore.com\/wp-content\/uploads\/2020\/02\/8-2-691x1024.jpg\" alt=\"-\" width=\"691\" height=\"1024\" title=\"-\"><\/p>\n<p><img loading=\"lazy\" decoding=\"async\" class=\"alignnone size-full wp-image-184346\" src=\"https:\/\/pay.lpwstore.com\/wp-content\/uploads\/2020\/02\/9-2.jpg\" alt=\"-\" width=\"790\" height=\"931\" title=\"-\"><\/p>\n<p><img loading=\"lazy\" decoding=\"async\" class=\"alignnone size-full wp-image-184347\" src=\"https:\/\/pay.lpwstore.com\/wp-content\/uploads\/2020\/02\/10.jpg\" alt=\"-\" width=\"790\" height=\"970\" title=\"-\"><\/p>\n<p>&nbsp;<\/p>\n<p><img loading=\"lazy\" decoding=\"async\" class=\"alignnone size-full wp-image-184349\" src=\"https:\/\/pay.lpwstore.com\/wp-content\/uploads\/2020\/02\/12-1.jpg\" alt=\"-\" width=\"790\" height=\"866\" title=\"-\"><\/p>","protected":false},"excerpt":{"rendered":"<p><strong>XINGBAO 01006 Toys And Books Store Building<\/strong><\/p>\n<ul>\n<li>T\u00e9gla mennyis\u00e9ge:<strong> 5400+ <\/strong>db<\/li>\n<li>Szolg\u00e1ltat\u00e1s: Ingyenes cserealkatr\u00e9szek<\/li>\n<li>Megjegyz\u00e9s: Nincs eredeti doboz, haszn\u00e1ljon bubor\u00e9kzacsk\u00f3t vagy \u00fcres kartondobozt.<\/li>\n<\/ul>\n<div id=\"gtx-trans\" style=\"position: absolute; left: -3px; top: 33.3906px;\">\n<div class=\"gtx-trans-icon\"><\/div>\n<\/div>","protected":false},"featured_media":13574,"comment_status":"open","ping_status":"closed","template":"","meta":{"_acf_changed":false},"product_cat":[],"product_tag":[],"class_list":["product","first","instock","shipping-taxable","purchasable","product-type-simple"],"acf":[],"_links":{"self":[{"href":"https:\/\/mouldking.store\/hu\/wp-json\/wp\/v2\/product\/13573","targetHints":{"allow":["GET"]}}],"collection":[{"href":"https:\/\/mouldking.store\/hu\/wp-json\/wp\/v2\/product"}],"about":[{"href":"https:\/\/mouldking.store\/hu\/wp-json\/wp\/v2\/types\/product"}],"replies":[{"embeddable":true,"href":"https:\/\/mouldking.store\/hu\/wp-json\/wp\/v2\/comments?post=13573"}],"wp:featuredmedia":[{"embeddable":true,"href":"https:\/\/mouldking.store\/hu\/wp-json\/wp\/v2\/media\/13574"}],"wp:attachment":[{"href":"https:\/\/mouldking.store\/hu\/wp-json\/wp\/v2\/media?parent=13573"}],"wp:term":[{"taxonomy":"product_cat","embeddable":true,"href":"https:\/\/mouldking.store\/hu\/wp-json\/wp\/v2\/product_cat?post=13573"},{"taxonomy":"product_tag","embeddable":true,"href":"https:\/\/mouldking.store\/hu\/wp-json\/wp\/v2\/product_tag?post=13573"}],"curies":[{"name":"wp","href":"https:\/\/api.w.org\/{rel}","templated":true}]}}